{"id":33562,"date":"2008-04-30T19:40:34","date_gmt":"2008-04-30T17:40:34","guid":{"rendered":"http:\/\/www.libraria-occitana.org\/?post_type=product&#038;p=33562\/"},"modified":"2026-04-13T04:51:50","modified_gmt":"2026-04-13T02:51:50","slug":"max-rouquette-retrouver-le-chant-profond-2-dvd","status":"publish","type":"product","link":"https:\/\/www.libraria-occitana.org\/oc\/produch\/max-rouquette-retrouver-le-chant-profond-2-dvd\/","title":{"rendered":"Max Rouquette : Retrouver le chant profond (2 DVD)"},"content":{"rendered":"<p><strong>Deux films<\/strong>, <em>Max Rouquette et son vert paradis<\/em>, de Roland P\u00e9cout et Michel Gayraud, <em>Horizons et Rep\u00e8res<\/em> de Pierre Nicq et Guy Pr\u00e9bois, o\u00f9 Max Rouquette parle de sa vie et de son \u0153uvre dans les lieux o\u00f9 il a v\u00e9cu et qui ont inspir\u00e9 les plus belles pages de <em>Verd parad\u00eds<\/em>.<\/p>\n<p><strong>Un entretien en occitan<\/strong> pour la t\u00e9l\u00e9vision avec Max Rouquette, men\u00e9 par Guy Langlois.<\/p>\n<p><strong>Des extraits de pi\u00e8ces de th\u00e9\u00e2tre<\/strong> film\u00e9es et des photos des mises en sc\u00e8ne de Jean-Louis Martinelli, Florence Thi\u00e9baut, Michel Cordes, Ahmed Madani, Nicolas Heredia.<\/p>\n<p><strong>Des \u00e9clairages d\u2019\u00e9crivains et de critiques<\/strong>, Philippe Gardy, Jean-Claude For\u00eat, Josiane Ubaud, Roland P\u00e9cout pr\u00e9sentent la cr\u00e9ation po\u00e9tique, la production th\u00e9\u00e2trale, la place de la nature, l\u2019inspiration universelle d\u2019une \u00e9criture \u00e9blouissante.<\/p>\n<p><strong>Des lectures<\/strong>, \u00e0 plusieurs voix, en occitan et en fran\u00e7ais pour entrer au plus profond du chant rouquettien, pour faire entendre la musique personnelle d\u2019un grand style, sur des images qui sugg\u00e8rent les \u00ab harmoniques sensuelles \u00bb qui sont, pour Max Rouquette, le moteur de l\u2019\u00e9criture.<\/p>\n<p><strong>Des regards<\/strong> sur les lieux de la vie personnelle, avec plusieurs petits films de reportage sur la maison natale, le bureau de l\u2019\u00e9crivain, le Jardin des Plantes de Montpellier.<\/p>\n<p><strong>Un cadrage litt\u00e9raire et p\u00e9dagogique<\/strong> des grands th\u00e8mes et des motifs crois\u00e9s du DVD dans le livret r\u00e9dig\u00e9 par Claire Torreilles.<\/p>\n<p><strong>Auteurs :<\/strong><br \/>\nJean-Guilhem Rouquette, Georges Souche, Claire Torreilles et Marie-Jeanne Verny.<\/p>\n<p><strong>Compl\u00e9ments en ligne :<\/strong> www.crdp-montpellier.fr\/maxrouquette<\/p>\n<p><strong>Disciplines :<\/strong> fran\u00e7ais &#8211; lettres ; occitan &#8211; langue d\u2019oc<br \/>\n<strong>Niveaux :<\/strong> coll\u00e8ge &#8211; lyc\u00e9e &#8211; universit\u00e9<br \/>\n<strong>Public :<\/strong> enseignants &#8211; \u00e9l\u00e8ves &#8211; tout public<br \/>\n<strong>Motbis :<\/strong> Rouquette, Max : 1908-2005 \/ cr\u00e9ation litt\u00e9raire<\/p>\n<p>Double DVD &#8211; PAL | Dur\u00e9e : 4 h 30 | Livret : 72 p.<\/p>\n","protected":false},"excerpt":{"rendered":"<p>Deux films, Max Rouquette et son vert paradis, de Roland P\u00e9cout et Michel Gayraud, Horizons et Rep\u00e8res de Pierre Nicq et Guy Pr\u00e9bois, o\u00f9 Max Rouquette parle de sa vie et de son \u0153uvre dans les lieux o\u00f9 il a v\u00e9cu et qui ont inspir\u00e9 les plus belles pages de Verd parad\u00eds. Un entretien en [&hellip;]<\/p>\n","protected":false},"featured_media":44769,"template":"","meta":{"_acf_changed":false,"_genesis_hide_title":false,"_genesis_hide_breadcrumbs":false,"_genesis_hide_singular_image":false,"_genesis_hide_footer_widgets":false,"_genesis_custom_body_class":"","_genesis_custom_post_class":"","_genesis_layout":""},"product_brand":[],"product_cat":[7248,7240],"product_tag":[],"class_list":{"0":"post-33562","1":"product","2":"type-product","3":"status-publish","4":"has-post-thumbnail","6":"product_cat-musica-literatura-oc","7":"product_cat-video-oc","8":"pa_auteur-collectiu-oc-2","9":"pa_editeur-crdp-montpellier-fr-oc","10":"pa_langue-francais-oc","11":"pa_langue-occitan-oc","12":"pa_langue-occitan-lengadocian-oc","13":"entry","15":"first","16":"instock","17":"shipping-taxable","18":"purchasable","19":"product-type-simple"},"acf":[],"_links":{"self":[{"href":"https:\/\/www.libraria-occitana.org\/oc\/wp-json\/wp\/v2\/product\/33562","targetHints":{"allow":["GET"]}}],"collection":[{"href":"https:\/\/www.libraria-occitana.org\/oc\/wp-json\/wp\/v2\/product"}],"about":[{"href":"https:\/\/www.libraria-occitana.org\/oc\/wp-json\/wp\/v2\/types\/product"}],"wp:featuredmedia":[{"embeddable":true,"href":"https:\/\/www.libraria-occitana.org\/oc\/wp-json\/wp\/v2\/media\/44769"}],"wp:attachment":[{"href":"https:\/\/www.libraria-occitana.org\/oc\/wp-json\/wp\/v2\/media?parent=33562"}],"wp:term":[{"taxonomy":"product_brand","embeddable":true,"href":"https:\/\/www.libraria-occitana.org\/oc\/wp-json\/wp\/v2\/product_brand?post=33562"},{"taxonomy":"product_cat","embeddable":true,"href":"https:\/\/www.libraria-occitana.org\/oc\/wp-json\/wp\/v2\/product_cat?post=33562"},{"taxonomy":"product_tag","embeddable":true,"href":"https:\/\/www.libraria-occitana.org\/oc\/wp-json\/wp\/v2\/product_tag?post=33562"}],"curies":[{"name":"wp","href":"https:\/\/api.w.org\/{rel}","templated":true}]}}