{"id":33564,"date":"2011-07-01T15:32:15","date_gmt":"2011-07-01T13:32:15","guid":{"rendered":"http:\/\/www.libraria-occitana.org\/?post_type=product&#038;p=33564\/"},"modified":"2026-04-17T03:56:07","modified_gmt":"2026-04-17T01:56:07","slug":"marrons-et-chataignes-renaissance-de-larbre-a-pain","status":"publish","type":"product","link":"https:\/\/www.libraria-occitana.org\/oc\/produch\/marrons-et-chataignes-renaissance-de-larbre-a-pain\/","title":{"rendered":"Marrons et ch\u00e2taignes : Renaissance de l&#8217;arbre \u00e0 pain"},"content":{"rendered":"<ul>\n<li>Rep\u00e8res<br \/>\nHistoire et traditions<br \/>\nLe d\u00e9clin, Des essais de sauvetage<\/li>\n<li>La ch\u00e2taigne dans le monde<br \/>\n12e \u00e9dition de la foire Nationale du Marron<\/li>\n<li>La production en France<br \/>\nLes r\u00e9gions fran\u00e7aises<br \/>\nEn C\u00e9vennes, En P\u00e9rigord-Limousin<br \/>\nEn Hautes-Pyr\u00e9n\u00e9es, En Aveyron<br \/>\nLe monopole de l&#8217;Ard\u00e8che<\/li>\n<li>La castan\u00e9iculture<br \/>\nUn arbre sociable, Le greffage<br \/>\nLe ramassage, Le tri, La conservation<br \/>\nLe pisage et repisage, Le vannage<br \/>\nLa commercialisation<br \/>\nVariations autour de la ch\u00e2taigne<\/li>\n<li>L&#8217;\u00e9conomie de la ch\u00e2taigne<\/li>\n<li>Tradition gastronomique<br \/>\nLes recettes du terroir<\/li>\n<li>Carnet id\u00e9es, pratique<br \/>\nBonnes adresses, Contacts, Glossaire<\/li>\n<\/ul>\n","protected":false},"excerpt":{"rendered":"<p>Rep\u00e8res Histoire et traditions Le d\u00e9clin, Des essais de sauvetage La ch\u00e2taigne dans le monde 12e \u00e9dition de la foire Nationale du Marron La production en France Les r\u00e9gions fran\u00e7aises En C\u00e9vennes, En P\u00e9rigord-Limousin En Hautes-Pyr\u00e9n\u00e9es, En Aveyron Le monopole de l&#8217;Ard\u00e8che La castan\u00e9iculture Un arbre sociable, Le greffage Le ramassage, Le tri, La conservation [&hellip;]<\/p>\n","protected":false},"featured_media":59170,"template":"","meta":{"_acf_changed":false,"_genesis_hide_title":false,"_genesis_hide_breadcrumbs":false,"_genesis_hide_singular_image":false,"_genesis_hide_footer_widgets":false,"_genesis_custom_body_class":"","_genesis_custom_post_class":"","_genesis_layout":""},"product_brand":[],"product_cat":[7133,7213,7239,7207],"product_tag":[],"class_list":{"0":"post-33564","1":"product","2":"type-product","3":"status-publish","4":"has-post-thumbnail","6":"product_cat-libres-oc","7":"product_cat-metiers-saubre-far-oc","8":"product_cat-promos-oc","9":"product_cat-tradicions-patrimoni-oc","10":"pa_auteur-morana-jeanne-oc","11":"pa_editeur-neva-oc","12":"pa_illustrateur-tabernier-jean-claude-oc","13":"pa_langue-francais-oc","14":"entry","16":"first","17":"outofstock","18":"shipping-taxable","19":"purchasable","20":"product-type-simple"},"acf":[],"_links":{"self":[{"href":"https:\/\/www.libraria-occitana.org\/oc\/wp-json\/wp\/v2\/product\/33564","targetHints":{"allow":["GET"]}}],"collection":[{"href":"https:\/\/www.libraria-occitana.org\/oc\/wp-json\/wp\/v2\/product"}],"about":[{"href":"https:\/\/www.libraria-occitana.org\/oc\/wp-json\/wp\/v2\/types\/product"}],"wp:featuredmedia":[{"embeddable":true,"href":"https:\/\/www.libraria-occitana.org\/oc\/wp-json\/wp\/v2\/media\/59170"}],"wp:attachment":[{"href":"https:\/\/www.libraria-occitana.org\/oc\/wp-json\/wp\/v2\/media?parent=33564"}],"wp:term":[{"taxonomy":"product_brand","embeddable":true,"href":"https:\/\/www.libraria-occitana.org\/oc\/wp-json\/wp\/v2\/product_brand?post=33564"},{"taxonomy":"product_cat","embeddable":true,"href":"https:\/\/www.libraria-occitana.org\/oc\/wp-json\/wp\/v2\/product_cat?post=33564"},{"taxonomy":"product_tag","embeddable":true,"href":"https:\/\/www.libraria-occitana.org\/oc\/wp-json\/wp\/v2\/product_tag?post=33564"}],"curies":[{"name":"wp","href":"https:\/\/api.w.org\/{rel}","templated":true}]}}