{"id":33575,"date":"2014-03-28T12:08:18","date_gmt":"2014-03-28T11:08:18","guid":{"rendered":"http:\/\/www.libraria-occitana.org\/?post_type=product&#038;p=33575\/"},"modified":"2024-07-04T00:46:17","modified_gmt":"2024-07-03T22:46:17","slug":"maisons-dhotes-en-limousin-savoir-faire-et-emotions-a-partager","status":"publish","type":"product","link":"https:\/\/www.libraria-occitana.org\/oc\/produch\/maisons-dhotes-en-limousin-savoir-faire-et-emotions-a-partager\/","title":{"rendered":"Maisons d&#8217;h\u00f4tes en Limousin : Savoir-faire et \u00e9motions \u00e0 partager"},"content":{"rendered":"<p>Au-del\u00e0 d&#8217;un simple guide d&#8217;adresses, <em>Maisons d&#8217;h\u00f4tes en Limousin<\/em> se veut une invitation \u00e0 d\u00e9couvrir autrement cette r\u00e9gion douce et secr\u00e8te en partageant nos choix de s\u00e9jours. Derri\u00e8re chaque porte, nous avons d\u00e9couvert des lieux uniques o\u00f9 l&#8217;on cultive le sens de l&#8217;hospitalit\u00e9, l&#8217;art de recevoir et le go\u00fbt des demeures qui ont une \u00e2me.<\/p>\n<p>Tous les h\u00f4tes aiment faire partager leur savoir-faire, leurs passions et les \u00e9motions qui les accompagnent : participer \u00e0 un stage de cuisine, partager la passion des voitures de collection, s&#8217;exercer \u00e0 la patine cir\u00e9e, s&#8217;initier \u00e0 la broderie d&#8217;art ou \u00e0 la peinture lyrique. Savourer l&#8217;instant d&#8217;une soir\u00e9e romantique et musicale, s&#8217;immerger dans une nature pr\u00e9serv\u00e9e, observer les insectes ou les oiseaux dans une des cabanes blotties au c\u0153ur de la for\u00eat. Ce sont l\u00e0 les multiples activit\u00e9s et plaisirs qui s&#8217;offrent \u00e0 vous.<br \/>\nVos h\u00f4tes vous feront d\u00e9couvrir \u00e0 leur table des produits authentiques et locaux, vous proposeront des circuits de visite et vous parleront de leur territoire. En un mot, ils partageront avec vous leur amour du Limousin.<\/p>\n<p>\u00c0 travers plus de 200 images, laissez-vous charmer par ces <em>Maisons d&#8217;h\u00f4tes en Limousin<\/em> s\u00e9lectionn\u00e9es par Marie-Dominique Verniolle et pr\u00e9parez votre prochain s\u00e9jour, la campagne \u00e0 port\u00e9e de main.<\/p>\n","protected":false},"excerpt":{"rendered":"<p>Au-del\u00e0 d&#8217;un simple guide d&#8217;adresses, Maisons d&#8217;h\u00f4tes en Limousin se veut une invitation \u00e0 d\u00e9couvrir autrement cette r\u00e9gion douce et secr\u00e8te en partageant nos choix de s\u00e9jours. Derri\u00e8re chaque porte, nous avons d\u00e9couvert des lieux uniques o\u00f9 l&#8217;on cultive le sens de l&#8217;hospitalit\u00e9, l&#8217;art de recevoir et le go\u00fbt des demeures qui ont une \u00e2me. [&hellip;]<\/p>\n","protected":false},"featured_media":37372,"template":"","meta":{"_acf_changed":false,"_genesis_hide_title":false,"_genesis_hide_breadcrumbs":false,"_genesis_hide_singular_image":false,"_genesis_hide_footer_widgets":false,"_genesis_custom_body_class":"","_genesis_custom_post_class":"","_genesis_layout":""},"product_brand":[],"product_cat":[7199,7133,7197],"product_tag":[],"class_list":{"0":"post-33575","1":"product","2":"type-product","3":"status-publish","4":"has-post-thumbnail","6":"product_cat-guides-torisme-viatge-oc","7":"product_cat-libres-oc","8":"product_cat-natura-torisme-oc","9":"pa_auteur-verniolle-marie-dominique-oc","10":"pa_editeur-les-ardents-editeurs-oc","11":"pa_langue-francais-oc","12":"entry","14":"first","15":"outofstock","16":"shipping-taxable","17":"purchasable","18":"product-type-simple"},"acf":[],"_links":{"self":[{"href":"https:\/\/www.libraria-occitana.org\/oc\/wp-json\/wp\/v2\/product\/33575","targetHints":{"allow":["GET"]}}],"collection":[{"href":"https:\/\/www.libraria-occitana.org\/oc\/wp-json\/wp\/v2\/product"}],"about":[{"href":"https:\/\/www.libraria-occitana.org\/oc\/wp-json\/wp\/v2\/types\/product"}],"wp:featuredmedia":[{"embeddable":true,"href":"https:\/\/www.libraria-occitana.org\/oc\/wp-json\/wp\/v2\/media\/37372"}],"wp:attachment":[{"href":"https:\/\/www.libraria-occitana.org\/oc\/wp-json\/wp\/v2\/media?parent=33575"}],"wp:term":[{"taxonomy":"product_brand","embeddable":true,"href":"https:\/\/www.libraria-occitana.org\/oc\/wp-json\/wp\/v2\/product_brand?post=33575"},{"taxonomy":"product_cat","embeddable":true,"href":"https:\/\/www.libraria-occitana.org\/oc\/wp-json\/wp\/v2\/product_cat?post=33575"},{"taxonomy":"product_tag","embeddable":true,"href":"https:\/\/www.libraria-occitana.org\/oc\/wp-json\/wp\/v2\/product_tag?post=33575"}],"curies":[{"name":"wp","href":"https:\/\/api.w.org\/{rel}","templated":true}]}}