{"id":33584,"date":"2017-06-10T16:38:00","date_gmt":"2017-06-10T14:38:00","guid":{"rendered":"http:\/\/www.libraria-occitana.org\/?post_type=product&#038;p=33584\/"},"modified":"2026-04-29T01:17:03","modified_gmt":"2026-04-28T23:17:03","slug":"magie-sorcellerie-et-guerissage-en-limousin","status":"publish","type":"product","link":"https:\/\/www.libraria-occitana.org\/oc\/produch\/magie-sorcellerie-et-guerissage-en-limousin\/","title":{"rendered":"Magie, sorcellerie et \u00ab gu\u00e9rissage\u00a0\u00bb en Limousin"},"content":{"rendered":"<p>Aussi loin que l&#8217;on remonte dans le temps, magie, sorcellerie et \u00ab gu\u00e9rissage\u00a0\u00bb naissent \u00e0 la crois\u00e9e des chemins. Que nous importent la foi et le cr\u00e9dit qu&#8217;on leur accorde, on ne peut les nier. Ces pratiques, parfois \u00e9tranges, suscitent des comportements souvent \u00e9tonnants, \u00e9veillent un int\u00e9r\u00eat qui n&#8217;a de fronti\u00e8re, ni la lisi\u00e8re entre la ville et les champs, ni les d\u00e9cennies, ni les si\u00e8cles qui s\u00e9parent les g\u00e9n\u00e9rations.<\/p>\n<p>Fort de ce constat, Maurice Robert a voulu mener sur le terrain une enqu\u00eate rigoureuse. \u00ab Je ne suis ni m\u00e9decin, ni gu\u00e9risseur. Je suis ethnologue \u00bb, pr\u00e9cise-t-il en pr\u00e9ambule. Voil\u00e0 qui donne la cl\u00e9 de ce livre dense, nourri d&#8217;informations, orales ou \u00e9crites, recueillies avec patience et rigueur. On y d\u00e9couvre l&#8217;usage du poil de vache pour lutter contre \u00ab l&#8217;enrabage \u00bb et celui de la po\u00eal\u00e9e de gen\u00eats pour calmer le feu du zona. Diable, d\u00e9mons, sorciers, voyantes et loups-garous m\u00e8nent naturellement un grand sabbat. Mais \u00e0 malin, malin et demi&#8230;<\/p>\n<p>Sous le soleil de Satan et au fil des pages de Maurice Robert, on ne s&#8217;ennuie pas. Non seulement on rencontre une singuli\u00e8re galerie de gu\u00e9risseurs, tel le cur\u00e9 de Pageas (Haute-Vienne) ou la jeteuse de sort de Meyssac (Corr\u00e8ze), mais encore des b\u00eates, des plantes, des fontaines aux pouvoirs magiques.<\/p>\n<p>\u00c0 ce jour, aucun ouvrage de cette importance n&#8217;avait \u00e9t\u00e9 r\u00e9alis\u00e9 sur ce sujet en Limousin. Maurice Robert a conjur\u00e9 le mal. Mieux encore, il a pris soin, traquant le secret et le sacr\u00e9, jusque dans l&#8217;ombre des bergeries limousines, de ne jamais juger les faits et les pratiques qu&#8217;il expose, laissant au lecteur une libert\u00e9 absolue : celle, bien entendu, d&#8217;y croire ou de ne pas y croire&#8230;<\/p>\n","protected":false},"excerpt":{"rendered":"<p>Aussi loin que l&#8217;on remonte dans le temps, magie, sorcellerie et \u00ab gu\u00e9rissage\u00a0\u00bb naissent \u00e0 la crois\u00e9e des chemins. Que nous importent la foi et le cr\u00e9dit qu&#8217;on leur accorde, on ne peut les nier. Ces pratiques, parfois \u00e9tranges, suscitent des comportements souvent \u00e9tonnants, \u00e9veillent un int\u00e9r\u00eat qui n&#8217;a de fronti\u00e8re, ni la lisi\u00e8re entre [&hellip;]<\/p>\n","protected":false},"featured_media":36893,"template":"","meta":{"_acf_changed":false,"_genesis_hide_title":false,"_genesis_hide_breadcrumbs":false,"_genesis_hide_singular_image":false,"_genesis_hide_footer_widgets":false,"_genesis_custom_body_class":"","_genesis_custom_post_class":"","_genesis_layout":""},"product_brand":[],"product_cat":[7209,7133,7207],"product_tag":[],"class_list":{"0":"post-33584","1":"product","2":"type-product","3":"status-publish","4":"has-post-thumbnail","6":"product_cat-costumas-rites-e-cresencas-oc","7":"product_cat-libres-oc","8":"product_cat-tradicions-patrimoni-oc","9":"pa_auteur-robert-maurice-oc","10":"pa_editeur-le-puy-fraud-oc","11":"pa_langue-francais-oc","12":"entry","14":"first","15":"outofstock","16":"shipping-taxable","17":"purchasable","18":"product-type-simple"},"acf":[],"_links":{"self":[{"href":"https:\/\/www.libraria-occitana.org\/oc\/wp-json\/wp\/v2\/product\/33584","targetHints":{"allow":["GET"]}}],"collection":[{"href":"https:\/\/www.libraria-occitana.org\/oc\/wp-json\/wp\/v2\/product"}],"about":[{"href":"https:\/\/www.libraria-occitana.org\/oc\/wp-json\/wp\/v2\/types\/product"}],"wp:featuredmedia":[{"embeddable":true,"href":"https:\/\/www.libraria-occitana.org\/oc\/wp-json\/wp\/v2\/media\/36893"}],"wp:attachment":[{"href":"https:\/\/www.libraria-occitana.org\/oc\/wp-json\/wp\/v2\/media?parent=33584"}],"wp:term":[{"taxonomy":"product_brand","embeddable":true,"href":"https:\/\/www.libraria-occitana.org\/oc\/wp-json\/wp\/v2\/product_brand?post=33584"},{"taxonomy":"product_cat","embeddable":true,"href":"https:\/\/www.libraria-occitana.org\/oc\/wp-json\/wp\/v2\/product_cat?post=33584"},{"taxonomy":"product_tag","embeddable":true,"href":"https:\/\/www.libraria-occitana.org\/oc\/wp-json\/wp\/v2\/product_tag?post=33584"}],"curies":[{"name":"wp","href":"https:\/\/api.w.org\/{rel}","templated":true}]}}