{"id":33597,"date":"1998-04-17T10:53:34","date_gmt":"1998-04-17T08:53:34","guid":{"rendered":"http:\/\/www.libraria-occitana.org\/?post_type=product&#038;p=33597\/"},"modified":"2026-04-29T06:51:37","modified_gmt":"2026-04-29T04:51:37","slug":"memoires-de-leonard-ancien-garcon-macon","status":"publish","type":"product","link":"https:\/\/www.libraria-occitana.org\/oc\/produch\/memoires-de-leonard-ancien-garcon-macon\/","title":{"rendered":"M\u00e9moires de L\u00e9onard ancien gar\u00e7on ma\u00e7on"},"content":{"rendered":"<p>N\u00e9 en novembre 1815 dans la Creuse profonde, parti \u00e0 pied, le 26 mars 1830, pour Paris afin d&#8217;y travailler comme aide-ma\u00e7on, Martin Nadaud adh\u00e8re quatre ans plus tard \u00e0 la Soci\u00e9te des droits de l&#8217;homme, fr\u00e9quente les \u00e9coles gratuites, enseigne la lecture et l&#8217;arithm\u00e9tique \u00e0 ses camarades, devient compagnon, puis ma\u00eetre compagnon. \u00c0 la veille de la R\u00e9volution de 1848, il conduit les travaux de la mairie du Panth\u00e9on.<\/p>\n<p>\u00c9lu d\u00e9put\u00e9 de la Creuse en 1849, Martin Nadaud est arr\u00eat\u00e9 et emprisonn\u00e9 au matin du 2 d\u00e9cembre 1851. Exil\u00e9 \u00e0 Bruxelles, puis en Angleterre, il rentre en France en 1870 et accepte alors d&#8217;\u00eatre nomm\u00e9 pr\u00e9fet de la Creuse par Gambetta. \u00c9lu conseiller municipal de Paris en 1871, puis d\u00e9put\u00e9 de l&#8217;arrondissement de Bourganeuf en 1876, il se retire sur sa terre natale apr\u00e8s sa d\u00e9faite aux \u00e9lections l\u00e9gislatives de 1889.<\/p>\n<p>T\u00e9moin de la rude existence des paysans creusois sous la Restauration, partageant la dure vie des ma\u00e7ons migrants sous la Monarchie de Juillet, exil\u00e9 sous le Second Empire avant d&#8217;\u00eatre combl\u00e9 d&#8217;honneurs sous la Troisi\u00e8me R\u00e9publique, ami de Blanqui, Delescluze et Louis Blanc, Martin Nadaud incarne tout un pan de l&#8217;histoire politique et sociale du XIX\u00e8me si\u00e8cle.<\/p>\n<p>Ces <em>M\u00e9moires de L\u00e9onard<\/em>, un hommage de pi\u00e9t\u00e9 filiale destin\u00e9 \u00e0 ses petits-enfants et publi\u00e9 trois ans avant sa mort, t\u00e9moignent d&#8217;une vie probe et sinc\u00e8re pass\u00e9e, aux c\u00f4t\u00e9s des r\u00e9publicains et des francs-ma\u00e7ons, \u00e0 \u00e9veiller la conscience politique populaire. Ce beau document humain, \u00e9crit par celui qui pronon\u00e7a dans son discours du 7 mai 1850 la phrase c\u00e9l\u00e8bre \u00ab \u00c0 Paris, lorsque le b\u00e2timent va, tout va \u00bb, est un classique de la litt\u00e9rature ouvri\u00e8re.<\/p>\n","protected":false},"excerpt":{"rendered":"<p>N\u00e9 en novembre 1815 dans la Creuse profonde, parti \u00e0 pied, le 26 mars 1830, pour Paris afin d&#8217;y travailler comme aide-ma\u00e7on, Martin Nadaud adh\u00e8re quatre ans plus tard \u00e0 la Soci\u00e9te des droits de l&#8217;homme, fr\u00e9quente les \u00e9coles gratuites, enseigne la lecture et l&#8217;arithm\u00e9tique \u00e0 ses camarades, devient compagnon, puis ma\u00eetre compagnon. \u00c0 la [&hellip;]<\/p>\n","protected":false},"featured_media":45198,"template":"","meta":{"_acf_changed":false,"_genesis_hide_title":false,"_genesis_hide_breadcrumbs":false,"_genesis_hide_singular_image":false,"_genesis_hide_footer_widgets":false,"_genesis_custom_body_class":"","_genesis_custom_post_class":"","_genesis_layout":""},"product_brand":[],"product_cat":[7159,7149,7133,7175,7187],"product_tag":[],"class_list":{"0":"post-33597","1":"product","2":"type-product","3":"status-publish","4":"has-post-thumbnail","6":"product_cat-istoria-moderna-e-contemporala-oc","7":"product_cat-istoria-geografia-oc","8":"product_cat-libres-oc","9":"product_cat-literatura-oc","10":"product_cat-temonhatges-memoris-oc","11":"pa_auteur-nadaud-martin-oc","12":"pa_editeur-le-puy-fraud-oc","13":"pa_illustrateur-agulhon-maurice-oc","14":"pa_langue-francais-oc","15":"entry","17":"first","18":"outofstock","19":"shipping-taxable","20":"purchasable","21":"product-type-simple"},"acf":[],"_links":{"self":[{"href":"https:\/\/www.libraria-occitana.org\/oc\/wp-json\/wp\/v2\/product\/33597","targetHints":{"allow":["GET"]}}],"collection":[{"href":"https:\/\/www.libraria-occitana.org\/oc\/wp-json\/wp\/v2\/product"}],"about":[{"href":"https:\/\/www.libraria-occitana.org\/oc\/wp-json\/wp\/v2\/types\/product"}],"wp:featuredmedia":[{"embeddable":true,"href":"https:\/\/www.libraria-occitana.org\/oc\/wp-json\/wp\/v2\/media\/45198"}],"wp:attachment":[{"href":"https:\/\/www.libraria-occitana.org\/oc\/wp-json\/wp\/v2\/media?parent=33597"}],"wp:term":[{"taxonomy":"product_brand","embeddable":true,"href":"https:\/\/www.libraria-occitana.org\/oc\/wp-json\/wp\/v2\/product_brand?post=33597"},{"taxonomy":"product_cat","embeddable":true,"href":"https:\/\/www.libraria-occitana.org\/oc\/wp-json\/wp\/v2\/product_cat?post=33597"},{"taxonomy":"product_tag","embeddable":true,"href":"https:\/\/www.libraria-occitana.org\/oc\/wp-json\/wp\/v2\/product_tag?post=33597"}],"curies":[{"name":"wp","href":"https:\/\/api.w.org\/{rel}","templated":true}]}}