{"id":33644,"date":"2008-10-28T12:46:48","date_gmt":"2008-10-28T11:46:48","guid":{"rendered":"http:\/\/www.libraria-occitana.org\/?post_type=product&#038;p=33644\/"},"modified":"2026-04-29T00:51:39","modified_gmt":"2026-04-28T22:51:39","slug":"limousin-14-18","status":"publish","type":"product","link":"https:\/\/www.libraria-occitana.org\/oc\/produch\/limousin-14-18\/","title":{"rendered":"Limousin 14-18"},"content":{"rendered":"<p>Un livre-bilan : Comment une r\u00e9gion profond\u00e9ment rurale, le Limousin, a-t-elle v\u00e9cu, \u00e0 l&#8217;arri\u00e8re, les 1561 jours de conflit de la Grande Guerre ?<\/p>\n<p>\u00c0 travers quarante notices pr\u00e9sent\u00e9es sous la forme pratique et originale d&#8217;un ab\u00e9c\u00e9daire, les auteurs se sont efforc\u00e9s de r\u00e9pondre \u00e0 cette question.<\/p>\n<p>Des t\u00e9moignages rares, des images in\u00e9dites et des th\u00e8mes d\u2019\u00e9tude renouvel\u00e9s : <em>Am\u00e9ricains en Limousin<\/em>, <em>Artistes dans la guerre<\/em>, <em>Carnet B<\/em>, <em>\u00ab Espionnite \u00bb<\/em>, <em>Manufacture d&#8217;armes de Tulle<\/em>, <em>Mutinerie des troupes russes \u00e0 La Courtine<\/em> en passant par <em>La porcelaine de Limoges et la Grande Guerre<\/em>, permettent de red\u00e9couvrir, au fil des pages et \u00e0 travers plus de 220 illustrations, ce qu&#8217;a \u00e9t\u00e9 la vie des Corr\u00e9ziens, des Creusois et des Hauts-Viennois durant la trag\u00e9die de 14-18.<\/p>\n","protected":false},"excerpt":{"rendered":"<p>Un livre-bilan : Comment une r\u00e9gion profond\u00e9ment rurale, le Limousin, a-t-elle v\u00e9cu, \u00e0 l&#8217;arri\u00e8re, les 1561 jours de conflit de la Grande Guerre ? \u00c0 travers quarante notices pr\u00e9sent\u00e9es sous la forme pratique et originale d&#8217;un ab\u00e9c\u00e9daire, les auteurs se sont efforc\u00e9s de r\u00e9pondre \u00e0 cette question. Des t\u00e9moignages rares, des images in\u00e9dites et des [&hellip;]<\/p>\n","protected":false},"featured_media":37390,"template":"","meta":{"_acf_changed":false,"_genesis_hide_title":false,"_genesis_hide_breadcrumbs":false,"_genesis_hide_singular_image":false,"_genesis_hide_footer_widgets":false,"_genesis_custom_body_class":"","_genesis_custom_post_class":"","_genesis_layout":""},"product_brand":[],"product_cat":[7159,7149,7133],"product_tag":[],"class_list":{"0":"post-33644","1":"product","2":"type-product","3":"status-publish","4":"has-post-thumbnail","6":"product_cat-istoria-moderna-e-contemporala-oc","7":"product_cat-istoria-geografia-oc","8":"product_cat-libres-oc","9":"pa_auteur-capot-stephane-oc","10":"pa_auteur-valade-jean-michel-oc","11":"pa_editeur-les-ardents-editeurs-oc","12":"pa_langue-francais-oc","13":"entry","15":"first","16":"instock","17":"shipping-taxable","18":"purchasable","19":"product-type-simple"},"acf":[],"_links":{"self":[{"href":"https:\/\/www.libraria-occitana.org\/oc\/wp-json\/wp\/v2\/product\/33644","targetHints":{"allow":["GET"]}}],"collection":[{"href":"https:\/\/www.libraria-occitana.org\/oc\/wp-json\/wp\/v2\/product"}],"about":[{"href":"https:\/\/www.libraria-occitana.org\/oc\/wp-json\/wp\/v2\/types\/product"}],"wp:featuredmedia":[{"embeddable":true,"href":"https:\/\/www.libraria-occitana.org\/oc\/wp-json\/wp\/v2\/media\/37390"}],"wp:attachment":[{"href":"https:\/\/www.libraria-occitana.org\/oc\/wp-json\/wp\/v2\/media?parent=33644"}],"wp:term":[{"taxonomy":"product_brand","embeddable":true,"href":"https:\/\/www.libraria-occitana.org\/oc\/wp-json\/wp\/v2\/product_brand?post=33644"},{"taxonomy":"product_cat","embeddable":true,"href":"https:\/\/www.libraria-occitana.org\/oc\/wp-json\/wp\/v2\/product_cat?post=33644"},{"taxonomy":"product_tag","embeddable":true,"href":"https:\/\/www.libraria-occitana.org\/oc\/wp-json\/wp\/v2\/product_tag?post=33644"}],"curies":[{"name":"wp","href":"https:\/\/api.w.org\/{rel}","templated":true}]}}