{"id":33652,"date":"2013-03-28T12:37:17","date_gmt":"2013-03-28T11:37:17","guid":{"rendered":"http:\/\/www.libraria-occitana.org\/?post_type=product&#038;p=33652\/"},"modified":"2026-04-29T00:52:04","modified_gmt":"2026-04-28T22:52:04","slug":"lettres-sur-le-limousin","status":"publish","type":"product","link":"https:\/\/www.libraria-occitana.org\/oc\/produch\/lettres-sur-le-limousin\/","title":{"rendered":"Lettres sur le Limousin"},"content":{"rendered":"<p>Un r\u00e9cit de voyage d&#8217;inspiration romantique : la teneur de ces soixante-quatre lettres, adress\u00e9es en 1856 par un auteur anonyme \u00e0 son m\u00e9decin parisien, \u00e9tonne \u00e0 plus d&#8217;un titre.<\/p>\n<p>Conviant le lecteur \u00e0 cheminer \u00e0 travers les beaut\u00e9s naturelles et patrimoniales du Limousin, l&#8217;auteur brosse le portrait d&#8217;une r\u00e9gion attachante qui m\u00e9rite d&#8217;\u00eatre red\u00e9couverte. En adoptant le regard du peintre, mais aussi celui de l&#8217;historien, de l&#8217;ethnologue, voire du g\u00e9ologue, il amorce une r\u00e9flexion int\u00e9ressante sur ce qui fait l&#8217;identit\u00e9 d&#8217;une r\u00e9gion, tout en se livrant \u00e0 un compte pr\u00e9cis de ses richesses, ancr\u00e9 dans l&#8217;essor de la science statistique.<\/p>\n<p>Ces <em>Lettres<\/em> constituent un t\u00e9moignage essentiel sur l&#8217;ensemble des communes de la Haute-Vienne : Limoges, Eymoutiers, Saint-L\u00e9onard-de-Noblat, Rochechouart, Saint-Germain-les-Belles, Bellac, Saint-Yrieix, Ch\u00e2lus, Saint-Junien&#8230; et bien d&#8217;autres revivent d\u00e8s lors sous nos yeux !<\/p>\n<p>Les <em>Lettres sur le Limousin<\/em> ont paru dans les colonnes du journal le <em>Vingt D\u00e9cembre<\/em> entre 1857 et 1859.<\/p>\n<p>Les <em>Lettres<\/em>, un classique de la litt\u00e9rature fran\u00e7aise de voyage&#8230; un classique du Limousin.<\/p>\n<p><em>Lecture<\/em>&#8230; par G\u00e9rard Gonfroy, Universit\u00e9 de Limoges.<\/p>\n<p>Pour la premi\u00e8re \u00e9dition des <em>Lettres sur le Limousin<\/em> en d\u00e9cembre 2007, Les Ardents \u00c9diteurs n&#8217;avaient pu qu&#8217;\u00e9mettre des hypoth\u00e8ses sur l&#8217;identit\u00e9 de l&#8217;auteur, rest\u00e9 anonyme, de cette \u0153uvre in\u00e9dite. De nouvelles recherches et le fruit du hasard nous autorisent \u00e0 reconna\u00eetre, en Henri Alexandre Flour de Saint-Genis (1800-1869), l&#8217;auteur de ce texte rare sur l&#8217;histoire du Limousin.<\/p>\n","protected":false},"excerpt":{"rendered":"<p>Un r\u00e9cit de voyage d&#8217;inspiration romantique : la teneur de ces soixante-quatre lettres, adress\u00e9es en 1856 par un auteur anonyme \u00e0 son m\u00e9decin parisien, \u00e9tonne \u00e0 plus d&#8217;un titre. Conviant le lecteur \u00e0 cheminer \u00e0 travers les beaut\u00e9s naturelles et patrimoniales du Limousin, l&#8217;auteur brosse le portrait d&#8217;une r\u00e9gion attachante qui m\u00e9rite d&#8217;\u00eatre red\u00e9couverte. En [&hellip;]<\/p>\n","protected":false},"featured_media":37384,"template":"","meta":{"_acf_changed":false,"_genesis_hide_title":false,"_genesis_hide_breadcrumbs":false,"_genesis_hide_singular_image":false,"_genesis_hide_footer_widgets":false,"_genesis_custom_body_class":"","_genesis_custom_post_class":"","_genesis_layout":""},"product_brand":[],"product_cat":[7199,7133,7197],"product_tag":[],"class_list":{"0":"post-33652","1":"product","2":"type-product","3":"status-publish","4":"has-post-thumbnail","6":"product_cat-guides-torisme-viatge-oc","7":"product_cat-libres-oc","8":"product_cat-natura-torisme-oc","9":"pa_auteur-flour-de-saint-genis-henri-alexandre-oc","10":"pa_editeur-les-ardents-editeurs-oc","11":"pa_langue-francais-oc","12":"entry","14":"first","15":"instock","16":"shipping-taxable","17":"purchasable","18":"product-type-simple"},"acf":[],"_links":{"self":[{"href":"https:\/\/www.libraria-occitana.org\/oc\/wp-json\/wp\/v2\/product\/33652","targetHints":{"allow":["GET"]}}],"collection":[{"href":"https:\/\/www.libraria-occitana.org\/oc\/wp-json\/wp\/v2\/product"}],"about":[{"href":"https:\/\/www.libraria-occitana.org\/oc\/wp-json\/wp\/v2\/types\/product"}],"wp:featuredmedia":[{"embeddable":true,"href":"https:\/\/www.libraria-occitana.org\/oc\/wp-json\/wp\/v2\/media\/37384"}],"wp:attachment":[{"href":"https:\/\/www.libraria-occitana.org\/oc\/wp-json\/wp\/v2\/media?parent=33652"}],"wp:term":[{"taxonomy":"product_brand","embeddable":true,"href":"https:\/\/www.libraria-occitana.org\/oc\/wp-json\/wp\/v2\/product_brand?post=33652"},{"taxonomy":"product_cat","embeddable":true,"href":"https:\/\/www.libraria-occitana.org\/oc\/wp-json\/wp\/v2\/product_cat?post=33652"},{"taxonomy":"product_tag","embeddable":true,"href":"https:\/\/www.libraria-occitana.org\/oc\/wp-json\/wp\/v2\/product_tag?post=33652"}],"curies":[{"name":"wp","href":"https:\/\/api.w.org\/{rel}","templated":true}]}}