{"id":33667,"date":"2013-04-06T12:08:46","date_gmt":"2013-04-06T10:08:46","guid":{"rendered":"http:\/\/www.libraria-occitana.org\/?post_type=product&#038;p=33667\/"},"modified":"2026-04-25T20:51:52","modified_gmt":"2026-04-25T18:51:52","slug":"les-memoires-de-martin-cayla-premier-editeur-de-musiques-auvergnates-a-paris-libre-cd","status":"publish","type":"product","link":"https:\/\/www.libraria-occitana.org\/oc\/produch\/les-memoires-de-martin-cayla-premier-editeur-de-musiques-auvergnates-a-paris-libre-cd\/","title":{"rendered":"Les m\u00e9moires de Martin Cayla : Premier \u00e9diteur de musiques auvergnates \u00e0 Paris (libre + CD)"},"content":{"rendered":"<p>Martin Cayla fut le pionnier de la musique traditionnelle du Massif central. Il fit partie de la grande vague des immigrants auvergnats \u00e0 Paris \u00e0 la fin du XIXe si\u00e8cle. Dou\u00e9 pour la musique et ayant le sens des affaires, il exer\u00e7a de nombreux m\u00e9tiers avant de devenir, dans les ann\u00e9es trente, un c\u00e9l\u00e8bre \u00e9diteur de musique qui \u00ab r\u00e9gna \u00bb sur toute la colonie auvergnate de la capitale. La marque de disques \u00ab Le Soleil \u00bb, qu&#8217;il avait cr\u00e9\u00e9e dans les ann\u00e9es vingt contribua \u00e0 faire conna\u00eetre les musiques traditionnelles du Massif central et de nombreux artistes et musiciens de cette r\u00e9gion.<\/p>\n<p>Martin Cayla r\u00e9digea ses m\u00e9moires sur des cahiers d&#8217;\u00e9colier en 1948. Vingt ans apr\u00e8s, sa veuve les confia \u00e0 Roland Manoury pour \u00eatre publi\u00e9s entre 1968 et 1972 dans le magazine Paris-Centre-Auvergne. Abondamment illustr\u00e9 de photographies d&#8217;\u00e9poque provenant des archives de Martin Cayla, ce r\u00e9cit retrace la vie tr\u00e8s active de la communaut\u00e9 auvergnate de la capitale dans la premi\u00e8re moiti\u00e9 du XXe si\u00e8cle. Le texte a \u00e9t\u00e9 \u00e9crit souvent de mani\u00e8re fort pittoresque par son auteur et ce fut un gros travail pour Roland Manoury de l&#8217;adapter. Collaborateur du journal \u00ab L&#8217;Auvergnat de Paris \u00bb d\u00e8s 1958, et sp\u00e9cialiste de l&#8217;accord\u00e9on, il pense que <em>Les m\u00e9moires de Martin Cayla<\/em> permettront de faire red\u00e9couvrir la personne attachante de celui qui fut la figure la plus embl\u00e9matique des Auvergnats du Paris d&#8217;entre les deux guerres.<\/p>\n<p>Dans cet ouvrage, le lecteur trouvera aussi plusieurs annexes \u00e0 mettre en regard du r\u00e9cit de Martin Cayla. Les biographies et discographies de Georges Cantournet et Marcel Bernard permettront de poursuivre ce voyage familial \u00e0 travers les musiques du Massif central ; les documents relatifs aux \u00e9ditions \u00ab Le Soleil \u00bb d&#8217;appr\u00e9hender plus pr\u00e9cis\u00e9ment l&#8217;\u00e9norme travail discographique accompli (liste des titres enregistr\u00e9s sur disques \u00e0 aiguille et \u00e0 saphir, liste des titres par genre, liste des interpr\u00e8tes).<\/p>\n","protected":false},"excerpt":{"rendered":"<p>Martin Cayla fut le pionnier de la musique traditionnelle du Massif central. Il fit partie de la grande vague des immigrants auvergnats \u00e0 Paris \u00e0 la fin du XIXe si\u00e8cle. Dou\u00e9 pour la musique et ayant le sens des affaires, il exer\u00e7a de nombreux m\u00e9tiers avant de devenir, dans les ann\u00e9es trente, un c\u00e9l\u00e8bre \u00e9diteur [&hellip;]<\/p>\n","protected":false},"featured_media":50813,"template":"","meta":{"_acf_changed":false,"_genesis_hide_title":false,"_genesis_hide_breadcrumbs":false,"_genesis_hide_singular_image":false,"_genesis_hide_footer_widgets":false,"_genesis_custom_body_class":"","_genesis_custom_post_class":"","_genesis_layout":""},"product_brand":[],"product_cat":[7195,7133,7191],"product_tag":[],"class_list":{"0":"post-33667","1":"product","2":"type-product","3":"status-publish","4":"has-post-thumbnail","6":"product_cat-estudis-oc","7":"product_cat-libres-oc","8":"product_cat-musica-danca-oc","9":"pa_auteur-cayla-martin-oc","10":"pa_editeur-lharmattan-oc","11":"pa_langue-francais-oc","12":"entry","14":"first","15":"instock","16":"shipping-taxable","17":"purchasable","18":"product-type-simple"},"acf":[],"_links":{"self":[{"href":"https:\/\/www.libraria-occitana.org\/oc\/wp-json\/wp\/v2\/product\/33667","targetHints":{"allow":["GET"]}}],"collection":[{"href":"https:\/\/www.libraria-occitana.org\/oc\/wp-json\/wp\/v2\/product"}],"about":[{"href":"https:\/\/www.libraria-occitana.org\/oc\/wp-json\/wp\/v2\/types\/product"}],"wp:featuredmedia":[{"embeddable":true,"href":"https:\/\/www.libraria-occitana.org\/oc\/wp-json\/wp\/v2\/media\/50813"}],"wp:attachment":[{"href":"https:\/\/www.libraria-occitana.org\/oc\/wp-json\/wp\/v2\/media?parent=33667"}],"wp:term":[{"taxonomy":"product_brand","embeddable":true,"href":"https:\/\/www.libraria-occitana.org\/oc\/wp-json\/wp\/v2\/product_brand?post=33667"},{"taxonomy":"product_cat","embeddable":true,"href":"https:\/\/www.libraria-occitana.org\/oc\/wp-json\/wp\/v2\/product_cat?post=33667"},{"taxonomy":"product_tag","embeddable":true,"href":"https:\/\/www.libraria-occitana.org\/oc\/wp-json\/wp\/v2\/product_tag?post=33667"}],"curies":[{"name":"wp","href":"https:\/\/api.w.org\/{rel}","templated":true}]}}