{"id":33670,"date":"2012-05-13T11:54:14","date_gmt":"2012-05-13T09:54:14","guid":{"rendered":"http:\/\/www.libraria-occitana.org\/?post_type=product&#038;p=33670\/"},"modified":"2026-04-29T00:51:45","modified_gmt":"2026-04-28T22:51:45","slug":"les-pierres-jaumatres-en-creuse-murmures-de-granit","status":"publish","type":"product","link":"https:\/\/www.libraria-occitana.org\/oc\/produch\/les-pierres-jaumatres-en-creuse-murmures-de-granit\/","title":{"rendered":"Les Pierres Jaum\u00e2tres en Creuse : Murmures de granit"},"content":{"rendered":"<p>Site remarquable et class\u00e9, en Limousin, au nord-est de la Creuse, le mont Barlot est le cadre spectaculaire de l\u2019accumulation d\u2019une quarantaine de blocs de granit. Les Pierres Jaum\u00e2tres se dressent depuis la nuit des temps et sont \u00e0 l\u2019origine d\u2019un nombre impressionnant de l\u00e9gendes, de superstitions et de myst\u00e8res.<\/p>\n<p>George Sand, Fr\u00e9d\u00e9ric Chopin et de nombreux promeneurs du XIX<sup class=\"typo_exposants\">e<\/sup> si\u00e8cle ont \u00e9t\u00e9 s\u00e9duits par les Pierres Jaum\u00e2tres qui fascinent encore le visiteur, artiste ou simple amateur, en qu\u00eate d\u2019\u00e9motions devant ces beaut\u00e9s naturelles.<\/p>\n","protected":false},"excerpt":{"rendered":"<p>Site remarquable et class\u00e9, en Limousin, au nord-est de la Creuse, le mont Barlot est le cadre spectaculaire de l\u2019accumulation d\u2019une quarantaine de blocs de granit. Les Pierres Jaum\u00e2tres se dressent depuis la nuit des temps et sont \u00e0 l\u2019origine d\u2019un nombre impressionnant de l\u00e9gendes, de superstitions et de myst\u00e8res. George Sand, Fr\u00e9d\u00e9ric Chopin et [&hellip;]<\/p>\n","protected":false},"featured_media":37918,"template":"","meta":{"_acf_changed":false,"_genesis_hide_title":false,"_genesis_hide_breadcrumbs":false,"_genesis_hide_singular_image":false,"_genesis_hide_footer_widgets":false,"_genesis_custom_body_class":"","_genesis_custom_post_class":"","_genesis_layout":""},"product_brand":[],"product_cat":[7199,7133,7197],"product_tag":[],"class_list":{"0":"post-33670","1":"product","2":"type-product","3":"status-publish","4":"has-post-thumbnail","6":"product_cat-guides-torisme-viatge-oc","7":"product_cat-libres-oc","8":"product_cat-natura-torisme-oc","9":"pa_auteur-perrot-anthony-fr-oc","10":"pa_editeur-les-ardents-editeurs-oc","11":"pa_langue-francais-oc","12":"entry","14":"first","15":"outofstock","16":"shipping-taxable","17":"purchasable","18":"product-type-simple"},"acf":[],"_links":{"self":[{"href":"https:\/\/www.libraria-occitana.org\/oc\/wp-json\/wp\/v2\/product\/33670","targetHints":{"allow":["GET"]}}],"collection":[{"href":"https:\/\/www.libraria-occitana.org\/oc\/wp-json\/wp\/v2\/product"}],"about":[{"href":"https:\/\/www.libraria-occitana.org\/oc\/wp-json\/wp\/v2\/types\/product"}],"wp:featuredmedia":[{"embeddable":true,"href":"https:\/\/www.libraria-occitana.org\/oc\/wp-json\/wp\/v2\/media\/37918"}],"wp:attachment":[{"href":"https:\/\/www.libraria-occitana.org\/oc\/wp-json\/wp\/v2\/media?parent=33670"}],"wp:term":[{"taxonomy":"product_brand","embeddable":true,"href":"https:\/\/www.libraria-occitana.org\/oc\/wp-json\/wp\/v2\/product_brand?post=33670"},{"taxonomy":"product_cat","embeddable":true,"href":"https:\/\/www.libraria-occitana.org\/oc\/wp-json\/wp\/v2\/product_cat?post=33670"},{"taxonomy":"product_tag","embeddable":true,"href":"https:\/\/www.libraria-occitana.org\/oc\/wp-json\/wp\/v2\/product_tag?post=33670"}],"curies":[{"name":"wp","href":"https:\/\/api.w.org\/{rel}","templated":true}]}}