{"id":33680,"date":"2009-01-14T12:59:53","date_gmt":"2009-01-14T11:59:53","guid":{"rendered":"http:\/\/www.libraria-occitana.org\/?post_type=product&#038;p=33680\/"},"modified":"2026-04-29T06:56:32","modified_gmt":"2026-04-29T04:56:32","slug":"les-danseurs-de-bourree-de-treillet","status":"publish","type":"product","link":"https:\/\/www.libraria-occitana.org\/oc\/produch\/les-danseurs-de-bourree-de-treillet\/","title":{"rendered":"Les danseurs de bourr\u00e9e de Treillet"},"content":{"rendered":"<p>Robert Pouget et Andr\u00e9 Dupuy habitent le village de Treillet, commune de Beaumont, nich\u00e9 au pied des Mon\u00e9di\u00e8res.<br \/>\nUn petit pr\u00e9 s\u00e9pare leurs deux maisons mais la danse les a toujours r\u00e9unis.<br \/>\nLa danse, c\u2019est la bourr\u00e9e pratiqu\u00e9e par l\u2019un et par l\u2019autre, chacun avec son g\u00e9nie propre :<br \/>\nL\u2019un, Robert, vient de St-Salvadour o\u00f9 l\u2019on dansait la \u00ab ronde \u00bb.<br \/>\nL\u2019autre, Andr\u00e9, n\u00e9 \u00e0 Beaumont, danse la \u00ab carrada \u00bb depuis tout petit.<br \/>\nLes personnages se retrouvent tout entiers dans cette fa\u00e7on d\u2019\u00eatre\u2026<br \/>\nNous les avons rencontr\u00e9s, voici pr\u00e8s de vingt ans, pour enregistrer leurs mani\u00e8res si personnelles d\u2019aborder la danse, l\u2019originalit\u00e9, la tonicit\u00e9 et l\u2019humeur avec laquelle la bourr\u00e9e les mobilisaient alors.<br \/>\nL\u2019un des r\u00e9alisateurs, Charly Beyer, d\u00e9c\u00e9d\u00e9 entre temps, a mis en sommeil la r\u00e9alisation de ce document qui voit le jour aujourd\u2019hui.<br \/>\nLa bourr\u00e9e, danse universelle des pays du Massif Central, a accompagn\u00e9 jusqu\u2019aujourd\u2019hui l\u2019identit\u00e9 originale de chacun d\u2019entre eux. Le Centre R\u00e9gional des Musiques traditionnelles publie l\u00e0 un des premiers documents du territoire limousin sur cette pratique si souvent \u00e9voqu\u00e9e mais relativement confidentielle aujourd\u2019hui.<\/p>\n<p style=\"text-align: right;\">Olivier Durif, Directeur du CRMTL<\/p>\n<p><strong>Contenu du DVD :<\/strong><\/p>\n<ul>\n<li>Film de 30 minutes \u00ab Les danseurs de bourr\u00e9e de Treillet \u00bb<\/li>\n<li>Bonus :<br \/>\n\u2022 \u00ab \u00c0 propos du film \u00bb (4 pages)<br \/>\n\u2022 \u00ab Dans l\u2019\u00e9table de Robert et Lucette Pouget \u00bb (2\u201948)<br \/>\n\u2022 \u00ab La batteuse chez Dupuy \u00e0 Treillet en 1954 \u00bb (1\u201950)<br \/>\n\u2022 \u00ab Bal d\u2019automne \u00e0 Beaumont en 1988 \u00bb (5\u201913)<\/li>\n<\/ul>\n","protected":false},"excerpt":{"rendered":"<p>Robert Pouget et Andr\u00e9 Dupuy habitent le village de Treillet, commune de Beaumont, nich\u00e9 au pied des Mon\u00e9di\u00e8res. Un petit pr\u00e9 s\u00e9pare leurs deux maisons mais la danse les a toujours r\u00e9unis. La danse, c\u2019est la bourr\u00e9e pratiqu\u00e9e par l\u2019un et par l\u2019autre, chacun avec son g\u00e9nie propre : L\u2019un, Robert, vient de St-Salvadour o\u00f9 [&hellip;]<\/p>\n","protected":false},"featured_media":52954,"template":"","meta":{"_acf_changed":false,"_genesis_hide_title":false,"_genesis_hide_breadcrumbs":false,"_genesis_hide_singular_image":false,"_genesis_hide_footer_widgets":false,"_genesis_custom_body_class":"","_genesis_custom_post_class":"","_genesis_layout":""},"product_brand":[],"product_cat":[7242,7240],"product_tag":[],"class_list":{"0":"post-33680","1":"product","2":"type-product","3":"status-publish","4":"has-post-thumbnail","6":"product_cat-documentari-oc","7":"product_cat-video-oc","8":"pa_auteur-crmtl-oc","9":"pa_editeur-crmtl-fr-oc","10":"pa_langue-francais-oc","11":"entry","13":"first","14":"instock","15":"shipping-taxable","16":"purchasable","17":"product-type-simple"},"acf":[],"_links":{"self":[{"href":"https:\/\/www.libraria-occitana.org\/oc\/wp-json\/wp\/v2\/product\/33680","targetHints":{"allow":["GET"]}}],"collection":[{"href":"https:\/\/www.libraria-occitana.org\/oc\/wp-json\/wp\/v2\/product"}],"about":[{"href":"https:\/\/www.libraria-occitana.org\/oc\/wp-json\/wp\/v2\/types\/product"}],"wp:featuredmedia":[{"embeddable":true,"href":"https:\/\/www.libraria-occitana.org\/oc\/wp-json\/wp\/v2\/media\/52954"}],"wp:attachment":[{"href":"https:\/\/www.libraria-occitana.org\/oc\/wp-json\/wp\/v2\/media?parent=33680"}],"wp:term":[{"taxonomy":"product_brand","embeddable":true,"href":"https:\/\/www.libraria-occitana.org\/oc\/wp-json\/wp\/v2\/product_brand?post=33680"},{"taxonomy":"product_cat","embeddable":true,"href":"https:\/\/www.libraria-occitana.org\/oc\/wp-json\/wp\/v2\/product_cat?post=33680"},{"taxonomy":"product_tag","embeddable":true,"href":"https:\/\/www.libraria-occitana.org\/oc\/wp-json\/wp\/v2\/product_tag?post=33680"}],"curies":[{"name":"wp","href":"https:\/\/api.w.org\/{rel}","templated":true}]}}