{"id":33745,"date":"2012-03-15T14:22:42","date_gmt":"2012-03-15T13:22:42","guid":{"rendered":"http:\/\/www.libraria-occitana.org\/?post_type=product&#038;p=33745\/"},"modified":"2026-04-18T06:37:05","modified_gmt":"2026-04-18T04:37:05","slug":"leis-illas-infinidas-les-iles-infinies","status":"publish","type":"product","link":"https:\/\/www.libraria-occitana.org\/oc\/produch\/leis-illas-infinidas-les-iles-infinies\/","title":{"rendered":"Leis illas infinidas &#8211; Les \u00eeles infinies"},"content":{"rendered":"<div id=\"global\">\n<div id=\"content2col\">\n<div id=\"main\">\n<div id=\"maincol\">\n<div id=\"mc2\">\n<div id=\"fichelivre\">\n<p>Tota illa es una desirada. Tota illa es somiada, tot s\u00f2mi es insular. Las illas infinidas de Silvan Chabaud (infinidas en nombren en meravilhas, en alunhament ?) son aitant de po\u00e8mas del desir. Desirs multiples, que lo mai immediat es lo de l&#8217;instant que cal agantar a la volada, a tot p\u00e8rdre, coma arrambam una illa :\u00a0<i>\u00ab Estre aqu\u00ed, \/ estre au monde, ara, now, at the moment. \/ Causa tan complicadaper leis \u00f2mes de mon segle. \u00bb<\/i>\u00a0L&#8217;aic\u00ed e ara es l&#8217;illa mai inaccessibla. Sa quista vira a l&#8217;\u00e0nsia :\u00a0<i>\u00ab Passam n\u00f2stra vida \/ a assajar de la viure \/ e perd\u00e8m de temps \/ a nos perdre \/ dins lo temps&#8230; \u00bb<\/i>Tal po\u00e8ma recapta amb su\u00e8nh la data de la banhada dins un riu, moment requist d&#8217;un delegar ur\u00f3s dins aquel temps cobejat, e lo recu\u00e8lh se claus sus un cab\u00fas dins la mar e lo mond. Lo desir es tanben talent de natura e d&#8217;elements : arbres (lo non esperat irangier dels Osages de l&#8217;arboretum de Granolhet, un agast (<i>\u00ab roge \/ dins lo blanc pivelant \/ dau cauquier agrunat \u00bb<\/i>), paisatges (lo Mont Augal, las g\u00f2rgas de Vis) e, de segur, illas realas, a comen\u00e7ar per l&#8217;illa singulara, Seta,\u00a0<i>\u00ab illa varada, \/ garriga negada, \/ pantais de falibusta \u00bb<\/i>, mas tanben illas M\u00e8das de Catalonha o illas Monges de Corsega. Autre obj\u00e8cte d&#8217;enclausiment pel po\u00e8ta, los sits pre\u00efstorics, illas de p\u00e8ira espelissent del passat mai lu\u00e8nh e marcant la fusion perfi\u00e8cha de l&#8217;\u00f2me dins la natura, dolm\u00e8n de las Lavanhas, menhir de Casarils, p\u00e8ira escricha del Verdon Naut.<\/p>\n<p>Lo po\u00e8ta capita a seguir la pulsacion de la pensada e de l&#8217;emocion. A causit la simplicitat : de po\u00e8mas br\u00e8us, un lexic simple e transparent, una lisibilitat immediata, pas cap de postura teatrala ni d&#8217;impostura poetica. Espel\u00eds un univ\u00e8rs de natura e d&#8217;umanitat, linde e fervor\u00f3s, cremat d&#8217;un amor de la vida que s&#8217;exprim\u00eds sens lirisme parlufi\u00e8r, amb la justa mesura d&#8217;estramb\u00f2rd.<\/p>\n<p>La lenga, la lenga occitana, es l&#8217;obj\u00e8cte m\u00e0ger del desir, desir de lenga qu&#8217;arremausa totes les autres, coma recampa los tres po\u00e8tas convidats dins lo recu\u00e8lh, Omar Khayyam, Belaud de la Belaudi\u00e8ra, lo po\u00e8ta proven\u00e7al del s\u00e8gle XVI, e Jack Kerouac, tres ca\u00e7aires de mots e d&#8217;instants. Per reprene un dels t\u00edtols del recu\u00e8lh, los po\u00e8mas de Silvan Chabaud son aitant d&#8217;Esporadas escampilhadas dins la mar granda dels atges, de concrecions de lenga termejant n\u00f2stras vidas de Pich\u00f2t Pocet, de temptativas de comprene la part d&#8217;eternitat que reclaus\u00e8m dins\u00a0<i>\u00ab la subst\u00e0ncia fugitiva del temps \u00bb<\/i>\u00a0(Borges) que nos carreja.<\/p>\n<p>Emb una revirada francesa de l&#8217;autor.<\/p>\n<\/div>\n<\/div>\n<\/div>\n<\/div>\n<\/div>\n<\/div>\n<div><\/div>\n","protected":false},"excerpt":{"rendered":"<p>Tota illa es una desirada. Tota illa es somiada, tot s\u00f2mi es insular. Las illas infinidas de Silvan Chabaud (infinidas en nombren en meravilhas, en alunhament ?) son aitant de po\u00e8mas del desir. Desirs multiples, que lo mai immediat es lo de l&#8217;instant que cal agantar a la volada, a tot p\u00e8rdre, coma arrambam una [&hellip;]<\/p>\n","protected":false},"featured_media":38562,"template":"","meta":{"_acf_changed":false,"_genesis_hide_title":false,"_genesis_hide_breadcrumbs":false,"_genesis_hide_singular_image":false,"_genesis_hide_footer_widgets":false,"_genesis_custom_body_class":"","_genesis_custom_post_class":"","_genesis_layout":""},"product_brand":[],"product_cat":[7133,7175,7181],"product_tag":[],"class_list":{"0":"post-33745","1":"product","2":"type-product","3":"status-publish","4":"has-post-thumbnail","6":"product_cat-libres-oc","7":"product_cat-literatura-oc","8":"product_cat-poesia-oc","9":"pa_auteur-chabaud-silvan-chabaud-sylvan-oc","10":"pa_editeur-jorn-oc","11":"pa_langue-occitan-provencau-oc","12":"pa_langue-occitan-francais-oc","13":"entry","15":"first","16":"outofstock","17":"sold-individually","18":"shipping-taxable","19":"purchasable","20":"product-type-simple"},"acf":[],"_links":{"self":[{"href":"https:\/\/www.libraria-occitana.org\/oc\/wp-json\/wp\/v2\/product\/33745","targetHints":{"allow":["GET"]}}],"collection":[{"href":"https:\/\/www.libraria-occitana.org\/oc\/wp-json\/wp\/v2\/product"}],"about":[{"href":"https:\/\/www.libraria-occitana.org\/oc\/wp-json\/wp\/v2\/types\/product"}],"wp:featuredmedia":[{"embeddable":true,"href":"https:\/\/www.libraria-occitana.org\/oc\/wp-json\/wp\/v2\/media\/38562"}],"wp:attachment":[{"href":"https:\/\/www.libraria-occitana.org\/oc\/wp-json\/wp\/v2\/media?parent=33745"}],"wp:term":[{"taxonomy":"product_brand","embeddable":true,"href":"https:\/\/www.libraria-occitana.org\/oc\/wp-json\/wp\/v2\/product_brand?post=33745"},{"taxonomy":"product_cat","embeddable":true,"href":"https:\/\/www.libraria-occitana.org\/oc\/wp-json\/wp\/v2\/product_cat?post=33745"},{"taxonomy":"product_tag","embeddable":true,"href":"https:\/\/www.libraria-occitana.org\/oc\/wp-json\/wp\/v2\/product_tag?post=33745"}],"curies":[{"name":"wp","href":"https:\/\/api.w.org\/{rel}","templated":true}]}}