{"id":33757,"date":"2021-04-27T20:34:18","date_gmt":"2021-04-27T18:34:18","guid":{"rendered":"http:\/\/www.libraria-occitana.org\/?post_type=product&#038;p=33757\/"},"modified":"2026-04-13T20:41:37","modified_gmt":"2026-04-13T18:41:37","slug":"la-vannerie-sauvage-initiation-libre-dvd","status":"publish","type":"product","link":"https:\/\/www.libraria-occitana.org\/oc\/produch\/la-vannerie-sauvage-initiation-libre-dvd\/","title":{"rendered":"La vannerie sauvage : initiation"},"content":{"rendered":"<p>Travailler le jonc, le ch\u00e2taignier, le noisetier ou la pervenche\u2026 r\u00e9aliser des paniers de toutes formes, d\u00e9coratifs ou utilitaires, pour r\u00e9pondre \u00e0 tous vos besoins quotidiens, c\u2019est ce que vous propose La vannerie sauvage gr\u00e2ce \u00e0 la pr\u00e9sentation de vingt-cinq mod\u00e8les de paniers \u00e0 r\u00e9aliser vous-m\u00eame.<\/p>\n<p>Con\u00e7u aussi bien pour ceux qui ne l\u2019ont jamais pratiqu\u00e9 que pour les vanniers d\u00e9j\u00e0 confirm\u00e9s, l&#8217;ouvrage vous initie \u00e0 un art originel d\u2019une richesse insoup\u00e7onn\u00e9e. Aujourd\u2019hui, de plus en plus isol\u00e9s, les vanniers ont bien du mal \u00e0 transmettre leurs savoirs ancestraux. Il manquait dans nos biblioth\u00e8ques un livre capable \u00e0 la fois de narrer l&#8217;histoire de la vannerie traditionnelle fran\u00e7aise et de jeter les bases techniques de cette discipline \u00e0 la vocation universelle. Bernard Bertrand propose ici un ouvrage complet permettant \u00e0 tous de p\u00e9n\u00e9trer ce monde fascinant et de s\u2019approprier des savoirs d\u2019une rare richesse culturelle.<\/p>\n<p><a href=\"http:\/\/www.libraria-occitana.org\/produit\/la-vannerie-sauvage-second-volume-pour-aller-plus-loin-libre-dvd\/\"><em>La vannerie sauvage : second volume, pour aller plus loin&#8230;<\/em><\/a> (libre + DVD)<\/p>\n","protected":false},"excerpt":{"rendered":"<p>Travailler le jonc, le ch\u00e2taignier, le noisetier ou la pervenche\u2026 r\u00e9aliser des paniers de toutes formes, d\u00e9coratifs ou utilitaires, pour r\u00e9pondre \u00e0 tous vos besoins quotidiens, c\u2019est ce que vous propose La vannerie sauvage gr\u00e2ce \u00e0 la pr\u00e9sentation de vingt-cinq mod\u00e8les de paniers \u00e0 r\u00e9aliser vous-m\u00eame. Con\u00e7u aussi bien pour ceux qui ne l\u2019ont jamais [&hellip;]<\/p>\n","protected":false},"featured_media":56223,"template":"","meta":{"_acf_changed":false,"_genesis_hide_title":false,"_genesis_hide_breadcrumbs":false,"_genesis_hide_singular_image":false,"_genesis_hide_footer_widgets":false,"_genesis_custom_body_class":"","_genesis_custom_post_class":"","_genesis_layout":""},"product_brand":[],"product_cat":[7133,7213,7207],"product_tag":[],"class_list":{"0":"post-33757","1":"product","2":"type-product","3":"status-publish","4":"has-post-thumbnail","6":"product_cat-libres-oc","7":"product_cat-metiers-saubre-far-oc","8":"product_cat-tradicions-patrimoni-oc","9":"pa_auteur-bertrand-bernard-oc","10":"pa_editeur-editions-de-terran-oc","11":"pa_langue-francais-oc","12":"entry","14":"first","15":"instock","16":"shipping-taxable","17":"purchasable","18":"product-type-simple"},"acf":[],"_links":{"self":[{"href":"https:\/\/www.libraria-occitana.org\/oc\/wp-json\/wp\/v2\/product\/33757","targetHints":{"allow":["GET"]}}],"collection":[{"href":"https:\/\/www.libraria-occitana.org\/oc\/wp-json\/wp\/v2\/product"}],"about":[{"href":"https:\/\/www.libraria-occitana.org\/oc\/wp-json\/wp\/v2\/types\/product"}],"wp:featuredmedia":[{"embeddable":true,"href":"https:\/\/www.libraria-occitana.org\/oc\/wp-json\/wp\/v2\/media\/56223"}],"wp:attachment":[{"href":"https:\/\/www.libraria-occitana.org\/oc\/wp-json\/wp\/v2\/media?parent=33757"}],"wp:term":[{"taxonomy":"product_brand","embeddable":true,"href":"https:\/\/www.libraria-occitana.org\/oc\/wp-json\/wp\/v2\/product_brand?post=33757"},{"taxonomy":"product_cat","embeddable":true,"href":"https:\/\/www.libraria-occitana.org\/oc\/wp-json\/wp\/v2\/product_cat?post=33757"},{"taxonomy":"product_tag","embeddable":true,"href":"https:\/\/www.libraria-occitana.org\/oc\/wp-json\/wp\/v2\/product_tag?post=33757"}],"curies":[{"name":"wp","href":"https:\/\/api.w.org\/{rel}","templated":true}]}}