{"id":33790,"date":"1989-04-18T15:12:30","date_gmt":"1989-04-18T13:12:30","guid":{"rendered":"http:\/\/www.libraria-occitana.org\/?post_type=product&#038;p=33790\/"},"modified":"2026-04-29T10:53:23","modified_gmt":"2026-04-29T08:53:23","slug":"la-quimera","status":"publish","type":"product","link":"https:\/\/www.libraria-occitana.org\/oc\/produch\/la-quimera\/","title":{"rendered":"La quim\u00e8ra"},"content":{"rendered":"<blockquote>\n<p>Me demandi \u00e7\u00f2 que soi. Degun me pren pas pus per un \u00f2me. Entre l\u2019ase e la vaca me cal sarrar de palha, la nu\u00e8ch, per me dormir.<br \/>\nLas gents que me parlan, jamai las comprendrai coma cal. Si, pr\u2019aqu\u00f2, quand me comandan lo trabalh, e las insolentari\u00e1s las compreni.<br \/>\nPas besonh de prison per ieu. Se sortissi per carri\u00e8ira, los enfants pichons me pers\u00e8gon a c\u00f2ps de p\u00e8ira. Tant que p\u00f2don se sarran de ieu per m\u2019escopir dess\u00fas. [&#8230;]<\/p>\n<\/blockquote>\n<p>Un roman historique retra\u00e7ant les aventures dures et vives d\u2019un rouergat pendant la guerre des camisards au XVIIe si\u00e8cle.<br \/>\nLe dernier roman publi\u00e9 du vivant de Joan Bodon (1974), et dont il voulait faire l\u2019\u0153uvre de sa vie.<\/p>\n<p><strong>Jean Boudou<\/strong>\u00a0(Joan Bodon en occitan)(Crespin, 11\/12\/1920 &#8211; Alg\u00e9rie, 24\/02\/1975), est un des grands \u00e9crivains du monde moderne. Marqu\u00e9 par l\u2018imaginaire du conte, il aborde dans son \u0153uvre des th\u00e8mes universels ou bibliques pour parler de son intimit\u00e9 avec la langue occitane qu\u2019il voit d\u00e9cliner.<\/p>\n","protected":false},"excerpt":{"rendered":"<p>Me demandi \u00e7\u00f2 que soi. Degun me pren pas pus per un \u00f2me. Entre l\u2019ase e la vaca me cal sarrar de palha, la nu\u00e8ch, per me dormir. Las gents que me parlan, jamai las comprendrai coma cal. Si, pr\u2019aqu\u00f2, quand me comandan lo trabalh, e las insolentari\u00e1s las compreni. Pas besonh de prison per [&hellip;]<\/p>\n","protected":false},"featured_media":53023,"template":"","meta":{"_acf_changed":false,"_genesis_hide_title":false,"_genesis_hide_breadcrumbs":false,"_genesis_hide_singular_image":false,"_genesis_hide_footer_widgets":false,"_genesis_custom_body_class":"","_genesis_custom_post_class":"","_genesis_layout":""},"product_brand":[],"product_cat":[7133,7175,7183],"product_tag":[],"class_list":{"0":"post-33790","1":"product","2":"type-product","3":"status-publish","4":"has-post-thumbnail","6":"product_cat-libres-oc","7":"product_cat-literatura-oc","8":"product_cat-romans-novelas-oc","9":"pa_auteur-bodon-joan-oc","10":"pa_editeur-edicions-del-roergue-oc","11":"pa_langue-occitan-oc","12":"pa_langue-occitan-lengadocian-oc","13":"entry","15":"first","16":"outofstock","17":"shipping-taxable","18":"purchasable","19":"product-type-simple"},"acf":[],"_links":{"self":[{"href":"https:\/\/www.libraria-occitana.org\/oc\/wp-json\/wp\/v2\/product\/33790","targetHints":{"allow":["GET"]}}],"collection":[{"href":"https:\/\/www.libraria-occitana.org\/oc\/wp-json\/wp\/v2\/product"}],"about":[{"href":"https:\/\/www.libraria-occitana.org\/oc\/wp-json\/wp\/v2\/types\/product"}],"wp:featuredmedia":[{"embeddable":true,"href":"https:\/\/www.libraria-occitana.org\/oc\/wp-json\/wp\/v2\/media\/53023"}],"wp:attachment":[{"href":"https:\/\/www.libraria-occitana.org\/oc\/wp-json\/wp\/v2\/media?parent=33790"}],"wp:term":[{"taxonomy":"product_brand","embeddable":true,"href":"https:\/\/www.libraria-occitana.org\/oc\/wp-json\/wp\/v2\/product_brand?post=33790"},{"taxonomy":"product_cat","embeddable":true,"href":"https:\/\/www.libraria-occitana.org\/oc\/wp-json\/wp\/v2\/product_cat?post=33790"},{"taxonomy":"product_tag","embeddable":true,"href":"https:\/\/www.libraria-occitana.org\/oc\/wp-json\/wp\/v2\/product_tag?post=33790"}],"curies":[{"name":"wp","href":"https:\/\/api.w.org\/{rel}","templated":true}]}}