{"id":33807,"date":"1974-01-27T19:27:54","date_gmt":"1974-01-27T18:27:54","guid":{"rendered":"http:\/\/www.libraria-occitana.org\/?post_type=product&#038;p=33807\/"},"modified":"2026-04-29T10:00:02","modified_gmt":"2026-04-29T08:00:02","slug":"la-pastourelle-dans-la-poesie-occitane-du-moyen-age","status":"publish","type":"product","link":"https:\/\/www.libraria-occitana.org\/oc\/produch\/la-pastourelle-dans-la-poesie-occitane-du-moyen-age\/","title":{"rendered":"La pastourelle dans la po\u00e9sie occitane du Moyen \u00c2ge"},"content":{"rendered":"<p>Textes publi\u00e9s et traduits, avec une introduction, des notes et un glossaire.<br \/>\nR\u00e9impression de l&#8217;\u00e9dition de Paris (1923).<\/p>\n","protected":false},"excerpt":{"rendered":"<p>Textes publi\u00e9s et traduits, avec une introduction, des notes et un glossaire. R\u00e9impression de l&#8217;\u00e9dition de Paris (1923).<\/p>\n","protected":false},"featured_media":44892,"template":"","meta":{"_acf_changed":false,"_genesis_hide_title":false,"_genesis_hide_breadcrumbs":false,"_genesis_hide_singular_image":false,"_genesis_hide_footer_widgets":false,"_genesis_custom_body_class":"","_genesis_custom_post_class":"","_genesis_layout":""},"product_brand":[],"product_cat":[7189,7133,7175],"product_tag":[],"class_list":{"0":"post-33807","1":"product","2":"type-product","3":"status-publish","4":"has-post-thumbnail","6":"product_cat-estudis-literaris-oc","7":"product_cat-libres-oc","8":"product_cat-literatura-oc","9":"pa_auteur-audiau-jean-oc","10":"pa_editeur-slatkine-reprints-oc","11":"pa_langue-occitan-medievau-oc","12":"pa_langue-occitan-francais-oc","13":"entry","15":"first","16":"instock","17":"shipping-taxable","18":"purchasable","19":"product-type-simple"},"acf":[],"_links":{"self":[{"href":"https:\/\/www.libraria-occitana.org\/oc\/wp-json\/wp\/v2\/product\/33807","targetHints":{"allow":["GET"]}}],"collection":[{"href":"https:\/\/www.libraria-occitana.org\/oc\/wp-json\/wp\/v2\/product"}],"about":[{"href":"https:\/\/www.libraria-occitana.org\/oc\/wp-json\/wp\/v2\/types\/product"}],"wp:featuredmedia":[{"embeddable":true,"href":"https:\/\/www.libraria-occitana.org\/oc\/wp-json\/wp\/v2\/media\/44892"}],"wp:attachment":[{"href":"https:\/\/www.libraria-occitana.org\/oc\/wp-json\/wp\/v2\/media?parent=33807"}],"wp:term":[{"taxonomy":"product_brand","embeddable":true,"href":"https:\/\/www.libraria-occitana.org\/oc\/wp-json\/wp\/v2\/product_brand?post=33807"},{"taxonomy":"product_cat","embeddable":true,"href":"https:\/\/www.libraria-occitana.org\/oc\/wp-json\/wp\/v2\/product_cat?post=33807"},{"taxonomy":"product_tag","embeddable":true,"href":"https:\/\/www.libraria-occitana.org\/oc\/wp-json\/wp\/v2\/product_tag?post=33807"}],"curies":[{"name":"wp","href":"https:\/\/api.w.org\/{rel}","templated":true}]}}