{"id":33814,"date":"2011-09-15T17:49:19","date_gmt":"2011-09-15T15:49:19","guid":{"rendered":"http:\/\/www.libraria-occitana.org\/?post_type=product&#038;p=33814\/"},"modified":"2026-04-15T20:21:30","modified_gmt":"2026-04-15T18:21:30","slug":"la-musique-du-moyen-age","status":"publish","type":"product","link":"https:\/\/www.libraria-occitana.org\/oc\/produch\/la-musique-du-moyen-age\/","title":{"rendered":"La musique du Moyen-\u00c2ge"},"content":{"rendered":"<p>La musique est ancr\u00e9e au plus profond de la civilisation occidentale. Elle en est l&#8217;\u00e2me vibrante et sensible. Or, longtemps, il fut impossible de restituer la r\u00e9alit\u00e9 sonore et musicale du Moyen \u00c2ge, en raison de l&#8217;immat\u00e9rialit\u00e9 et de la raret\u00e9 des sources. Pour la premi\u00e8re fois, cet ouvrage replace la musique dans son contexte historique et culturel depuis l&#8217;Antiquit\u00e9 tardive jusqu&#8217;\u00e0 la fin du XIVe si\u00e8cle.<\/p>\n<p>De l&#8217;h\u00e9ritage grec et latin \u00e0 l&#8217;Ars nova, en passant par le chant gr\u00e9gorien, ce volume exceptionnel offre l&#8217;image la plus compl\u00e8te et la plus fid\u00e8le possible de cet art majeur.<\/p>\n<p>Fruit de plusieurs d\u00e9cennies de recherches historiques et musicologiques, il r\u00e9unit des chercheurs internationalement reconnus, experts des instruments ou de l&#8217;acoustique, mais aussi de l&#8217;architecture, de la philosophie et de la pens\u00e9e m\u00e9di\u00e9vale. Une iconographie exceptionnelle, un grand nombre de cartes, la plupart in\u00e9dites, \u00e9clairent la lecture de cette somme et guident le lecteur \u00e0 travers le r\u00e9seau dense des lieux, des influences culturelles, des rites et des th\u00e8mes. Cet ouvrage int\u00e9ressera tous les lecteurs passionn\u00e9s par les arts et l&#8217;histoire en g\u00e9n\u00e9ral.<\/p>\n","protected":false},"excerpt":{"rendered":"<p>La musique est ancr\u00e9e au plus profond de la civilisation occidentale. Elle en est l&#8217;\u00e2me vibrante et sensible. Or, longtemps, il fut impossible de restituer la r\u00e9alit\u00e9 sonore et musicale du Moyen \u00c2ge, en raison de l&#8217;immat\u00e9rialit\u00e9 et de la raret\u00e9 des sources. Pour la premi\u00e8re fois, cet ouvrage replace la musique dans son contexte [&hellip;]<\/p>\n","protected":false},"featured_media":54799,"template":"","meta":{"_acf_changed":false,"_genesis_hide_title":false,"_genesis_hide_breadcrumbs":false,"_genesis_hide_singular_image":false,"_genesis_hide_footer_widgets":false,"_genesis_custom_body_class":"","_genesis_custom_post_class":"","_genesis_layout":""},"product_brand":[],"product_cat":[7195,7133,7191],"product_tag":[],"class_list":{"0":"post-33814","1":"product","2":"type-product","3":"status-publish","4":"has-post-thumbnail","6":"product_cat-estudis-oc","7":"product_cat-libres-oc","8":"product_cat-musica-danca-oc","9":"pa_auteur-collectiu-oc-2","10":"pa_auteur-minazzi-vera-oc","11":"pa_editeur-cnrs-oc","12":"pa_langue-francais-oc","13":"entry","15":"first","16":"outofstock","17":"shipping-taxable","18":"purchasable","19":"product-type-simple"},"acf":[],"_links":{"self":[{"href":"https:\/\/www.libraria-occitana.org\/oc\/wp-json\/wp\/v2\/product\/33814","targetHints":{"allow":["GET"]}}],"collection":[{"href":"https:\/\/www.libraria-occitana.org\/oc\/wp-json\/wp\/v2\/product"}],"about":[{"href":"https:\/\/www.libraria-occitana.org\/oc\/wp-json\/wp\/v2\/types\/product"}],"wp:featuredmedia":[{"embeddable":true,"href":"https:\/\/www.libraria-occitana.org\/oc\/wp-json\/wp\/v2\/media\/54799"}],"wp:attachment":[{"href":"https:\/\/www.libraria-occitana.org\/oc\/wp-json\/wp\/v2\/media?parent=33814"}],"wp:term":[{"taxonomy":"product_brand","embeddable":true,"href":"https:\/\/www.libraria-occitana.org\/oc\/wp-json\/wp\/v2\/product_brand?post=33814"},{"taxonomy":"product_cat","embeddable":true,"href":"https:\/\/www.libraria-occitana.org\/oc\/wp-json\/wp\/v2\/product_cat?post=33814"},{"taxonomy":"product_tag","embeddable":true,"href":"https:\/\/www.libraria-occitana.org\/oc\/wp-json\/wp\/v2\/product_tag?post=33814"}],"curies":[{"name":"wp","href":"https:\/\/api.w.org\/{rel}","templated":true}]}}