{"id":33827,"date":"2025-06-17T19:04:41","date_gmt":"2025-06-17T17:04:41","guid":{"rendered":"http:\/\/www.libraria-occitana.org\/?post_type=product&#038;p=33827\/"},"modified":"2026-04-29T01:36:21","modified_gmt":"2026-04-28T23:36:21","slug":"la-lenga-del-trobar-precis-de-gramatica-doccitan-ancian","status":"publish","type":"product","link":"https:\/\/www.libraria-occitana.org\/oc\/produch\/la-lenga-del-trobar-precis-de-gramatica-doccitan-ancian\/","title":{"rendered":"La Lenga del Trobar : Prec\u00eds de gramatica d&#8217;occitan ancian"},"content":{"rendered":"<p>Quatrena edicion repassada e aumentada<\/p>\n<p>Aqueste <em>Prec\u00eds de gramatica d\u2019occitan ancian<\/em> \u2014 fonetica istorica, morfologia nominala e verbala, sintaxi \u2014 recampa \u00e7\u00f2 que cal saber de l\u2019occitan ancian per legir los trobadors e los t\u00e8xtes de la literatura occitana de l\u2019Edat Mejana.<br \/>\nLo cambiament pus vesedor d\u2019aquesta edicion nov\u00e8la \u2014 la quatrena \u2014 de <em>La Lenga del trobar<\/em> es l\u2019emplec exclusiu de la lenga occitana dins sa varietat lengadociana.<br \/>\nLo cambiament m\u00e0ger, \u00e7a que la, es l\u2019apondon d\u2019una part importanta consacrada a la fonetica istorica.<br \/>\nDins un estudi menim\u00f3s, rigor\u00f3s e inedich, Maurici Romieu est\u00fadia lo caminament dels fon\u00e8mas e lor evolucion desempu\u00e8i lo latin fins a l\u2019occitan ancian.<br \/>\nEs un obratge que los autors an volgut sustot pedagogic, simple, clar e de bon consultar per tal que la descob\u00e8rta e l\u2019aprendissatge de la lenga occitana fogu\u00e8sson pus agradius e pus eficaces.<\/p>\n","protected":false},"excerpt":{"rendered":"<p>Quatrena edicion repassada e aumentada Aqueste Prec\u00eds de gramatica d\u2019occitan ancian \u2014 fonetica istorica, morfologia nominala e verbala, sintaxi \u2014 recampa \u00e7\u00f2 que cal saber de l\u2019occitan ancian per legir los trobadors e los t\u00e8xtes de la literatura occitana de l\u2019Edat Mejana. Lo cambiament pus vesedor d\u2019aquesta edicion nov\u00e8la \u2014 la quatrena \u2014 de La [&hellip;]<\/p>\n","protected":false},"featured_media":61958,"template":"","meta":{"_acf_changed":false,"_genesis_hide_title":false,"_genesis_hide_breadcrumbs":false,"_genesis_hide_singular_image":false,"_genesis_hide_footer_widgets":false,"_genesis_custom_body_class":"","_genesis_custom_post_class":"","_genesis_layout":""},"product_brand":[],"product_cat":[7139,7137,7133],"product_tag":[],"class_list":{"0":"post-33827","1":"product","2":"type-product","3":"status-publish","4":"has-post-thumbnail","6":"product_cat-diccionaris-gramaticas-oc","7":"product_cat-diccionaris-lenga-escolar-oc","8":"product_cat-libres-oc","9":"pa_auteur-bianchi-andrieu-bianchi-andre-oc","10":"pa_auteur-romieu-maurici-oc","11":"pa_editeur-pu-bordeaux-oc","12":"pa_langue-occitan-oc","13":"pa_langue-occitan-lengadocian-oc","14":"entry","16":"first","17":"outofstock","18":"sold-individually","19":"shipping-taxable","20":"purchasable","21":"product-type-simple"},"acf":[],"_links":{"self":[{"href":"https:\/\/www.libraria-occitana.org\/oc\/wp-json\/wp\/v2\/product\/33827","targetHints":{"allow":["GET"]}}],"collection":[{"href":"https:\/\/www.libraria-occitana.org\/oc\/wp-json\/wp\/v2\/product"}],"about":[{"href":"https:\/\/www.libraria-occitana.org\/oc\/wp-json\/wp\/v2\/types\/product"}],"wp:featuredmedia":[{"embeddable":true,"href":"https:\/\/www.libraria-occitana.org\/oc\/wp-json\/wp\/v2\/media\/61958"}],"wp:attachment":[{"href":"https:\/\/www.libraria-occitana.org\/oc\/wp-json\/wp\/v2\/media?parent=33827"}],"wp:term":[{"taxonomy":"product_brand","embeddable":true,"href":"https:\/\/www.libraria-occitana.org\/oc\/wp-json\/wp\/v2\/product_brand?post=33827"},{"taxonomy":"product_cat","embeddable":true,"href":"https:\/\/www.libraria-occitana.org\/oc\/wp-json\/wp\/v2\/product_cat?post=33827"},{"taxonomy":"product_tag","embeddable":true,"href":"https:\/\/www.libraria-occitana.org\/oc\/wp-json\/wp\/v2\/product_tag?post=33827"}],"curies":[{"name":"wp","href":"https:\/\/api.w.org\/{rel}","templated":true}]}}