{"id":33915,"date":"2018-01-28T18:35:55","date_gmt":"2018-01-28T17:35:55","guid":{"rendered":"http:\/\/www.libraria-occitana.org\/?post_type=product&#038;p=33915\/"},"modified":"2026-04-17T20:21:06","modified_gmt":"2026-04-17T18:21:06","slug":"la-bete-du-vaccares","status":"publish","type":"product","link":"https:\/\/www.libraria-occitana.org\/oc\/produch\/la-bete-du-vaccares\/","title":{"rendered":"La b\u00eate du Vaccar\u00e8s"},"content":{"rendered":"<p>En occitan, graphie mistralienne avec la traduction fran\u00e7aise en regard.<\/p>\n<p>Au printemps de l\u2019an de gr\u00e2ce 1417, Jacques Roubaud, gardian de la manade de Malagroy \u2013 mais plus instruit qu\u2019on ne l\u2019est d\u2019ordinaire dans son \u00e9tat parce qu\u2019il fut longtemps destin\u00e9 \u00e0 la pr\u00eatrise \u2013 entreprend de consigner pour la post\u00e9rit\u00e9 les faits extraordinaires dont il a \u00e9t\u00e9 t\u00e9moin. Au hasard de ses randonn\u00e9es \u00e0 cheval, Roubaud a rencontr\u00e9 une b\u00eate \u00e9trange ; elle avait le corps d\u2019une ch\u00e8vre et le visage d\u2019un vieil homme. Et elle parlait. Elle assurait l\u2019ancien escholier qu\u2019elle n\u2019\u00e9tait pas une cr\u00e9ature du diable mais un demi-dieu d\u00e9chu, chass\u00e9 de tous lieux et condamn\u00e9 \u00e0 finir sa vie dans la solitude des marais. Apr\u00e8s la premi\u00e8re stupeur et le premier effroi na\u00eet la compassion puis, dans le c\u0153ur du pieux gardian, un sentiment qu\u2019il reconna\u00eet avec \u00e9tonnement pour de l\u2019amiti\u00e9. \u00c0 travers ces deux pitoyables protagonistes, ce sont deux civilisations, le Moyen \u00c2ge chr\u00e9tien et l\u2019Antiquit\u00e9 pa\u00efenne, qui se rencontrent et communient un instant dans la reconnaissance des valeurs immuables de la Nature.<\/p>\n<p>Chef-d&#8217;\u0153uvre de Joseph d&#8217;Arbaud, dont l&#8217;ample prose lyrique sert admirablement la veine fantastique, <em>La B\u00eate du Vaccar\u00e8s<\/em> est aussi un conte sauvage et tendre sur le vieillissement et sur la mort des grands mythes.<\/p>\n<p>La pr\u00e9sente \u00e9dition s&#8217;accompagne du <em>Regret de Pierre Guilhem<\/em>, extrait du recueil de <em>La Caraque<\/em>.<\/p>\n","protected":false},"excerpt":{"rendered":"<p>En occitan, graphie mistralienne avec la traduction fran\u00e7aise en regard. Au printemps de l\u2019an de gr\u00e2ce 1417, Jacques Roubaud, gardian de la manade de Malagroy \u2013 mais plus instruit qu\u2019on ne l\u2019est d\u2019ordinaire dans son \u00e9tat parce qu\u2019il fut longtemps destin\u00e9 \u00e0 la pr\u00eatrise \u2013 entreprend de consigner pour la post\u00e9rit\u00e9 les faits extraordinaires dont [&hellip;]<\/p>\n","protected":false},"featured_media":42616,"template":"","meta":{"_acf_changed":false,"_genesis_hide_title":false,"_genesis_hide_breadcrumbs":false,"_genesis_hide_singular_image":false,"_genesis_hide_footer_widgets":false,"_genesis_custom_body_class":"","_genesis_custom_post_class":"","_genesis_layout":""},"product_brand":[],"product_cat":[7177,7133,7175],"product_tag":[],"class_list":{"0":"post-33915","1":"product","2":"type-product","3":"status-publish","4":"has-post-thumbnail","6":"product_cat-contes-fablas-oc","7":"product_cat-libres-oc","8":"product_cat-literatura-oc","9":"pa_auteur-arbaud-joseph-d-oc","10":"pa_editeur-grasset-oc","11":"pa_langue-occitan-provencau-oc","12":"pa_langue-occitan-francais-oc","13":"entry","15":"first","16":"instock","17":"shipping-taxable","18":"purchasable","19":"product-type-simple"},"acf":[],"_links":{"self":[{"href":"https:\/\/www.libraria-occitana.org\/oc\/wp-json\/wp\/v2\/product\/33915","targetHints":{"allow":["GET"]}}],"collection":[{"href":"https:\/\/www.libraria-occitana.org\/oc\/wp-json\/wp\/v2\/product"}],"about":[{"href":"https:\/\/www.libraria-occitana.org\/oc\/wp-json\/wp\/v2\/types\/product"}],"wp:featuredmedia":[{"embeddable":true,"href":"https:\/\/www.libraria-occitana.org\/oc\/wp-json\/wp\/v2\/media\/42616"}],"wp:attachment":[{"href":"https:\/\/www.libraria-occitana.org\/oc\/wp-json\/wp\/v2\/media?parent=33915"}],"wp:term":[{"taxonomy":"product_brand","embeddable":true,"href":"https:\/\/www.libraria-occitana.org\/oc\/wp-json\/wp\/v2\/product_brand?post=33915"},{"taxonomy":"product_cat","embeddable":true,"href":"https:\/\/www.libraria-occitana.org\/oc\/wp-json\/wp\/v2\/product_cat?post=33915"},{"taxonomy":"product_tag","embeddable":true,"href":"https:\/\/www.libraria-occitana.org\/oc\/wp-json\/wp\/v2\/product_tag?post=33915"}],"curies":[{"name":"wp","href":"https:\/\/api.w.org\/{rel}","templated":true}]}}