{"id":33930,"date":"1988-11-25T15:28:59","date_gmt":"1988-11-25T14:28:59","guid":{"rendered":"http:\/\/www.libraria-occitana.org\/?post_type=product&#038;p=33930\/"},"modified":"2026-04-29T03:31:41","modified_gmt":"2026-04-29T01:31:41","slug":"lorigine-des-betes-petite-cosmogonie-catalane","status":"publish","type":"product","link":"https:\/\/www.libraria-occitana.org\/oc\/produch\/lorigine-des-betes-petite-cosmogonie-catalane\/","title":{"rendered":"L&#8217;origine des b\u00eates : Petite cosmogonie catalane"},"content":{"rendered":"<p>Pourquoi le coucou a-t-il un chant si monotone ? D\u2019o\u00f9 vient la d\u00e9marche de l\u2019ours ? Comment expliquer que la langouste porte, grav\u00e9 sur sa carapace, le visage du Christ ? Autant de questions qui d\u00e9clenchent les contes par lesquels la tradition orale catalane donne un sens au surprenant foisonnement de la nature.<\/p>\n<p>Souvent l\u2019explication remonte jusqu\u2019\u00e0 l\u2019origine : la lutte de Dieu et du diable au commencement du monde, la vie du Christ, ou son voyage mythique avec saint Pierre sur une terre encore inachev\u00e9e&#8230;<\/p>\n<p>Joan Amades, le grand ethnologue barcelonais, a not\u00e9 pendant presque un demi-si\u00e8cle ces petites histoires et, au bout du compte, son recueil, publi\u00e9 en catalan en 1950, constitue le plus bel ensemble de traditions mythiques jamais rassembl\u00e9 en Europe.<\/p>\n<p>Marl\u00e8ne Albert-Llorca, chercheur au Centre d\u2019Anthropologie des Soci\u00e9t\u00e9s Rurales (CNRS-EHESS-Toulouse) a non seulement pr\u00e9sent\u00e9 et traduit ces textes mais r\u00e9dig\u00e9 \u00e0 propos de chacun des notes comparatives qui permettent, pour la premi\u00e8re fois, de prendre une vue d\u2019ensemble de cette zoologie narrative, de ses th\u00e8mes et de ses sources. Trois cent quarante cinq r\u00e9cits composent ce premier volume consacr\u00e9 aux animaux, un second suivra qui rassemblera les dits sur les plantes, les astres et les hommes. Recueil de contes pleins de fantaisie et d\u2019humour mais aussi ouvrage de r\u00e9f\u00e9rence, cette publication est, \u00e0 tous \u00e9gards, un \u00e9v\u00e9nement.<\/p>\n<p>Deuxi\u00e8me partie : <a href=\"http:\/\/www.libraria-occitana.org\/produit\/des-etoiles-aux-plantes-petite-cosmogonie-catalane\/\"><em>Des \u00e9toiles aux plantes : Petite cosmogonie catalane<\/em><\/a><\/p>\n","protected":false},"excerpt":{"rendered":"<p>Pourquoi le coucou a-t-il un chant si monotone ? D\u2019o\u00f9 vient la d\u00e9marche de l\u2019ours ? Comment expliquer que la langouste porte, grav\u00e9 sur sa carapace, le visage du Christ ? Autant de questions qui d\u00e9clenchent les contes par lesquels la tradition orale catalane donne un sens au surprenant foisonnement de la nature. Souvent l\u2019explication [&hellip;]<\/p>\n","protected":false},"featured_media":42889,"template":"","meta":{"_acf_changed":false,"_genesis_hide_title":false,"_genesis_hide_breadcrumbs":false,"_genesis_hide_singular_image":false,"_genesis_hide_footer_widgets":false,"_genesis_custom_body_class":"","_genesis_custom_post_class":"","_genesis_layout":""},"product_brand":[],"product_cat":[7177,7133,7175],"product_tag":[],"class_list":{"0":"post-33930","1":"product","2":"type-product","3":"status-publish","4":"has-post-thumbnail","6":"product_cat-contes-fablas-oc","7":"product_cat-libres-oc","8":"product_cat-literatura-oc","9":"pa_auteur-amades-joan-oc","10":"pa_editeur-garae-hesiode-oc","11":"pa_illustrateur-albert-llorca-marlene-oc-1","12":"pa_langue-francais-oc","13":"entry","15":"first","16":"instock","17":"shipping-taxable","18":"purchasable","19":"product-type-simple"},"acf":[],"_links":{"self":[{"href":"https:\/\/www.libraria-occitana.org\/oc\/wp-json\/wp\/v2\/product\/33930","targetHints":{"allow":["GET"]}}],"collection":[{"href":"https:\/\/www.libraria-occitana.org\/oc\/wp-json\/wp\/v2\/product"}],"about":[{"href":"https:\/\/www.libraria-occitana.org\/oc\/wp-json\/wp\/v2\/types\/product"}],"wp:featuredmedia":[{"embeddable":true,"href":"https:\/\/www.libraria-occitana.org\/oc\/wp-json\/wp\/v2\/media\/42889"}],"wp:attachment":[{"href":"https:\/\/www.libraria-occitana.org\/oc\/wp-json\/wp\/v2\/media?parent=33930"}],"wp:term":[{"taxonomy":"product_brand","embeddable":true,"href":"https:\/\/www.libraria-occitana.org\/oc\/wp-json\/wp\/v2\/product_brand?post=33930"},{"taxonomy":"product_cat","embeddable":true,"href":"https:\/\/www.libraria-occitana.org\/oc\/wp-json\/wp\/v2\/product_cat?post=33930"},{"taxonomy":"product_tag","embeddable":true,"href":"https:\/\/www.libraria-occitana.org\/oc\/wp-json\/wp\/v2\/product_tag?post=33930"}],"curies":[{"name":"wp","href":"https:\/\/api.w.org\/{rel}","templated":true}]}}