{"id":33945,"date":"2008-10-12T18:24:32","date_gmt":"2008-10-12T16:24:32","guid":{"rendered":"http:\/\/www.libraria-occitana.org\/?post_type=product&#038;p=33945\/"},"modified":"2026-04-14T00:56:10","modified_gmt":"2026-04-13T22:56:10","slug":"loccitan-de-viva-votz-metode-de-prononciacion-de-loccitan-lengadocian-libre-2-cd","status":"publish","type":"product","link":"https:\/\/www.libraria-occitana.org\/oc\/produch\/loccitan-de-viva-votz-metode-de-prononciacion-de-loccitan-lengadocian-libre-2-cd\/","title":{"rendered":"L&#8217;occitan de viva votz : met\u00f2de de prononciacion de l&#8217;occitan lengadocian (libre + 2 CD)"},"content":{"rendered":"<p>Aqu\u00ed <em>L\u2019occitan de viva votz<\/em>, met\u00f2de de prononciacion de l\u2019occitan lengadocian concebut per Joan Fulhet. Es lo primi\u00e8r met\u00f2de de fonetica per l\u2019occitan, una aisina primordiala del temps que sa transmission depend majament de son ensenhament.<\/p>\n<p>Es un met\u00f2de prec\u00eds e de bon manejar que saur\u00e0n utilizar amb profi\u00e8it los professors d\u2019occitan competents en fonetica, mas es tanben un obratge que s\u2019adre\u00e7a a totis merc\u00e9s a sos dus CD e que, en d\u00e8tz lei\u00e7ons, permet a cadun de nosautres de prononciar un occitan lengadocian digne de sa realitat, de son originalitat e de sa belesa son\u00f2ra e istoricas.<\/p>\n<p>Que contunhem atal de gausir de la beltat simfonica de l\u2019occitan !<\/p>\n<p>S\u00e8m solides que <em>L\u2019occitan de viva votz<\/em> vos ajudar\u00e0 e vos acompanhar\u00e0 sul v\u00f2stre camin de reapropriacion d\u2019un occitan auton\u00f2me de cap a las autras lengas.<\/p>\n","protected":false},"excerpt":{"rendered":"<p>Aqu\u00ed L\u2019occitan de viva votz, met\u00f2de de prononciacion de l\u2019occitan lengadocian concebut per Joan Fulhet. Es lo primi\u00e8r met\u00f2de de fonetica per l\u2019occitan, una aisina primordiala del temps que sa transmission depend majament de son ensenhament. Es un met\u00f2de prec\u00eds e de bon manejar que saur\u00e0n utilizar amb profi\u00e8it los professors d\u2019occitan competents en fonetica, [&hellip;]<\/p>\n","protected":false},"featured_media":54173,"template":"","meta":{"_acf_changed":false,"_genesis_hide_title":false,"_genesis_hide_breadcrumbs":false,"_genesis_hide_singular_image":false,"_genesis_hide_footer_widgets":false,"_genesis_custom_body_class":"","_genesis_custom_post_class":"","_genesis_layout":""},"product_brand":[],"product_cat":[7137,7133,7143],"product_tag":[],"class_list":{"0":"post-33945","1":"product","2":"type-product","3":"status-publish","4":"has-post-thumbnail","6":"product_cat-diccionaris-lenga-escolar-oc","7":"product_cat-libres-oc","8":"product_cat-metodes-oc","9":"pa_auteur-fulhet-joan-oc","10":"pa_editeur-ieo-31-oc","11":"pa_langue-occitan-oc","12":"pa_langue-occitan-lengadocian-oc","13":"entry","15":"first","16":"instock","17":"shipping-taxable","18":"purchasable","19":"product-type-simple"},"acf":[],"_links":{"self":[{"href":"https:\/\/www.libraria-occitana.org\/oc\/wp-json\/wp\/v2\/product\/33945","targetHints":{"allow":["GET"]}}],"collection":[{"href":"https:\/\/www.libraria-occitana.org\/oc\/wp-json\/wp\/v2\/product"}],"about":[{"href":"https:\/\/www.libraria-occitana.org\/oc\/wp-json\/wp\/v2\/types\/product"}],"wp:featuredmedia":[{"embeddable":true,"href":"https:\/\/www.libraria-occitana.org\/oc\/wp-json\/wp\/v2\/media\/54173"}],"wp:attachment":[{"href":"https:\/\/www.libraria-occitana.org\/oc\/wp-json\/wp\/v2\/media?parent=33945"}],"wp:term":[{"taxonomy":"product_brand","embeddable":true,"href":"https:\/\/www.libraria-occitana.org\/oc\/wp-json\/wp\/v2\/product_brand?post=33945"},{"taxonomy":"product_cat","embeddable":true,"href":"https:\/\/www.libraria-occitana.org\/oc\/wp-json\/wp\/v2\/product_cat?post=33945"},{"taxonomy":"product_tag","embeddable":true,"href":"https:\/\/www.libraria-occitana.org\/oc\/wp-json\/wp\/v2\/product_tag?post=33945"}],"curies":[{"name":"wp","href":"https:\/\/api.w.org\/{rel}","templated":true}]}}