{"id":33947,"date":"2016-01-14T09:26:52","date_gmt":"2016-01-14T08:26:52","guid":{"rendered":"http:\/\/www.libraria-occitana.org\/?post_type=product&#038;p=33947\/"},"modified":"2026-04-29T10:07:40","modified_gmt":"2026-04-29T08:07:40","slug":"loccitan-tout-de-suite-pour-etre-rapidement-operationnel","status":"publish","type":"product","link":"https:\/\/www.libraria-occitana.org\/oc\/produch\/loccitan-tout-de-suite-pour-etre-rapidement-operationnel\/","title":{"rendered":"L&#8217;occitan tout de suite ! : Pour \u00eatre rapidement op\u00e9rationnel"},"content":{"rendered":"<p><strong>Pour aborder rapidement l&#8217;occitan<\/strong><\/p>\n<p>Vous voulez vous exprimer en occitan et d\u00e9couvrir ou red\u00e9couvrir une langue dialectale pr\u00e9sente et vivante en France, en Espagne, et en Italie, de la c\u00f4te sud-ouest de l&#8217;atlantique jusqu&#8217;\u00e0 l&#8217;axe nord-ouest\/nord-est de la M\u00e9diterran\u00e9e.<br \/>\nVous visez une pratique imm\u00e9diate sans vous investir dans un apprentissage de longue haleine ?<br \/>\n<em>L&#8217;occitan tout de suite !<\/em> apporte une r\u00e9ponse concr\u00e8te \u00e0 vos attentes.<\/p>\n<p>Vous trouverez dans cet ouvrage les moyens d&#8217;un d\u00e9marrage ou d&#8217;un d\u00e9pannage instantan\u00e9.<\/p>\n<p>Deux Parties :<br \/>\n&#8211; Pr\u00e9sentation des structures de base, avec des exercices : <em>Je suis<\/em>&#8230;, <em>J&#8217;ai \/ Je n&#8217;ai pas<\/em>&#8230;, <em>Je voudrais<\/em>&#8230;, <em>Il y a.<\/em>.., <em>Combien ?<\/em>, <em>O\u00f9 ?<\/em>, <em>Pourquoi ?<\/em>, <em>Pouvez-vous ?<\/em>, etc.<br \/>\n&#8211; Vocabulaire et phrases d&#8217;entra\u00eenement par th\u00e8me : Salutations, Nourriture, V\u00eatements, Logement, etc.<br \/>\nLes deux parties comportent des informations culturelles et historiques.<\/p>\n<p>En annexe : un mini-dictionnaire bilingue d&#8217;environ 1000 mots et un m\u00e9mento grammatical.<\/p>\n","protected":false},"excerpt":{"rendered":"<p>Pour aborder rapidement l&#8217;occitan Vous voulez vous exprimer en occitan et d\u00e9couvrir ou red\u00e9couvrir une langue dialectale pr\u00e9sente et vivante en France, en Espagne, et en Italie, de la c\u00f4te sud-ouest de l&#8217;atlantique jusqu&#8217;\u00e0 l&#8217;axe nord-ouest\/nord-est de la M\u00e9diterran\u00e9e. Vous visez une pratique imm\u00e9diate sans vous investir dans un apprentissage de longue haleine ? L&#8217;occitan [&hellip;]<\/p>\n","protected":false},"featured_media":38397,"template":"","meta":{"_acf_changed":false,"_genesis_hide_title":false,"_genesis_hide_breadcrumbs":false,"_genesis_hide_singular_image":false,"_genesis_hide_footer_widgets":false,"_genesis_custom_body_class":"","_genesis_custom_post_class":"","_genesis_layout":""},"product_brand":[],"product_cat":[7137,7133,7143],"product_tag":[],"class_list":{"0":"post-33947","1":"product","2":"type-product","3":"status-publish","4":"has-post-thumbnail","6":"product_cat-diccionaris-lenga-escolar-oc","7":"product_cat-libres-oc","8":"product_cat-metodes-oc","9":"pa_auteur-escartin-jordi-oc","10":"pa_editeur-pocket-oc","11":"pa_langue-occitan-lengadocian-oc","12":"pa_langue-occitan-francais-oc","13":"entry","15":"first","16":"outofstock","17":"shipping-taxable","18":"purchasable","19":"product-type-simple"},"acf":[],"_links":{"self":[{"href":"https:\/\/www.libraria-occitana.org\/oc\/wp-json\/wp\/v2\/product\/33947","targetHints":{"allow":["GET"]}}],"collection":[{"href":"https:\/\/www.libraria-occitana.org\/oc\/wp-json\/wp\/v2\/product"}],"about":[{"href":"https:\/\/www.libraria-occitana.org\/oc\/wp-json\/wp\/v2\/types\/product"}],"wp:featuredmedia":[{"embeddable":true,"href":"https:\/\/www.libraria-occitana.org\/oc\/wp-json\/wp\/v2\/media\/38397"}],"wp:attachment":[{"href":"https:\/\/www.libraria-occitana.org\/oc\/wp-json\/wp\/v2\/media?parent=33947"}],"wp:term":[{"taxonomy":"product_brand","embeddable":true,"href":"https:\/\/www.libraria-occitana.org\/oc\/wp-json\/wp\/v2\/product_brand?post=33947"},{"taxonomy":"product_cat","embeddable":true,"href":"https:\/\/www.libraria-occitana.org\/oc\/wp-json\/wp\/v2\/product_cat?post=33947"},{"taxonomy":"product_tag","embeddable":true,"href":"https:\/\/www.libraria-occitana.org\/oc\/wp-json\/wp\/v2\/product_tag?post=33947"}],"curies":[{"name":"wp","href":"https:\/\/api.w.org\/{rel}","templated":true}]}}