{"id":33982,"date":"2006-02-27T20:27:07","date_gmt":"2006-02-27T19:27:07","guid":{"rendered":"http:\/\/www.libraria-occitana.org\/?post_type=product&#038;p=33982\/"},"modified":"2026-04-25T22:56:26","modified_gmt":"2026-04-25T20:56:26","slug":"lespace-lyrique-mediterraneen-au-moyen-age-nouvelles-approches","status":"publish","type":"product","link":"https:\/\/www.libraria-occitana.org\/oc\/produch\/lespace-lyrique-mediterraneen-au-moyen-age-nouvelles-approches\/","title":{"rendered":"L&#8217;espace lyrique m\u00e9diterran\u00e9en au Moyen \u00c2ge : Nouvelles approches"},"content":{"rendered":"<p>La p\u00e9riode m\u00e9di\u00e9vale, autour de la M\u00e9diterran\u00e9e, fut \u00e0 la fois marqu\u00e9e par de multiples conflits et par de riches \u00e9changes culturels au sein des trois grandes civilisations, h\u00e9bra\u00efque, chr\u00e9tienne et musulmane. C\u2019est dans cette ambiance de luttes mais aussi d\u2019emprunts mutuels que s\u2019est d\u00e9velopp\u00e9e une po\u00e9sie lyrique \u00e9tonnamment inventive, alliant avec art musique et litt\u00e9rature.<\/p>\n<p>Les avanc\u00e9es de la recherche depuis quelques ann\u00e9es permettent aujourd\u2019hui d\u2019esquisser un nouvel \u00e9tat de la question dans une approche n\u00e9cessairement interculturelle.<\/p>\n<p>C\u2019est ce que tente de faire le pr\u00e9sent ouvrage.<\/p>\n<p>La collaboration de chercheurs en litt\u00e9rature et en linguistique, en histoire et en musicologie, donne l\u2019occasion de confronter les diff\u00e9rentes pratiques de la lyrique et de pr\u00e9ciser les jeux d\u2019\u00e9change, d\u2019influence et parfois de convergence que ces domaines ont connus au long du Moyen \u00c2ge, dans ce que l\u2019on peut appeler \u00e0 bon droit \u00ab L\u2019espace lyrique m\u00e9diterran\u00e9en \u00bb.<\/p>\n","protected":false},"excerpt":{"rendered":"<p>La p\u00e9riode m\u00e9di\u00e9vale, autour de la M\u00e9diterran\u00e9e, fut \u00e0 la fois marqu\u00e9e par de multiples conflits et par de riches \u00e9changes culturels au sein des trois grandes civilisations, h\u00e9bra\u00efque, chr\u00e9tienne et musulmane. C\u2019est dans cette ambiance de luttes mais aussi d\u2019emprunts mutuels que s\u2019est d\u00e9velopp\u00e9e une po\u00e9sie lyrique \u00e9tonnamment inventive, alliant avec art musique et [&hellip;]<\/p>\n","protected":false},"featured_media":37356,"template":"","meta":{"_acf_changed":false,"_genesis_hide_title":false,"_genesis_hide_breadcrumbs":false,"_genesis_hide_singular_image":false,"_genesis_hide_footer_widgets":false,"_genesis_custom_body_class":"","_genesis_custom_post_class":"","_genesis_layout":""},"product_brand":[],"product_cat":[7189,7133,7175],"product_tag":[],"class_list":{"0":"post-33982","1":"product","2":"type-product","3":"status-publish","4":"has-post-thumbnail","6":"product_cat-estudis-literaris-oc","7":"product_cat-libres-oc","8":"product_cat-literatura-oc","9":"pa_auteur-billy-dominique-oc","10":"pa_auteur-clement-francois-oc","11":"pa_auteur-collectiu-oc-2","12":"pa_auteur-combes-annie-oc","13":"pa_editeur-pu-mirail-oc","14":"pa_langue-francais-oc","15":"entry","17":"first","18":"outofstock","19":"shipping-taxable","20":"purchasable","21":"product-type-simple"},"acf":[],"_links":{"self":[{"href":"https:\/\/www.libraria-occitana.org\/oc\/wp-json\/wp\/v2\/product\/33982","targetHints":{"allow":["GET"]}}],"collection":[{"href":"https:\/\/www.libraria-occitana.org\/oc\/wp-json\/wp\/v2\/product"}],"about":[{"href":"https:\/\/www.libraria-occitana.org\/oc\/wp-json\/wp\/v2\/types\/product"}],"wp:featuredmedia":[{"embeddable":true,"href":"https:\/\/www.libraria-occitana.org\/oc\/wp-json\/wp\/v2\/media\/37356"}],"wp:attachment":[{"href":"https:\/\/www.libraria-occitana.org\/oc\/wp-json\/wp\/v2\/media?parent=33982"}],"wp:term":[{"taxonomy":"product_brand","embeddable":true,"href":"https:\/\/www.libraria-occitana.org\/oc\/wp-json\/wp\/v2\/product_brand?post=33982"},{"taxonomy":"product_cat","embeddable":true,"href":"https:\/\/www.libraria-occitana.org\/oc\/wp-json\/wp\/v2\/product_cat?post=33982"},{"taxonomy":"product_tag","embeddable":true,"href":"https:\/\/www.libraria-occitana.org\/oc\/wp-json\/wp\/v2\/product_tag?post=33982"}],"curies":[{"name":"wp","href":"https:\/\/api.w.org\/{rel}","templated":true}]}}