{"id":33984,"date":"2002-02-19T11:28:31","date_gmt":"2002-02-19T10:28:31","guid":{"rendered":"http:\/\/www.libraria-occitana.org\/?post_type=product&#038;p=33984\/"},"modified":"2026-04-17T05:02:05","modified_gmt":"2026-04-17T03:02:05","slug":"lestrac","status":"publish","type":"product","link":"https:\/\/www.libraria-occitana.org\/oc\/produch\/lestrac\/","title":{"rendered":"L&#8217;estra\u00e7"},"content":{"rendered":"<blockquote>\n<p>Marcha plan, Bernat Palhan, l\u2019uelh treble, vitrat. Fa avans sensa veire ren. Butassa una femna que carreja un nenet dintre lei bra\u00e7. \u00ab Excusatz-me, d\u00f2na&#8230; bretoneg\u00e8t. Excusatz-me&#8230; \u00bb<br \/>\nLa frema qu\u2019\u00e8ra a mand de mandar la cana c\u00f2ntra aquest omen\u00e0s galhard que se permet d\u2019embroncar lei maires de familha que representan l\u2019avenir de Fran\u00e7a amb\u00e9 lei retiradas que ser\u00e0n pagadas per sei nistons quora ser\u00e0n grands, lo devista e s\u2019abauca. \u00ab Basta, se pensa, deu \u00e8stre un pauc madur aquest&#8230; N\u2019i a tant de gents d\u2019aquesta passa que son fatigats dei n\u00e8rvis&#8230; Deu aver empassat de bal\u00f2tas&#8230; Ren d\u2019estonant amb\u00e9 la vida que se mena ! \u00bb<\/p>\n<\/blockquote>\n","protected":false},"excerpt":{"rendered":"<p>Marcha plan, Bernat Palhan, l\u2019uelh treble, vitrat. Fa avans sensa veire ren. Butassa una femna que carreja un nenet dintre lei bra\u00e7. \u00ab Excusatz-me, d\u00f2na&#8230; bretoneg\u00e8t. Excusatz-me&#8230; \u00bb La frema qu\u2019\u00e8ra a mand de mandar la cana c\u00f2ntra aquest omen\u00e0s galhard que se permet d\u2019embroncar lei maires de familha que representan l\u2019avenir de Fran\u00e7a amb\u00e9 [&hellip;]<\/p>\n","protected":false},"featured_media":53774,"template":"","meta":{"_acf_changed":false,"_genesis_hide_title":false,"_genesis_hide_breadcrumbs":false,"_genesis_hide_singular_image":false,"_genesis_hide_footer_widgets":false,"_genesis_custom_body_class":"","_genesis_custom_post_class":"","_genesis_layout":""},"product_brand":[],"product_cat":[7133,7175,7183],"product_tag":[],"class_list":{"0":"post-33984","1":"product","2":"type-product","3":"status-publish","4":"has-post-thumbnail","6":"product_cat-libres-oc","7":"product_cat-literatura-oc","8":"product_cat-romans-novelas-oc","9":"pa_auteur-barsotti-claudi-oc","10":"pa_editeur-ieo-fr-oc","11":"pa_langue-occitan-oc","12":"pa_langue-occitan-provencau-oc","13":"entry","15":"first","16":"instock","17":"shipping-taxable","18":"purchasable","19":"product-type-simple"},"acf":[],"_links":{"self":[{"href":"https:\/\/www.libraria-occitana.org\/oc\/wp-json\/wp\/v2\/product\/33984","targetHints":{"allow":["GET"]}}],"collection":[{"href":"https:\/\/www.libraria-occitana.org\/oc\/wp-json\/wp\/v2\/product"}],"about":[{"href":"https:\/\/www.libraria-occitana.org\/oc\/wp-json\/wp\/v2\/types\/product"}],"wp:featuredmedia":[{"embeddable":true,"href":"https:\/\/www.libraria-occitana.org\/oc\/wp-json\/wp\/v2\/media\/53774"}],"wp:attachment":[{"href":"https:\/\/www.libraria-occitana.org\/oc\/wp-json\/wp\/v2\/media?parent=33984"}],"wp:term":[{"taxonomy":"product_brand","embeddable":true,"href":"https:\/\/www.libraria-occitana.org\/oc\/wp-json\/wp\/v2\/product_brand?post=33984"},{"taxonomy":"product_cat","embeddable":true,"href":"https:\/\/www.libraria-occitana.org\/oc\/wp-json\/wp\/v2\/product_cat?post=33984"},{"taxonomy":"product_tag","embeddable":true,"href":"https:\/\/www.libraria-occitana.org\/oc\/wp-json\/wp\/v2\/product_tag?post=33984"}],"curies":[{"name":"wp","href":"https:\/\/api.w.org\/{rel}","templated":true}]}}