{"id":33987,"date":"2012-03-21T19:53:31","date_gmt":"2012-03-21T18:53:31","guid":{"rendered":"http:\/\/www.libraria-occitana.org\/?post_type=product&#038;p=33987\/"},"modified":"2026-04-29T10:27:16","modified_gmt":"2026-04-29T08:27:16","slug":"lenfant-aux-deux-langues","status":"publish","type":"product","link":"https:\/\/www.libraria-occitana.org\/oc\/produch\/lenfant-aux-deux-langues\/","title":{"rendered":"L&#8217;enfant aux deux langues"},"content":{"rendered":"<p>Quel est l&#8217;\u00e2ge auquel il convient d&#8217;introduire l&#8217;enseignement d&#8217;une deuxi\u00e8me langue ? Quelles sont les facult\u00e9s intellectuelles dont le bilinguisme facilite le d\u00e9veloppement ? Quelle est l&#8217;efficacit\u00e9 compar\u00e9e de l&#8217;apprentissage des langues au d\u00e9but de la vie et durant la p\u00e9riode adulte ? Dans quels cas oublie-t-on une de ses deux langues, notamment sa langue maternelle ?<\/p>\n<p>Les Fran\u00e7ais sont persuad\u00e9s qu&#8217;ils sont peu dou\u00e9s pour les langues, alors que n&#8217;importe qui peut devenir parfaitement bilingue pourvu que l&#8217;on consente \u00e0 cr\u00e9er pour cela les conditions favorables.<\/p>\n","protected":false},"excerpt":{"rendered":"<p>Quel est l&#8217;\u00e2ge auquel il convient d&#8217;introduire l&#8217;enseignement d&#8217;une deuxi\u00e8me langue ? Quelles sont les facult\u00e9s intellectuelles dont le bilinguisme facilite le d\u00e9veloppement ? Quelle est l&#8217;efficacit\u00e9 compar\u00e9e de l&#8217;apprentissage des langues au d\u00e9but de la vie et durant la p\u00e9riode adulte ? Dans quels cas oublie-t-on une de ses deux langues, notamment sa langue [&hellip;]<\/p>\n","protected":false},"featured_media":58303,"template":"","meta":{"_acf_changed":false,"_genesis_hide_title":false,"_genesis_hide_breadcrumbs":false,"_genesis_hide_singular_image":false,"_genesis_hide_footer_widgets":false,"_genesis_custom_body_class":"","_genesis_custom_post_class":"","_genesis_layout":""},"product_brand":[],"product_cat":[7133,7203],"product_tag":[],"class_list":{"0":"post-33987","1":"product","2":"type-product","3":"status-publish","4":"has-post-thumbnail","6":"product_cat-libres-oc","7":"product_cat-politica-sociologia-actualitat-oc","8":"pa_auteur-hagege-claude-oc","9":"pa_editeur-odile-jacob-oc","10":"pa_langue-francais-oc","11":"entry","13":"first","14":"instock","15":"shipping-taxable","16":"purchasable","17":"product-type-simple"},"acf":[],"_links":{"self":[{"href":"https:\/\/www.libraria-occitana.org\/oc\/wp-json\/wp\/v2\/product\/33987","targetHints":{"allow":["GET"]}}],"collection":[{"href":"https:\/\/www.libraria-occitana.org\/oc\/wp-json\/wp\/v2\/product"}],"about":[{"href":"https:\/\/www.libraria-occitana.org\/oc\/wp-json\/wp\/v2\/types\/product"}],"wp:featuredmedia":[{"embeddable":true,"href":"https:\/\/www.libraria-occitana.org\/oc\/wp-json\/wp\/v2\/media\/58303"}],"wp:attachment":[{"href":"https:\/\/www.libraria-occitana.org\/oc\/wp-json\/wp\/v2\/media?parent=33987"}],"wp:term":[{"taxonomy":"product_brand","embeddable":true,"href":"https:\/\/www.libraria-occitana.org\/oc\/wp-json\/wp\/v2\/product_brand?post=33987"},{"taxonomy":"product_cat","embeddable":true,"href":"https:\/\/www.libraria-occitana.org\/oc\/wp-json\/wp\/v2\/product_cat?post=33987"},{"taxonomy":"product_tag","embeddable":true,"href":"https:\/\/www.libraria-occitana.org\/oc\/wp-json\/wp\/v2\/product_tag?post=33987"}],"curies":[{"name":"wp","href":"https:\/\/api.w.org\/{rel}","templated":true}]}}