{"id":33990,"date":"2001-03-04T15:25:13","date_gmt":"2001-03-04T14:25:13","guid":{"rendered":"http:\/\/www.libraria-occitana.org\/?post_type=product&#038;p=33990\/"},"modified":"2026-04-17T23:41:54","modified_gmt":"2026-04-17T21:41:54","slug":"leroi-talhat","status":"publish","type":"product","link":"https:\/\/www.libraria-occitana.org\/oc\/produch\/leroi-talhat\/","title":{"rendered":"L&#8217;er\u00f2i talhat"},"content":{"rendered":"<blockquote>\n<p>L&#8217;Autor a pensat que seri\u00e1 de portar al cartab\u00e8l, qu&#8217;es de son pensament contunh\u00f3s, del pa\u00eds sieu e v\u00f2stre la mem\u00f2ria d&#8217;una tala pontannada excessiva, e, per \u00e7\u00f2 far melhor, a causit de prene la pluma del romanci\u00e8r, amb laquala crei, bensai per otran\u00e7a d&#8217;ufana, de tirar a significacion marcanta lo teatre dels faches, en i fasent passar los personatges de l&#8217;ist\u00f2ria segon una intriga meditada e en n&#8217;ajustant qualques unes de son \u00e8ime.<\/p>\n<p>En fidelitat a \u00e7\u00f2 qu&#8217;es de son estat ja pro afortit en \u00f2bras, podi\u00e1 pas que servir amb la fama del pa\u00eds l&#8217;onor de son lengatge, amb d&#8217;aitan mai de passion recompensada que rencontrava entre las quintas de l&#8217;ep\u00f2ca lo n\u00f2stre P\u00e8ire Godolin, que fagu\u00e8t montar, coma se sap, lo vulgar de Tolosa a l&#8217;au\u00e7ada d&#8217;una lenga de grand naissen\u00e7a. Dins l&#8217;afar, devi\u00e1 considerar que s&#8217;aqueste engenh patriotic avi\u00e1 pro capitat sul camp de la po\u00ebsia e d&#8217;una c\u00e8rta pr\u00f2sa fantasiosa a tornar sos quarti\u00e8rs de noblesa al mondin per descasen\u00e7a abastardit, lo terren demorava voide per son entrepresa pr\u00f2pria, de contar d&#8217;aventuras amb aquel natural ajustat al roman que ne fasi\u00e1 alara demostran\u00e7a la lenga rivala de las ribas de Leire e de S\u00e8ina. Los perilhs de l&#8217;entrepresa aital concebuda, de motlar n\u00f2stre paraul\u00eds dins una pr\u00f2sa qu&#8217;agu\u00e8t pas quand moment n&#8217;\u00e8ra, l&#8217;an pas arrestat. Esp\u00e8ra de n&#8217;\u00e8stre grandmercejat, Mossens, entre vosaus que manten\u00e8tz de boca e de legida aquel tresaur al c\u00f2fre de n\u00f2stra comuna verqui\u00e8ira.<\/p>\n<\/blockquote>\n<p>Amb <em>L&#8217;Er\u00f2i talhat<\/em>, Rob\u00e8rt Lafont bast\u00eds una ficcion istorica que sos fils se debanan a l&#8217;entorn de doas figuras a l&#8217;enc\u00f2p enigmaticas e especialament portairas de sens div\u00e8rses : a la comen\u00e7an\u00e7a, la de Juli Cesar Vanini, lo \u00ab libertin filos\u00f2f \u00bb que, partit d&#8217;It\u00e0lia (Taurisano dins las Polhas), finigu\u00e8t sa vida, apr\u00e8p de sejorns a Padoa, Ven\u00e9cia, Par\u00eds, Genoa e Londres, sul lenhi\u00e8r de la pla\u00e7a del Salin, a Tolosa, lo 9 de febri\u00e8r de 1619.\u00a0E a l&#8217;abotiment, l&#8217;autra figura, tan pastada de mist\u00e8ri e d&#8217;interrogacions, de l&#8217;Enric II de Montmorency, descapitat, se sap, dins la cort del dedins del Capit\u00f2li tolosan, lo 30 d&#8217;oct\u00f2bre de 1632.<\/p>\n<p>Trevat per l&#8217;\u00ab ombra del grand Godolin \u00bb \u2013 la pres\u00e9ncia del po\u00e8ta mondin fa lo ligam secret mas essencial entre los protagonistas m\u00e0gers del raconte e son quite autor \u2013 <em>L&#8217;Er\u00f2i talhat<\/em> emplega totas las armas de l&#8217;escritura narrativa per fin de nos acaminar dins l&#8217;esp\u00e9s sens nom e sens cara d&#8217;aquela succession d&#8217;ist\u00f2rias dins l&#8217;Ist\u00f2ria. Jamai benl\u00e8u Rob\u00e8rt Lafont \u00e8ra pas anat tan lu\u00e8nh e tan prigond dins sa soscadissa sus l&#8217;endevenir de las personas a se batre al c\u00f2r d&#8217;aquela \u00ab nuech ennegresida \u00bb traucada d&#8217;eslhauces qu&#8217;es la vida sociala e umana.<\/p>\n<p><a href=\"http:\/\/www.libraria-occitana.org\/produit\/la-huguenote\/\"><em>La Huguenote<\/em><\/a>, version francesa de \u00ab L\u2019Uganauda \u00bb dins <em>L&#8217;er\u00f2i talhat<\/em><\/p>\n","protected":false},"excerpt":{"rendered":"<p>L&#8217;Autor a pensat que seri\u00e1 de portar al cartab\u00e8l, qu&#8217;es de son pensament contunh\u00f3s, del pa\u00eds sieu e v\u00f2stre la mem\u00f2ria d&#8217;una tala pontannada excessiva, e, per \u00e7\u00f2 far melhor, a causit de prene la pluma del romanci\u00e8r, amb laquala crei, bensai per otran\u00e7a d&#8217;ufana, de tirar a significacion marcanta lo teatre dels faches, en [&hellip;]<\/p>\n","protected":false},"featured_media":52374,"template":"","meta":{"_acf_changed":false,"_genesis_hide_title":false,"_genesis_hide_breadcrumbs":false,"_genesis_hide_singular_image":false,"_genesis_hide_footer_widgets":false,"_genesis_custom_body_class":"","_genesis_custom_post_class":"","_genesis_layout":""},"product_brand":[],"product_cat":[7133,7175,7183],"product_tag":[],"class_list":{"0":"post-33990","1":"product","2":"type-product","3":"status-publish","4":"has-post-thumbnail","6":"product_cat-libres-oc","7":"product_cat-literatura-oc","8":"product_cat-romans-novelas-oc","9":"pa_editeur-trabucaire-oc","10":"pa_illustrateur-lafont-robert-oc","11":"pa_langue-occitan-oc","12":"pa_langue-occitan-lengadocian-oc","13":"entry","15":"first","16":"outofstock","17":"shipping-taxable","18":"purchasable","19":"product-type-simple"},"acf":[],"_links":{"self":[{"href":"https:\/\/www.libraria-occitana.org\/oc\/wp-json\/wp\/v2\/product\/33990","targetHints":{"allow":["GET"]}}],"collection":[{"href":"https:\/\/www.libraria-occitana.org\/oc\/wp-json\/wp\/v2\/product"}],"about":[{"href":"https:\/\/www.libraria-occitana.org\/oc\/wp-json\/wp\/v2\/types\/product"}],"wp:featuredmedia":[{"embeddable":true,"href":"https:\/\/www.libraria-occitana.org\/oc\/wp-json\/wp\/v2\/media\/52374"}],"wp:attachment":[{"href":"https:\/\/www.libraria-occitana.org\/oc\/wp-json\/wp\/v2\/media?parent=33990"}],"wp:term":[{"taxonomy":"product_brand","embeddable":true,"href":"https:\/\/www.libraria-occitana.org\/oc\/wp-json\/wp\/v2\/product_brand?post=33990"},{"taxonomy":"product_cat","embeddable":true,"href":"https:\/\/www.libraria-occitana.org\/oc\/wp-json\/wp\/v2\/product_cat?post=33990"},{"taxonomy":"product_tag","embeddable":true,"href":"https:\/\/www.libraria-occitana.org\/oc\/wp-json\/wp\/v2\/product_tag?post=33990"}],"curies":[{"name":"wp","href":"https:\/\/api.w.org\/{rel}","templated":true}]}}