{"id":34012,"date":"2014-10-22T15:34:11","date_gmt":"2014-10-22T13:34:11","guid":{"rendered":"http:\/\/www.libraria-occitana.org\/?post_type=product&#038;p=34012\/"},"modified":"2024-07-04T00:26:04","modified_gmt":"2024-07-03T22:26:04","slug":"laccordeon-diatonique-des-salons-mondains-aux-bals-populaires-1829-2014","status":"publish","type":"product","link":"https:\/\/www.libraria-occitana.org\/oc\/produch\/laccordeon-diatonique-des-salons-mondains-aux-bals-populaires-1829-2014\/","title":{"rendered":"L&#8217;accord\u00e9on diatonique des salons mondains aux bals populaires (1829-2014)"},"content":{"rendered":"<p>Gr\u00e2ce aux explorateurs, missionnaires, marins et \u00e9migrants, l\u2019accord\u00e9on diatonique, invent\u00e9 et manufactur\u00e9 en Europe au XIXe si\u00e8cle, s\u2019est enracin\u00e9 dans tous les continents et a contribu\u00e9 \u00e0 l\u2019\u00e9closion de nouvelles musiques \u00e0 danser. Jou\u00e9 partout par une foule d\u2019anonymes, il est aussi mis en valeur par un grand nombre de musiciens renomm\u00e9s et talentueux.<\/p>\n<p>Connu en France sous divers petits noms (<em>boest an diaoul<\/em> en Bretagne, <em>diableton<\/em> en Occitanie, <em>trikitixa<\/em> au Pays basque ou encore <em>r\u00e2l\u00e9-pouss\u00e9<\/em> \u00e0 La R\u00e9union), l\u2019accord\u00e9on diatonique a \u00e9t\u00e9, pendant la premi\u00e8re moiti\u00e9 du XXe si\u00e8cle, l\u2019instrument populaire par excellence. Pendant un demi-si\u00e8cle, il a accompagn\u00e9 la vie musicale des villes et des villages fran\u00e7ais, fait danser des dizaines de couples, anim\u00e9 les bals de noce, et m\u00eame \u00e9gaill\u00e9 la vie des soldats dans les casernes et dans les tranch\u00e9es. Depuis le d\u00e9but des ann\u00e9es 1970, il conna\u00eet une renaissance spectaculaire et a trouv\u00e9 un second souffle entre les mains de musiciens inventifs et novateurs.<\/p>\n<p>\u00c0 partir de sources \u00e9crites, de documents historiques et iconographiques, de t\u00e9moignages litt\u00e9raires et de r\u00e9cits de voyage, Patrick Lavaud se fait conteur et nous entra\u00eene sur les routes de l\u2019accord\u00e9on diatonique, depuis son invention \u00e0 Vienne, en 1829, sous le nom d\u2019accordion. Richement illustr\u00e9, ce bel ouvrage suit la trace de l\u2019instrument dans les salons mondains et dans la rue, les ports et les bateaux, des pays au bout du monde, les villes et les campagnes, les bistrots et les guinguettes, les concerts et les bals.<\/p>\n","protected":false},"excerpt":{"rendered":"<p>Gr\u00e2ce aux explorateurs, missionnaires, marins et \u00e9migrants, l\u2019accord\u00e9on diatonique, invent\u00e9 et manufactur\u00e9 en Europe au XIXe si\u00e8cle, s\u2019est enracin\u00e9 dans tous les continents et a contribu\u00e9 \u00e0 l\u2019\u00e9closion de nouvelles musiques \u00e0 danser. Jou\u00e9 partout par une foule d\u2019anonymes, il est aussi mis en valeur par un grand nombre de musiciens renomm\u00e9s et talentueux. Connu [&hellip;]<\/p>\n","protected":false},"featured_media":37806,"template":"","meta":{"_acf_changed":false,"_genesis_hide_title":false,"_genesis_hide_breadcrumbs":false,"_genesis_hide_singular_image":false,"_genesis_hide_footer_widgets":false,"_genesis_custom_body_class":"","_genesis_custom_post_class":"","_genesis_layout":""},"product_brand":[],"product_cat":[7195,7133,7191],"product_tag":[],"class_list":{"0":"post-34012","1":"product","2":"type-product","3":"status-publish","4":"has-post-thumbnail","6":"product_cat-estudis-oc","7":"product_cat-libres-oc","8":"product_cat-musica-danca-oc","9":"pa_auteur-lavaud-patrick-oc","10":"pa_editeur-confluences-oc","11":"pa_langue-francais-oc","12":"entry","14":"first","15":"outofstock","16":"shipping-taxable","17":"purchasable","18":"product-type-simple"},"acf":[],"_links":{"self":[{"href":"https:\/\/www.libraria-occitana.org\/oc\/wp-json\/wp\/v2\/product\/34012","targetHints":{"allow":["GET"]}}],"collection":[{"href":"https:\/\/www.libraria-occitana.org\/oc\/wp-json\/wp\/v2\/product"}],"about":[{"href":"https:\/\/www.libraria-occitana.org\/oc\/wp-json\/wp\/v2\/types\/product"}],"wp:featuredmedia":[{"embeddable":true,"href":"https:\/\/www.libraria-occitana.org\/oc\/wp-json\/wp\/v2\/media\/37806"}],"wp:attachment":[{"href":"https:\/\/www.libraria-occitana.org\/oc\/wp-json\/wp\/v2\/media?parent=34012"}],"wp:term":[{"taxonomy":"product_brand","embeddable":true,"href":"https:\/\/www.libraria-occitana.org\/oc\/wp-json\/wp\/v2\/product_brand?post=34012"},{"taxonomy":"product_cat","embeddable":true,"href":"https:\/\/www.libraria-occitana.org\/oc\/wp-json\/wp\/v2\/product_cat?post=34012"},{"taxonomy":"product_tag","embeddable":true,"href":"https:\/\/www.libraria-occitana.org\/oc\/wp-json\/wp\/v2\/product_tag?post=34012"}],"curies":[{"name":"wp","href":"https:\/\/api.w.org\/{rel}","templated":true}]}}