{"id":34032,"date":"2021-10-06T18:40:54","date_gmt":"2021-10-06T16:40:54","guid":{"rendered":"http:\/\/www.libraria-occitana.org\/?post_type=product&#038;p=34032\/"},"modified":"2026-04-24T23:56:57","modified_gmt":"2026-04-24T21:56:57","slug":"lorra-istoera-dun-hilh-de-gelos","status":"publish","type":"product","link":"https:\/\/www.libraria-occitana.org\/oc\/produch\/lorra-istoera-dun-hilh-de-gelos\/","title":{"rendered":"L&#8217;\u00f2rra isto\u00e8ra d&#8217;un hilh de Gel\u00f2s"},"content":{"rendered":"<blockquote>\n<p>Visen\u00e7 Labaisha n&#8217;a pas nada circonst\u00e0ncia atenuanta, \u00e7\u00f2 qui s&#8217;ap\u00e8ra nada, e qu&#8217;aqueths especialistas de las malaudias deu topin ne\u2019ns viengan pas avejar dab las lors rant\u00f2inas. Qu&#8217;a h\u00e8it de maishanteria. qu&#8217;ei anat dinc au cap d&#8217;aqueras tristas ideas qui daunejan en la societat desempuish annadas, segon las quaus un pair e ua mair n&#8217;an pas nat dret suus lors mainatges, e se&#8217;n v\u00f3len aver, aquestes quan lo dret de s&#8217;arrevendir, qu\u2019an lo dever de s&#8217;arrevendir. \u00c7\u00f3 de mau non p\u00f3t har bona fin, e puishque Visen\u00e7 Labaisha a volut seguir aquera trista m\u00f2da, tamp\u00eds per eth, jo ne\u2019u vau pas anar pl\u00e0nher, ni pensi guaire de monde a Gel\u00f2s. A Visen\u00e7 Labaisha que l&#8217;aur\u00e9n devut deishar au gave.<\/p>\n<\/blockquote>\n<p>Prum\u00e8r roman d&#8217;Eric Gonzal\u00e8s. Pr\u00e8mi Joan Bodon 1996.<\/p>\n<p>L&#8217;autor que torn\u00e8 tribalhar l&#8217;estille, que cambi\u00e8 mots deu lexic ent\u00e0 har ganhar au son roman mei de precision e de ritme.<\/p>\n<p>Que son s\u00e8t relats d\u2019ua medisha ist\u00f2ria : la temptativa de murtre de duas personas e la mort deu copable presumit.<\/p>\n","protected":false},"excerpt":{"rendered":"<p>Visen\u00e7 Labaisha n&#8217;a pas nada circonst\u00e0ncia atenuanta, \u00e7\u00f2 qui s&#8217;ap\u00e8ra nada, e qu&#8217;aqueths especialistas de las malaudias deu topin ne\u2019ns viengan pas avejar dab las lors rant\u00f2inas. Qu&#8217;a h\u00e8it de maishanteria. qu&#8217;ei anat dinc au cap d&#8217;aqueras tristas ideas qui daunejan en la societat desempuish annadas, segon las quaus un pair e ua mair n&#8217;an [&hellip;]<\/p>\n","protected":false},"featured_media":54995,"template":"","meta":{"_acf_changed":false,"_genesis_hide_title":false,"_genesis_hide_breadcrumbs":false,"_genesis_hide_singular_image":false,"_genesis_hide_footer_widgets":false,"_genesis_custom_body_class":"","_genesis_custom_post_class":"","_genesis_layout":""},"product_brand":[],"product_cat":[7133,7175,7183],"product_tag":[],"class_list":{"0":"post-34032","1":"product","2":"type-product","3":"status-publish","4":"has-post-thumbnail","6":"product_cat-libres-oc","7":"product_cat-literatura-oc","8":"product_cat-romans-novelas-oc","9":"pa_auteur-gonzales-eric-oc","10":"pa_editeur-reclams-oc","11":"pa_langue-occitan-oc","12":"pa_langue-occitan-gascon-oc","13":"entry","15":"first","16":"instock","17":"shipping-taxable","18":"purchasable","19":"product-type-simple"},"acf":[],"_links":{"self":[{"href":"https:\/\/www.libraria-occitana.org\/oc\/wp-json\/wp\/v2\/product\/34032","targetHints":{"allow":["GET"]}}],"collection":[{"href":"https:\/\/www.libraria-occitana.org\/oc\/wp-json\/wp\/v2\/product"}],"about":[{"href":"https:\/\/www.libraria-occitana.org\/oc\/wp-json\/wp\/v2\/types\/product"}],"wp:featuredmedia":[{"embeddable":true,"href":"https:\/\/www.libraria-occitana.org\/oc\/wp-json\/wp\/v2\/media\/54995"}],"wp:attachment":[{"href":"https:\/\/www.libraria-occitana.org\/oc\/wp-json\/wp\/v2\/media?parent=34032"}],"wp:term":[{"taxonomy":"product_brand","embeddable":true,"href":"https:\/\/www.libraria-occitana.org\/oc\/wp-json\/wp\/v2\/product_brand?post=34032"},{"taxonomy":"product_cat","embeddable":true,"href":"https:\/\/www.libraria-occitana.org\/oc\/wp-json\/wp\/v2\/product_cat?post=34032"},{"taxonomy":"product_tag","embeddable":true,"href":"https:\/\/www.libraria-occitana.org\/oc\/wp-json\/wp\/v2\/product_tag?post=34032"}],"curies":[{"name":"wp","href":"https:\/\/api.w.org\/{rel}","templated":true}]}}