{"id":34034,"date":"2011-09-01T08:15:01","date_gmt":"2011-09-01T06:15:01","guid":{"rendered":"http:\/\/www.libraria-occitana.org\/?post_type=product&#038;p=34034\/"},"modified":"2026-04-19T23:01:56","modified_gmt":"2026-04-19T21:01:56","slug":"lome-que-plantava-darbres","status":"publish","type":"product","link":"https:\/\/www.libraria-occitana.org\/oc\/produch\/lome-que-plantava-darbres\/","title":{"rendered":"L&#8217;\u00f2me que plantava d&#8217;arbres"},"content":{"rendered":"<p>Revirat en occitan lengadocian per J\u00f2rdi Blanc. Illustracions de Fr\u00e9d\u00e9ric Back.<\/p>\n<p>A l\u2019occasion d\u2019una longa escorreguda a p\u00e8 dins un airal des\u00e8rt e enermassit de Proven\u00e7a Nauta, l\u2019autor encontra un pastre solitari que plantava d\u2019arbres, d\u2019arbres a milierats.<br \/>\nBrave e pacific, sus de t\u00e8rras que son pas quitament seus, f\u00e8rm dins son pr\u00e8tzfach, las doas gu\u00e8rras mondialas e lo vielhum lo fan pas ni dobtar ni abandonar.<br \/>\nAital, annada apr\u00e8s annada, tot una t\u00e8rra e tot un pa\u00eds t\u00f2rnan a la vida.<\/p>\n<blockquote>\n<p>Lo pastre, que fumava pas, an\u00e8t cercar un sacon e vog\u00e8t sus la taula un molon d\u2019aglans. Se met\u00e8t a los espelucar, un pu\u00e8i l\u2019autre, menimosament, e a destriar los bons dels marrits. Tiravi sus la pipa. Me propaus\u00e8ri per l\u2019ajudar. Me digu\u00e8t qu\u2019aqu\u00f2\u2019s \u00e8ra son afar. Aqu\u00f2 rai : vist coss\u00ed i permejava, i torn\u00e8ri pas. Aqu\u00ed tota n\u00f2stra parlicada.<\/p>\n<\/blockquote>\n","protected":false},"excerpt":{"rendered":"<p>Revirat en occitan lengadocian per J\u00f2rdi Blanc. Illustracions de Fr\u00e9d\u00e9ric Back. A l\u2019occasion d\u2019una longa escorreguda a p\u00e8 dins un airal des\u00e8rt e enermassit de Proven\u00e7a Nauta, l\u2019autor encontra un pastre solitari que plantava d\u2019arbres, d\u2019arbres a milierats. Brave e pacific, sus de t\u00e8rras que son pas quitament seus, f\u00e8rm dins son pr\u00e8tzfach, las doas [&hellip;]<\/p>\n","protected":false},"featured_media":61863,"template":"","meta":{"_acf_changed":false,"_genesis_hide_title":false,"_genesis_hide_breadcrumbs":false,"_genesis_hide_singular_image":false,"_genesis_hide_footer_widgets":false,"_genesis_custom_body_class":"","_genesis_custom_post_class":"","_genesis_layout":""},"product_brand":[],"product_cat":[7167,7165,7133],"product_tag":[],"class_list":{"0":"post-34034","1":"product","2":"type-product","3":"status-publish","4":"has-post-thumbnail","6":"product_cat-ados-oc","7":"product_cat-jounessa-bd-umor","8":"product_cat-libres-oc","9":"pa_auteur-giono-jean-oc","10":"pa_editeur-vent-terral-oc","11":"pa_illustrateur-back-frederic-oc","12":"pa_illustrateur-blanc-jordi-1-oc","13":"pa_langue-occitan-oc","14":"pa_langue-occitan-lengadocian-oc","15":"entry","17":"first","18":"instock","19":"sold-individually","20":"shipping-taxable","21":"purchasable","22":"product-type-simple"},"acf":[],"_links":{"self":[{"href":"https:\/\/www.libraria-occitana.org\/oc\/wp-json\/wp\/v2\/product\/34034","targetHints":{"allow":["GET"]}}],"collection":[{"href":"https:\/\/www.libraria-occitana.org\/oc\/wp-json\/wp\/v2\/product"}],"about":[{"href":"https:\/\/www.libraria-occitana.org\/oc\/wp-json\/wp\/v2\/types\/product"}],"wp:featuredmedia":[{"embeddable":true,"href":"https:\/\/www.libraria-occitana.org\/oc\/wp-json\/wp\/v2\/media\/61863"}],"wp:attachment":[{"href":"https:\/\/www.libraria-occitana.org\/oc\/wp-json\/wp\/v2\/media?parent=34034"}],"wp:term":[{"taxonomy":"product_brand","embeddable":true,"href":"https:\/\/www.libraria-occitana.org\/oc\/wp-json\/wp\/v2\/product_brand?post=34034"},{"taxonomy":"product_cat","embeddable":true,"href":"https:\/\/www.libraria-occitana.org\/oc\/wp-json\/wp\/v2\/product_cat?post=34034"},{"taxonomy":"product_tag","embeddable":true,"href":"https:\/\/www.libraria-occitana.org\/oc\/wp-json\/wp\/v2\/product_tag?post=34034"}],"curies":[{"name":"wp","href":"https:\/\/api.w.org\/{rel}","templated":true}]}}