{"id":34047,"date":"2019-03-17T12:02:04","date_gmt":"2019-03-17T11:02:04","guid":{"rendered":"http:\/\/www.libraria-occitana.org\/?post_type=product&#038;p=34047\/"},"modified":"2026-04-02T20:26:30","modified_gmt":"2026-04-02T18:26:30","slug":"jouets-de-plantes-histoires-et-secrets-de-fabrications","status":"publish","type":"product","link":"https:\/\/www.libraria-occitana.org\/oc\/produch\/jouets-de-plantes-histoires-et-secrets-de-fabrications\/","title":{"rendered":"Jouets de plantes : Histoires et secrets de fabrications"},"content":{"rendered":"<p>Noix, coquelicot, sureau, bl\u00e9, pomme, chardon, lierre&#8230; au fil des balades de \u00ab l&#8217;\u00e9cole buissonni\u00e8re \u00bb, plus de 150 plantes, arbres, l\u00e9gumes et fruits sont utilis\u00e9s pour fabriquer des jouets au naturel. En quelques minutes, avec ce que leur offre la nature, petits et grands se confectionnent un sifflet, un petit bateau, une fronde, une poup\u00e9e ou une couronne de fleurs.<\/p>\n<p>C&#8217;est ce que nous raconte Christine Armengaud au fil des pages de ce beau livre ; \u00e0 travers son travail d&#8217;ethnologue depuis plus de 30 ans d&#8217;abord, qui lui a permis de recueillir t\u00e9moignages et pratiques (elle sait les fabriquer !) ; \u00e0 partir aussi de sa fabuleuse collection de jouets non manufactur\u00e9s, rare t\u00e9moignage visuel de cette richesse&#8230;<br \/>\nUne richesse \u00e0 red\u00e9couvrir, et \u00e0 faire d\u00e9couvrir \u00e0 vos enfants, gr\u00e2ce notamment \u00e0 un cahier pratique de fabrication pour r\u00e9aliser vous-m\u00eame ces jouets naturels.<\/p>\n","protected":false},"excerpt":{"rendered":"<p>Noix, coquelicot, sureau, bl\u00e9, pomme, chardon, lierre&#8230; au fil des balades de \u00ab l&#8217;\u00e9cole buissonni\u00e8re \u00bb, plus de 150 plantes, arbres, l\u00e9gumes et fruits sont utilis\u00e9s pour fabriquer des jouets au naturel. En quelques minutes, avec ce que leur offre la nature, petits et grands se confectionnent un sifflet, un petit bateau, une fronde, une [&hellip;]<\/p>\n","protected":false},"featured_media":44827,"template":"","meta":{"_acf_changed":false,"_genesis_hide_title":false,"_genesis_hide_breadcrumbs":false,"_genesis_hide_singular_image":false,"_genesis_hide_footer_widgets":false,"_genesis_custom_body_class":"","_genesis_custom_post_class":"","_genesis_layout":""},"product_brand":[],"product_cat":[7133,7165,7171,7207,7213],"product_tag":[],"class_list":{"0":"post-34047","1":"product","2":"type-product","3":"status-publish","4":"has-post-thumbnail","6":"product_cat-libres-oc","7":"product_cat-jounessa-bd-umor","8":"product_cat-drolles-oc","9":"product_cat-tradicions-patrimoni-oc","10":"product_cat-metiers-saubre-far-oc","11":"pa_auteur-armengaud-christine-oc","12":"pa_editeur-plume-de-carotte-oc","13":"pa_langue-francais-oc","14":"entry","16":"first","17":"outofstock","18":"shipping-taxable","19":"purchasable","20":"product-type-simple"},"acf":[],"_links":{"self":[{"href":"https:\/\/www.libraria-occitana.org\/oc\/wp-json\/wp\/v2\/product\/34047","targetHints":{"allow":["GET"]}}],"collection":[{"href":"https:\/\/www.libraria-occitana.org\/oc\/wp-json\/wp\/v2\/product"}],"about":[{"href":"https:\/\/www.libraria-occitana.org\/oc\/wp-json\/wp\/v2\/types\/product"}],"wp:featuredmedia":[{"embeddable":true,"href":"https:\/\/www.libraria-occitana.org\/oc\/wp-json\/wp\/v2\/media\/44827"}],"wp:attachment":[{"href":"https:\/\/www.libraria-occitana.org\/oc\/wp-json\/wp\/v2\/media?parent=34047"}],"wp:term":[{"taxonomy":"product_brand","embeddable":true,"href":"https:\/\/www.libraria-occitana.org\/oc\/wp-json\/wp\/v2\/product_brand?post=34047"},{"taxonomy":"product_cat","embeddable":true,"href":"https:\/\/www.libraria-occitana.org\/oc\/wp-json\/wp\/v2\/product_cat?post=34047"},{"taxonomy":"product_tag","embeddable":true,"href":"https:\/\/www.libraria-occitana.org\/oc\/wp-json\/wp\/v2\/product_tag?post=34047"}],"curies":[{"name":"wp","href":"https:\/\/api.w.org\/{rel}","templated":true}]}}