{"id":34054,"date":"2007-06-25T17:21:02","date_gmt":"2007-06-25T15:21:02","guid":{"rendered":"http:\/\/www.libraria-occitana.org\/?post_type=product&#038;p=34054\/"},"modified":"2026-04-14T23:41:45","modified_gmt":"2026-04-14T21:41:45","slug":"jouets-sonores-amb-lo-cabreton","status":"publish","type":"product","link":"https:\/\/www.libraria-occitana.org\/oc\/produch\/jouets-sonores-amb-lo-cabreton\/","title":{"rendered":"Jouets sonores : Amb lo cabreton"},"content":{"rendered":"<p>Bo\u00eetes de pellicule photo, gobelets, stylos, feutres, ballons, pailles, tubes&#8230; tout est bon pour r\u00e9aliser des jouets sonores ou de petits instruments. Avec ces mat\u00e9riaux rudimentaires, les enfants apprennent \u00e0 recr\u00e9er l&#8217;ambiance sonore du bord de mer, de la ferme, de la ville et d&#8217;autres univers dont seul Serge Durin d\u00e9tenait les cl\u00e9s.<\/p>\n<p>Bient\u00f4t, gr\u00e2ce \u00e0 ce livre, dans les mains des enfants et de leurs parents, un gobelet chantera comme une poule ou un crapaud, un feutre imitera la mouette ou le rossignol, un tube deviendra fl\u00fbte harmonique ou clarinette. Ce livre est une bo\u00eete magique : plus de quatre-vingts chants, sonorit\u00e9s, animaux ou instruments y dorment&#8230; r\u00e9veillez-les !<\/p>\n<p>Texte bilingue fran\u00e7ais-occitan avec croquis explicatifs.<\/p>\n","protected":false},"excerpt":{"rendered":"<p>Bo\u00eetes de pellicule photo, gobelets, stylos, feutres, ballons, pailles, tubes&#8230; tout est bon pour r\u00e9aliser des jouets sonores ou de petits instruments. Avec ces mat\u00e9riaux rudimentaires, les enfants apprennent \u00e0 recr\u00e9er l&#8217;ambiance sonore du bord de mer, de la ferme, de la ville et d&#8217;autres univers dont seul Serge Durin d\u00e9tenait les cl\u00e9s. Bient\u00f4t, gr\u00e2ce [&hellip;]<\/p>\n","protected":false},"featured_media":62018,"template":"","meta":{"_acf_changed":false,"_genesis_hide_title":false,"_genesis_hide_breadcrumbs":false,"_genesis_hide_singular_image":false,"_genesis_hide_footer_widgets":false,"_genesis_custom_body_class":"","_genesis_custom_post_class":"","_genesis_layout":""},"product_brand":[],"product_cat":[7171,7165,7133,7213,7207],"product_tag":[],"class_list":{"0":"post-34054","1":"product","2":"type-product","3":"status-publish","4":"has-post-thumbnail","6":"product_cat-drolles-oc","7":"product_cat-jounessa-bd-umor","8":"product_cat-libres-oc","9":"product_cat-metiers-saubre-far-oc","10":"product_cat-tradicions-patrimoni-oc","11":"pa_auteur-durin-serge-oc","12":"pa_editeur-lostal-del-libre-oc","13":"pa_illustrateur-giacomo-bernat-oc","14":"pa_illustrateur-morange-isabelle-oc","15":"pa_langue-occitan-lengadocian-oc","16":"pa_langue-occitan-provencau-oc","17":"entry","19":"first","20":"instock","21":"shipping-taxable","22":"purchasable","23":"product-type-simple"},"acf":[],"_links":{"self":[{"href":"https:\/\/www.libraria-occitana.org\/oc\/wp-json\/wp\/v2\/product\/34054","targetHints":{"allow":["GET"]}}],"collection":[{"href":"https:\/\/www.libraria-occitana.org\/oc\/wp-json\/wp\/v2\/product"}],"about":[{"href":"https:\/\/www.libraria-occitana.org\/oc\/wp-json\/wp\/v2\/types\/product"}],"wp:featuredmedia":[{"embeddable":true,"href":"https:\/\/www.libraria-occitana.org\/oc\/wp-json\/wp\/v2\/media\/62018"}],"wp:attachment":[{"href":"https:\/\/www.libraria-occitana.org\/oc\/wp-json\/wp\/v2\/media?parent=34054"}],"wp:term":[{"taxonomy":"product_brand","embeddable":true,"href":"https:\/\/www.libraria-occitana.org\/oc\/wp-json\/wp\/v2\/product_brand?post=34054"},{"taxonomy":"product_cat","embeddable":true,"href":"https:\/\/www.libraria-occitana.org\/oc\/wp-json\/wp\/v2\/product_cat?post=34054"},{"taxonomy":"product_tag","embeddable":true,"href":"https:\/\/www.libraria-occitana.org\/oc\/wp-json\/wp\/v2\/product_tag?post=34054"}],"curies":[{"name":"wp","href":"https:\/\/api.w.org\/{rel}","templated":true}]}}