{"id":34060,"date":"2010-09-25T12:16:29","date_gmt":"2010-09-25T10:16:29","guid":{"rendered":"http:\/\/www.libraria-occitana.org\/?post_type=product&#038;p=34060\/"},"modified":"2026-04-29T05:21:24","modified_gmt":"2026-04-29T03:21:24","slug":"joseph-couderc-chanteur-du-segala-una-vida-de-cancons","status":"publish","type":"product","link":"https:\/\/www.libraria-occitana.org\/oc\/produch\/joseph-couderc-chanteur-du-segala-una-vida-de-cancons\/","title":{"rendered":"Joseph Couderc, chanteur du S\u00e9gala : una vida de can\u00e7ons&#8230;"},"content":{"rendered":"<p>Joseph Couderc, originaire du S\u00e9gala aveyronnais, r\u00e9gion qui a toujours constitu\u00e9 une v\u00e9ritable p\u00e9pini\u00e8re de chanteurs, est n\u00e9 en 1919 \u00e0 Auriac-Lagast, canton de Cassagnes-B\u00e9gonh\u00e8s. Mais c&#8217;est au Garric, dans le Tarn (d\u00e9partement o\u00f9 il habite depuis 1954) que nous l&#8217;avons rencontr\u00e9 et enregistr\u00e9.<br \/>\nOutre son style particuli\u00e8rement remarquable que vous d\u00e9couvrirez \u00e0 travers ce disque de plus d&#8217;une heure de dur\u00e9e, Joseph totalise pr\u00e8s d&#8217;une centaine de chansons \u00e0 son r\u00e9pertoire.<br \/>\nCe disque apporte une pierre de plus au monument de la chanson occitane.<\/p>\n<p><strong>Titres :<\/strong><br \/>\n1. Dempu\u00e8i Auriac jusca a Marselha 5&#8217;36<br \/>\n2. Lo branlon 0&#8217;50<br \/>\n3. Je suis fillette \u00e0 plaindre 1&#8217;33<br \/>\n4. Davalavi la montanha 0&#8217;16<br \/>\n5. La can\u00e7on de Sant Joan 4&#8217;14<br \/>\n6. Quand la Marion 2&#8217;38<br \/>\n7. Los grelhs 0&#8217;27<br \/>\n8. Sul camin de Perpinhan 4&#8217;28<br \/>\n9. Per care\u00e7ar las filhas 0&#8217;16<br \/>\n10. Belle je viens mais tous les jours 4&#8217;52<br \/>\n11. En tornant de la fi\u00e8ira 1&#8217;05<br \/>\n12. Los dalhaires 3&#8217;33<br \/>\n13. Los dets 0&#8217;11<br \/>\n14. L&#8217;aim\u00e0vem n\u00f2stre Segalar 3&#8217;20<br \/>\n15. Polc\u00e0 picada 0&#8217;30<br \/>\n16. La vielh\u00f2ta 2&#8217;56<br \/>\n17. La borr\u00e8ia d&#8217;Auv\u00e8rnhe 0&#8217;30<br \/>\n18. Complainte du Juif errant 3&#8217;24<br \/>\n19. Le premier soir de mes noces 3&#8217;07<br \/>\n20. Ma maire se sabiatz 0&#8217;28<br \/>\n21. Los segaires 2&#8217;23<br \/>\n22. Quand lo boi\u00e8r 2&#8217;11<br \/>\n23. N\u00f2u s\u00f2rres s\u00e8m 2&#8217;21<br \/>\n24. Son davalats 0&#8217;30<br \/>\n25. Quand lo pastor\u00e8l se&#8217;n va deslargar 3&#8217;18<br \/>\n26. Can\u00e7on de las segas 4&#8217;07<br \/>\n27. La Marion s&#8217;en va au bois 3&#8217;40<br \/>\n28. Quand lo m\u00e8stre t\u00f2rna 1&#8217;41<br \/>\n29. Gentille pastourelle 4&#8217;00<br \/>\n30. Aqu\u00f2 depend del p\u00e8 1&#8217;10<br \/>\n31. Depuis Paris jusqu&#8217;\u00e0 Valence 3&#8217;31<br \/>\n32. Turlututu 0&#8217;20<\/p>\n","protected":false},"excerpt":{"rendered":"<p>Joseph Couderc, originaire du S\u00e9gala aveyronnais, r\u00e9gion qui a toujours constitu\u00e9 une v\u00e9ritable p\u00e9pini\u00e8re de chanteurs, est n\u00e9 en 1919 \u00e0 Auriac-Lagast, canton de Cassagnes-B\u00e9gonh\u00e8s. Mais c&#8217;est au Garric, dans le Tarn (d\u00e9partement o\u00f9 il habite depuis 1954) que nous l&#8217;avons rencontr\u00e9 et enregistr\u00e9. Outre son style particuli\u00e8rement remarquable que vous d\u00e9couvrirez \u00e0 travers ce [&hellip;]<\/p>\n","protected":false},"featured_media":45376,"template":"","meta":{"_acf_changed":false,"_genesis_hide_title":false,"_genesis_hide_breadcrumbs":false,"_genesis_hide_singular_image":false,"_genesis_hide_footer_widgets":false,"_genesis_custom_body_class":"","_genesis_custom_post_class":"","_genesis_layout":""},"product_brand":[],"product_cat":[16683,7237],"product_tag":[],"class_list":{"0":"post-34060","1":"product","2":"type-product","3":"status-publish","4":"has-post-thumbnail","6":"product_cat-musica-oc","7":"product_cat-tradicion-oc","8":"pa_auteur-cordae-la-talvera-fr-oc","9":"pa_auteur-couderc-joseph-oc","10":"pa_editeur-cordae-la-talvera-oc","11":"pa_langue-francais-oc","12":"pa_langue-occitan-oc","13":"pa_langue-occitan-lengadocian-oc","14":"entry","16":"first","17":"outofstock","18":"shipping-taxable","19":"purchasable","20":"product-type-simple"},"acf":[],"_links":{"self":[{"href":"https:\/\/www.libraria-occitana.org\/oc\/wp-json\/wp\/v2\/product\/34060","targetHints":{"allow":["GET"]}}],"collection":[{"href":"https:\/\/www.libraria-occitana.org\/oc\/wp-json\/wp\/v2\/product"}],"about":[{"href":"https:\/\/www.libraria-occitana.org\/oc\/wp-json\/wp\/v2\/types\/product"}],"wp:featuredmedia":[{"embeddable":true,"href":"https:\/\/www.libraria-occitana.org\/oc\/wp-json\/wp\/v2\/media\/45376"}],"wp:attachment":[{"href":"https:\/\/www.libraria-occitana.org\/oc\/wp-json\/wp\/v2\/media?parent=34060"}],"wp:term":[{"taxonomy":"product_brand","embeddable":true,"href":"https:\/\/www.libraria-occitana.org\/oc\/wp-json\/wp\/v2\/product_brand?post=34060"},{"taxonomy":"product_cat","embeddable":true,"href":"https:\/\/www.libraria-occitana.org\/oc\/wp-json\/wp\/v2\/product_cat?post=34060"},{"taxonomy":"product_tag","embeddable":true,"href":"https:\/\/www.libraria-occitana.org\/oc\/wp-json\/wp\/v2\/product_tag?post=34060"}],"curies":[{"name":"wp","href":"https:\/\/api.w.org\/{rel}","templated":true}]}}