{"id":34067,"date":"2005-11-12T11:59:25","date_gmt":"2005-11-12T10:59:25","guid":{"rendered":"http:\/\/www.libraria-occitana.org\/?post_type=product&#038;p=34067\/"},"modified":"2026-04-15T02:51:15","modified_gmt":"2026-04-15T00:51:15","slug":"jean-boudou-visionnaire-et-humaniste-del-cap-de-la-rega-a-la-talvera","status":"publish","type":"product","link":"https:\/\/www.libraria-occitana.org\/oc\/produch\/jean-boudou-visionnaire-et-humaniste-del-cap-de-la-rega-a-la-talvera\/","title":{"rendered":"Jean Boudou visionnaire et humaniste : Del cap de la rega a la talvera"},"content":{"rendered":"<p>\u00ab L&#8217;\u00e9crivain Jean Boudou (1920-1975) est maintenant connu. L&#8217;ensemble de son \u0153uvre (romans, contes, po\u00e8mes) s&#8217;enracine dans la culture occitane. Ses sources d&#8217;inspiration tiennent fortement compte de la donn\u00e9e linguistique et du contexte des ann\u00e9es 1945-1975.<br \/>\nToutefois, les limites de l&#8217;Occitanie seront irr\u00e9m\u00e9diablement franchies. En effet, l&#8217;\u00e9crivain sera attir\u00e9 par le dehors, fascin\u00e9 par la rencontre des autres cultures et surtout par l&#8217;humanisme qu&#8217;il en percevra.<\/p>\n<p>Dans ses romans, Jean Boudou analyse sans complaisance le progr\u00e8s, symbole de modernisme et de changement avec une lucidit\u00e9 surprenante. Il laisse d\u00e9j\u00e0 pr\u00e9sager des d\u00e9senchantements que nous vivons actuellement. Alors, l&#8217;homme d&#8217;oc ne peut que prendre la porte de la libert\u00e9 avec la \u201ctalvera\u201d, symbole de l&#8217;engagement de chacun et de tous.<br \/>\nCette vision pr\u00e9monitoire enrichit consid\u00e9rablement son \u0153uvre et m\u00e9rite un d\u00e9tour, trente ans apr\u00e8s la mort de l&#8217;\u00e9crivain. \u00bb<\/p>\n","protected":false},"excerpt":{"rendered":"<p>\u00ab L&#8217;\u00e9crivain Jean Boudou (1920-1975) est maintenant connu. L&#8217;ensemble de son \u0153uvre (romans, contes, po\u00e8mes) s&#8217;enracine dans la culture occitane. Ses sources d&#8217;inspiration tiennent fortement compte de la donn\u00e9e linguistique et du contexte des ann\u00e9es 1945-1975. Toutefois, les limites de l&#8217;Occitanie seront irr\u00e9m\u00e9diablement franchies. En effet, l&#8217;\u00e9crivain sera attir\u00e9 par le dehors, fascin\u00e9 par la [&hellip;]<\/p>\n","protected":false},"featured_media":53694,"template":"","meta":{"_acf_changed":false,"_genesis_hide_title":false,"_genesis_hide_breadcrumbs":false,"_genesis_hide_singular_image":false,"_genesis_hide_footer_widgets":false,"_genesis_custom_body_class":"","_genesis_custom_post_class":"","_genesis_layout":""},"product_brand":[],"product_cat":[7189,7133,7175],"product_tag":[],"class_list":{"0":"post-34067","1":"product","2":"type-product","3":"status-publish","4":"has-post-thumbnail","6":"product_cat-estudis-literaris-oc","7":"product_cat-libres-oc","8":"product_cat-literatura-oc","9":"pa_auteur-guibert-bertrand-oc","10":"pa_editeur-grelh-roergas-oc","11":"pa_illustrateur-devals-jean-pierre-oc","12":"pa_langue-occitan-lengadocian-oc","13":"pa_langue-occitan-francais-oc","14":"entry","16":"first","17":"instock","18":"shipping-taxable","19":"purchasable","20":"product-type-simple"},"acf":[],"_links":{"self":[{"href":"https:\/\/www.libraria-occitana.org\/oc\/wp-json\/wp\/v2\/product\/34067","targetHints":{"allow":["GET"]}}],"collection":[{"href":"https:\/\/www.libraria-occitana.org\/oc\/wp-json\/wp\/v2\/product"}],"about":[{"href":"https:\/\/www.libraria-occitana.org\/oc\/wp-json\/wp\/v2\/types\/product"}],"wp:featuredmedia":[{"embeddable":true,"href":"https:\/\/www.libraria-occitana.org\/oc\/wp-json\/wp\/v2\/media\/53694"}],"wp:attachment":[{"href":"https:\/\/www.libraria-occitana.org\/oc\/wp-json\/wp\/v2\/media?parent=34067"}],"wp:term":[{"taxonomy":"product_brand","embeddable":true,"href":"https:\/\/www.libraria-occitana.org\/oc\/wp-json\/wp\/v2\/product_brand?post=34067"},{"taxonomy":"product_cat","embeddable":true,"href":"https:\/\/www.libraria-occitana.org\/oc\/wp-json\/wp\/v2\/product_cat?post=34067"},{"taxonomy":"product_tag","embeddable":true,"href":"https:\/\/www.libraria-occitana.org\/oc\/wp-json\/wp\/v2\/product_tag?post=34067"}],"curies":[{"name":"wp","href":"https:\/\/api.w.org\/{rel}","templated":true}]}}