{"id":34097,"date":"2010-12-13T12:25:59","date_gmt":"2010-12-13T11:25:59","guid":{"rendered":"http:\/\/www.libraria-occitana.org\/?post_type=product&#038;p=34097\/"},"modified":"2024-07-04T00:24:09","modified_gmt":"2024-07-03T22:24:09","slug":"interieurs-secrets-en-limousin-antiquites-decoration-design","status":"publish","type":"product","link":"https:\/\/www.libraria-occitana.org\/oc\/produch\/interieurs-secrets-en-limousin-antiquites-decoration-design\/","title":{"rendered":"Int\u00e9rieurs secrets en Limousin : antiquit\u00e9s &#8211; d\u00e9coration &#8211; design"},"content":{"rendered":"<p><em>Int\u00e9rieurs secrets en Limousin<\/em> est le premier ouvrage consacr\u00e9 \u00e0 l&#8217;art de vivre dans une r\u00e9gion fran\u00e7aise r\u00e9put\u00e9e pour la qualit\u00e9 de son environnement et de ses sites d&#8217;exception.<\/p>\n<p>Comment habiter l&#8217;Histoire et s&#8217;en approprier les anecdotes? Comment des objets issus de savoir-faire ancestraux, tels les porcelaines de Limoges ou les tapisseries d&#8217;Aubusson vivent-ils dans les int\u00e9rieurs d&#8217;aujourd&#8217;hui ? Comment emploie-t-on le ch\u00e2taignier, les lauzes ou les ardoises, le gr\u00e8s rouge ou encore le granit, mat\u00e9riaux embl\u00e9matiques du Limousin?<\/p>\n<p>R\u00e9v\u00e9lant de simples maisons rustiques, des villas contemporaines, des ch\u00e2teaux remarquables, des r\u00e9sidences priv\u00e9es et des maisons d&#8217;h\u00f4tes de charme, ce livre rare va \u00e0 la rencontre de ceux qui ont fait le choix de vivre en Corr\u00e8ze, Creuse et Haute-Vienne, au c\u0153ur d&#8217;une nature g\u00e9n\u00e9reuse et de paysages pr\u00e9serv\u00e9s.<\/p>\n<p>Ils vous ouvrent leurs portes.<\/p>\n<p>Finissez d&#8217;entrer. <em>Chabatz d&#8217;entrar.<\/em><\/p>\n","protected":false},"excerpt":{"rendered":"<p>Int\u00e9rieurs secrets en Limousin est le premier ouvrage consacr\u00e9 \u00e0 l&#8217;art de vivre dans une r\u00e9gion fran\u00e7aise r\u00e9put\u00e9e pour la qualit\u00e9 de son environnement et de ses sites d&#8217;exception. Comment habiter l&#8217;Histoire et s&#8217;en approprier les anecdotes? Comment des objets issus de savoir-faire ancestraux, tels les porcelaines de Limoges ou les tapisseries d&#8217;Aubusson vivent-ils dans [&hellip;]<\/p>\n","protected":false},"featured_media":37930,"template":"","meta":{"_acf_changed":false,"_genesis_hide_title":false,"_genesis_hide_breadcrumbs":false,"_genesis_hide_singular_image":false,"_genesis_hide_footer_widgets":false,"_genesis_custom_body_class":"","_genesis_custom_post_class":"","_genesis_layout":""},"product_brand":[],"product_cat":[7199,7133,7197],"product_tag":[],"class_list":{"0":"post-34097","1":"product","2":"type-product","3":"status-publish","4":"has-post-thumbnail","6":"product_cat-guides-torisme-viatge-oc","7":"product_cat-libres-oc","8":"product_cat-natura-torisme-oc","9":"pa_auteur-eloy-veronique-2-oc","10":"pa_auteur-ferrer-jean-marc-oc","11":"pa_editeur-les-ardents-editeurs-oc","12":"pa_illustrateur-chassary-amelie-oc","13":"pa_langue-francais-oc","14":"entry","16":"first","17":"outofstock","18":"shipping-taxable","19":"purchasable","20":"product-type-simple"},"acf":[],"_links":{"self":[{"href":"https:\/\/www.libraria-occitana.org\/oc\/wp-json\/wp\/v2\/product\/34097","targetHints":{"allow":["GET"]}}],"collection":[{"href":"https:\/\/www.libraria-occitana.org\/oc\/wp-json\/wp\/v2\/product"}],"about":[{"href":"https:\/\/www.libraria-occitana.org\/oc\/wp-json\/wp\/v2\/types\/product"}],"wp:featuredmedia":[{"embeddable":true,"href":"https:\/\/www.libraria-occitana.org\/oc\/wp-json\/wp\/v2\/media\/37930"}],"wp:attachment":[{"href":"https:\/\/www.libraria-occitana.org\/oc\/wp-json\/wp\/v2\/media?parent=34097"}],"wp:term":[{"taxonomy":"product_brand","embeddable":true,"href":"https:\/\/www.libraria-occitana.org\/oc\/wp-json\/wp\/v2\/product_brand?post=34097"},{"taxonomy":"product_cat","embeddable":true,"href":"https:\/\/www.libraria-occitana.org\/oc\/wp-json\/wp\/v2\/product_cat?post=34097"},{"taxonomy":"product_tag","embeddable":true,"href":"https:\/\/www.libraria-occitana.org\/oc\/wp-json\/wp\/v2\/product_tag?post=34097"}],"curies":[{"name":"wp","href":"https:\/\/api.w.org\/{rel}","templated":true}]}}