{"id":34100,"date":"2003-04-25T17:36:48","date_gmt":"2003-04-25T15:36:48","guid":{"rendered":"http:\/\/www.libraria-occitana.org\/?post_type=product&#038;p=34100\/"},"modified":"2026-04-19T01:11:43","modified_gmt":"2026-04-18T23:11:43","slug":"introduction-a-bernart-de-ventadorn","status":"publish","type":"product","link":"https:\/\/www.libraria-occitana.org\/oc\/produch\/introduction-a-bernart-de-ventadorn\/","title":{"rendered":"Introduction \u00e0 Bernart de Ventadorn"},"content":{"rendered":"<p>\u00ab Le livre d&#8217;Appel indique le chemin que jusqu&#8217;ici personne n&#8217;a voulu prendre \u00e0 sa suite : celui du corps \u00e0 corps entre l&#8217;historien des lettres, le critique, et la personne m\u00eame de l&#8217;\u00e9crivain \u00bb<\/p>\n<p style=\"text-align: right;\">Yves Rouquette<\/p>\n<p>Le romaniste berlinois Carl Appel, venu visiter Ventadour quelques mois avant que n&#8217;\u00e9clate la Grande Guerre, publie \u00e0 Leipzig en 1915 la premi\u00e8re \u00e9dition des chansons de Bernart, \u00e0 une heure o\u00f9, m\u00eame entre savants, \u00e9crit-il, les ponts sont rompus et \u00ab la civilisation europ\u00e9enne semble, au lieu de l&#8217;amour, s&#8217;enivrer de haine et de sang&#8230; \u00bb<\/p>\n<p>Quoique n\u00e9 sur ce fond tragique, l&#8217;original allemand de Carl Appel n&#8217;a cess\u00e9 de servir d&#8217;introduction secr\u00e8te \u00e0 Bernart et \u00e0 nourrir les recherches sur sa vie et ses chansons. Il \u00e9tait donc temps de rendre ce texte fondamental accessible au lecteur francophone et occitan.<\/p>\n<p>S&#8217;il ne pr\u00e9c\u00e8de plus ici, comme il y a un si\u00e8cle, les po\u00e9sies compl\u00e8tes du troubadour, c&#8217;est qu&#8217;en 1966, Mosh\u00e9 Lazar en a publi\u00e9 une \u00e9dition critique vite \u00e9puis\u00e9e, qui fait encore autorit\u00e9. Ces <a href=\"http:\/\/www.libraria-occitana.org\/produit\/chansons-damour-de-bernart-de-ventadorn-edition-critique\/\"><em>Chansons d&#8217;amour<\/em><\/a> de Bernard de Ventadour, ont \u00e9t\u00e9 r\u00e9\u00e9dit\u00e9es par Carrefour Ventadour en 2001 avec un stimulant \u00ab Pr\u00e9-texte \u00bb de Genevi\u00e8ve Brunel-Lobrichon.<\/p>\n<p>Si bien qu&#8217;\u00e0 pr\u00e9sent, de l&#8217;Introduction d&#8217;Appel aux \u0153uvres du grand troubadour, la voie est trac\u00e9e pour la red\u00e9couverte de celui qu&#8217;Yves Rouquette surnomme si justement dans sa postface \u00ab Ventadorn European Superstar \u00bb, la plus brillante \u00e9toile de la po\u00e9sie et de l&#8217;art d&#8217;aimer au XIIe si\u00e8cle.<\/p>\n<p>Traduit de l&#8217;allemand par Luc de Goustine et de l&#8217;occitan par Miqu\u00e8la Stenta.<\/p>\n","protected":false},"excerpt":{"rendered":"<p>\u00ab Le livre d&#8217;Appel indique le chemin que jusqu&#8217;ici personne n&#8217;a voulu prendre \u00e0 sa suite : celui du corps \u00e0 corps entre l&#8217;historien des lettres, le critique, et la personne m\u00eame de l&#8217;\u00e9crivain \u00bb Yves Rouquette Le romaniste berlinois Carl Appel, venu visiter Ventadour quelques mois avant que n&#8217;\u00e9clate la Grande Guerre, publie \u00e0 [&hellip;]<\/p>\n","protected":false},"featured_media":37240,"template":"","meta":{"_acf_changed":false,"_genesis_hide_title":false,"_genesis_hide_breadcrumbs":false,"_genesis_hide_singular_image":false,"_genesis_hide_footer_widgets":false,"_genesis_custom_body_class":"","_genesis_custom_post_class":"","_genesis_layout":""},"product_brand":[],"product_cat":[7189,7133,7175],"product_tag":[],"class_list":{"0":"post-34100","1":"product","2":"type-product","3":"status-publish","4":"has-post-thumbnail","6":"product_cat-estudis-literaris-oc","7":"product_cat-libres-oc","8":"product_cat-literatura-oc","9":"pa_auteur-appel-carl-oc","10":"pa_editeur-carrefour-ventadour-fr-oc","11":"pa_langue-francais-oc","12":"pa_langue-occitan-oc","13":"pa_langue-occitan-medievau-oc","14":"entry","16":"first","17":"instock","18":"shipping-taxable","19":"purchasable","20":"product-type-simple"},"acf":[],"_links":{"self":[{"href":"https:\/\/www.libraria-occitana.org\/oc\/wp-json\/wp\/v2\/product\/34100","targetHints":{"allow":["GET"]}}],"collection":[{"href":"https:\/\/www.libraria-occitana.org\/oc\/wp-json\/wp\/v2\/product"}],"about":[{"href":"https:\/\/www.libraria-occitana.org\/oc\/wp-json\/wp\/v2\/types\/product"}],"wp:featuredmedia":[{"embeddable":true,"href":"https:\/\/www.libraria-occitana.org\/oc\/wp-json\/wp\/v2\/media\/37240"}],"wp:attachment":[{"href":"https:\/\/www.libraria-occitana.org\/oc\/wp-json\/wp\/v2\/media?parent=34100"}],"wp:term":[{"taxonomy":"product_brand","embeddable":true,"href":"https:\/\/www.libraria-occitana.org\/oc\/wp-json\/wp\/v2\/product_brand?post=34100"},{"taxonomy":"product_cat","embeddable":true,"href":"https:\/\/www.libraria-occitana.org\/oc\/wp-json\/wp\/v2\/product_cat?post=34100"},{"taxonomy":"product_tag","embeddable":true,"href":"https:\/\/www.libraria-occitana.org\/oc\/wp-json\/wp\/v2\/product_tag?post=34100"}],"curies":[{"name":"wp","href":"https:\/\/api.w.org\/{rel}","templated":true}]}}