{"id":34110,"date":"2006-05-01T18:51:38","date_gmt":"2006-05-01T16:51:38","guid":{"rendered":"http:\/\/www.libraria-occitana.org\/?post_type=product&#038;p=34110\/"},"modified":"2026-04-24T23:31:11","modified_gmt":"2026-04-24T21:31:11","slug":"iniciacion-a-loccitan-ancian-detz-e-nou-textes-de-ledat-mejana-comentats","status":"publish","type":"product","link":"https:\/\/www.libraria-occitana.org\/oc\/produch\/iniciacion-a-loccitan-ancian-detz-e-nou-textes-de-ledat-mejana-comentats\/","title":{"rendered":"Iniciacion a l&#8217;occitan ancian : D\u00e8tz e n\u00f2u t\u00e8xtes de l&#8217;Edat Mejana comentats"},"content":{"rendered":"<p>L\u2019<em>Iniciacion a l\u2019occitan ancian<\/em> es un manual practic que presenta en d\u00e8tz e n\u00f2u lei\u00e7ons, a partir d\u2019una causida de t\u00e8xtes, \u00e7\u00f2 que cal con\u00e9isser de l\u2019occitan ancian (morfologia nominala e verbala, sintaxi\u2026) per legir los t\u00e8xtes literaris de l\u2019Edat Mejana sens passar per las reviradas francesas.<br \/>\nEs lo perlongament e lo complement indispensable de <em>La Lenga del Trobar, prec\u00eds de gramatica d\u2019occitan ancian<\/em>, publicat en 1999. L\u2019<em>Iniciacion a l\u2019occitan ancian<\/em> s\u2019adrei\u00e7a de segur als estudiants mas tanben als curioses que, per gost personal, v\u00f2lon descobrir solets l\u2019occitan ancian o n\u2019aprigondir la coneissen\u00e7a.<\/p>\n","protected":false},"excerpt":{"rendered":"<p>L\u2019Iniciacion a l\u2019occitan ancian es un manual practic que presenta en d\u00e8tz e n\u00f2u lei\u00e7ons, a partir d\u2019una causida de t\u00e8xtes, \u00e7\u00f2 que cal con\u00e9isser de l\u2019occitan ancian (morfologia nominala e verbala, sintaxi\u2026) per legir los t\u00e8xtes literaris de l\u2019Edat Mejana sens passar per las reviradas francesas. Es lo perlongament e lo complement indispensable de [&hellip;]<\/p>\n","protected":false},"featured_media":42497,"template":"","meta":{"_acf_changed":false,"_genesis_hide_title":false,"_genesis_hide_breadcrumbs":false,"_genesis_hide_singular_image":false,"_genesis_hide_footer_widgets":false,"_genesis_custom_body_class":"","_genesis_custom_post_class":"","_genesis_layout":""},"product_brand":[],"product_cat":[7139,7137,7133],"product_tag":[],"class_list":{"0":"post-34110","1":"product","2":"type-product","3":"status-publish","4":"has-post-thumbnail","6":"product_cat-diccionaris-gramaticas-oc","7":"product_cat-diccionaris-lenga-escolar-oc","8":"product_cat-libres-oc","9":"pa_auteur-bianchi-andrieu-bianchi-andre-oc","10":"pa_auteur-romieu-maurici-oc","11":"pa_editeur-pu-bordeaux-oc","12":"pa_langue-occitan-lengadocian-oc","13":"pa_langue-occitan-medievau-oc","14":"pa_langue-occitan-francais-oc","15":"entry","17":"first","18":"outofstock","19":"sold-individually","20":"shipping-taxable","21":"purchasable","22":"product-type-simple"},"acf":[],"_links":{"self":[{"href":"https:\/\/www.libraria-occitana.org\/oc\/wp-json\/wp\/v2\/product\/34110","targetHints":{"allow":["GET"]}}],"collection":[{"href":"https:\/\/www.libraria-occitana.org\/oc\/wp-json\/wp\/v2\/product"}],"about":[{"href":"https:\/\/www.libraria-occitana.org\/oc\/wp-json\/wp\/v2\/types\/product"}],"wp:featuredmedia":[{"embeddable":true,"href":"https:\/\/www.libraria-occitana.org\/oc\/wp-json\/wp\/v2\/media\/42497"}],"wp:attachment":[{"href":"https:\/\/www.libraria-occitana.org\/oc\/wp-json\/wp\/v2\/media?parent=34110"}],"wp:term":[{"taxonomy":"product_brand","embeddable":true,"href":"https:\/\/www.libraria-occitana.org\/oc\/wp-json\/wp\/v2\/product_brand?post=34110"},{"taxonomy":"product_cat","embeddable":true,"href":"https:\/\/www.libraria-occitana.org\/oc\/wp-json\/wp\/v2\/product_cat?post=34110"},{"taxonomy":"product_tag","embeddable":true,"href":"https:\/\/www.libraria-occitana.org\/oc\/wp-json\/wp\/v2\/product_tag?post=34110"}],"curies":[{"name":"wp","href":"https:\/\/api.w.org\/{rel}","templated":true}]}}