{"id":34127,"date":"2008-01-14T20:09:20","date_gmt":"2008-01-14T19:09:20","guid":{"rendered":"http:\/\/www.libraria-occitana.org\/?post_type=product&#038;p=34127\/"},"modified":"2026-04-25T04:51:54","modified_gmt":"2026-04-25T02:51:54","slug":"histoire-de-la-pelleterie-dans-le-pays-de-crocq","status":"publish","type":"product","link":"https:\/\/www.libraria-occitana.org\/oc\/produch\/histoire-de-la-pelleterie-dans-le-pays-de-crocq\/","title":{"rendered":"Histoire de la pelleterie dans le pays de Crocq"},"content":{"rendered":"<p>L&#8217;\u00e9tude des m\u00e9tiers de la pelleterie dans le Pays de Crocq t\u00e9moigne des relations particuli\u00e8res qu&#8217;une communaut\u00e9 humaine a instaur\u00e9es avec son territoire au cours de l&#8217;histoire r\u00e9cente.<\/p>\n<p>L&#8217;ensemble des \u00e9l\u00e9ments mat\u00e9riels et immat\u00e9riels qui sont rattach\u00e9s \u00e0 un tel savoir-faire a fait l&#8217;objet ces deux derni\u00e8res ann\u00e9es d&#8217;une longue et minutieuse enqu\u00eate ethnologique dont la publication, tr\u00e8s document\u00e9e, illustre avec force la diversit\u00e9 et la complexit\u00e9 d&#8217;un savoir-faire tout \u00e0 fait exceptionnel, fiert\u00e9 des hommes et des femmes dont le dur labeur m\u00e9rite de retenir toute notre attention, m\u00e9moire que nous voulons toujours vivante pour les g\u00e9n\u00e9rations futures.<\/p>\n","protected":false},"excerpt":{"rendered":"<p>L&#8217;\u00e9tude des m\u00e9tiers de la pelleterie dans le Pays de Crocq t\u00e9moigne des relations particuli\u00e8res qu&#8217;une communaut\u00e9 humaine a instaur\u00e9es avec son territoire au cours de l&#8217;histoire r\u00e9cente. L&#8217;ensemble des \u00e9l\u00e9ments mat\u00e9riels et immat\u00e9riels qui sont rattach\u00e9s \u00e0 un tel savoir-faire a fait l&#8217;objet ces deux derni\u00e8res ann\u00e9es d&#8217;une longue et minutieuse enqu\u00eate ethnologique dont [&hellip;]<\/p>\n","protected":false},"featured_media":37734,"template":"","meta":{"_acf_changed":false,"_genesis_hide_title":false,"_genesis_hide_breadcrumbs":false,"_genesis_hide_singular_image":false,"_genesis_hide_footer_widgets":false,"_genesis_custom_body_class":"","_genesis_custom_post_class":"","_genesis_layout":""},"product_brand":[],"product_cat":[7133,7213,7207],"product_tag":[],"class_list":{"0":"post-34127","1":"product","2":"type-product","3":"status-publish","4":"has-post-thumbnail","6":"product_cat-libres-oc","7":"product_cat-metiers-saubre-far-oc","8":"product_cat-tradicions-patrimoni-oc","9":"pa_auteur-conseil-general-de-la-creuse-oc","10":"pa_editeur-conseil-general-de-la-creuse-oc-2","11":"pa_langue-francais-oc","12":"entry","14":"first","15":"outofstock","16":"shipping-taxable","17":"purchasable","18":"product-type-simple"},"acf":[],"_links":{"self":[{"href":"https:\/\/www.libraria-occitana.org\/oc\/wp-json\/wp\/v2\/product\/34127","targetHints":{"allow":["GET"]}}],"collection":[{"href":"https:\/\/www.libraria-occitana.org\/oc\/wp-json\/wp\/v2\/product"}],"about":[{"href":"https:\/\/www.libraria-occitana.org\/oc\/wp-json\/wp\/v2\/types\/product"}],"wp:featuredmedia":[{"embeddable":true,"href":"https:\/\/www.libraria-occitana.org\/oc\/wp-json\/wp\/v2\/media\/37734"}],"wp:attachment":[{"href":"https:\/\/www.libraria-occitana.org\/oc\/wp-json\/wp\/v2\/media?parent=34127"}],"wp:term":[{"taxonomy":"product_brand","embeddable":true,"href":"https:\/\/www.libraria-occitana.org\/oc\/wp-json\/wp\/v2\/product_brand?post=34127"},{"taxonomy":"product_cat","embeddable":true,"href":"https:\/\/www.libraria-occitana.org\/oc\/wp-json\/wp\/v2\/product_cat?post=34127"},{"taxonomy":"product_tag","embeddable":true,"href":"https:\/\/www.libraria-occitana.org\/oc\/wp-json\/wp\/v2\/product_tag?post=34127"}],"curies":[{"name":"wp","href":"https:\/\/api.w.org\/{rel}","templated":true}]}}