{"id":34152,"date":"2013-12-11T12:07:04","date_gmt":"2013-12-11T11:07:04","guid":{"rendered":"http:\/\/www.libraria-occitana.org\/?post_type=product&#038;p=34152\/"},"modified":"2026-04-29T06:56:38","modified_gmt":"2026-04-29T04:56:38","slug":"henri-et-marie-rouland-chanteurs-correziens-saint-hilaire-les-courbes-chamberet-sylvies-berger-heintz-geniaux-dans-la-trace-des-rouland-libre-2-cd","status":"publish","type":"product","link":"https:\/\/www.libraria-occitana.org\/oc\/produch\/henri-et-marie-rouland-chanteurs-correziens-saint-hilaire-les-courbes-chamberet-sylvies-berger-heintz-geniaux-dans-la-trace-des-rouland-libre-2-cd\/","title":{"rendered":"Henri et Marie Rouland : Chanteurs corr\u00e9ziens, Saint-Hilaire-les-Courbes \/ Chamberet \u2013 Sylvie[s] Berger &#8211; Heintz &#8211; G\u00e9niaux : Dans la trace des Rouland (libre + 2 CD)"},"content":{"rendered":"<p>Ce livre-CDs r\u00e9unit des enregistrements de chansons traditionnelles collect\u00e9es au milieu des ann\u00e9es 1970 \u00e0 St-Hilaire-les-Courbes (19) aupr\u00e8s d\u2019Henri et Marie Rouland et des r\u00e9interpr\u00e9tations de ce r\u00e9pertoire par le trio vocal \u00ab Les 3 Sylvie[s] \u00bb.<\/p>\n<p><strong>CD 1 \/ Henri et Marie Rouland<\/strong><br \/>\nChanteurs Corr\u00e9ziens<br \/>\nSaint-Hilaire-les-Courbes \/ Chamberet<br \/>\nAvec la participation de Marcelle Pathier, Marie-Louise et Marcelle Delpastre, Jean Vacher \u00e0 Chamberet.<\/p>\n<p>Collect\u00e9s par Pierre Imbert, \u00c9ric Montbel et Christian Oller entre 1976 et 1980. Et l\u2019apport d\u2019extraits du disque 33 tours \u00ab French Folks song of Corr\u00e8ze \u00bb Topic 12T246 de Hugh Shields, 1974.<\/p>\n<p><strong>CD 2 \/ Les trois Sylvie [s]<\/strong><br \/>\nDans la trace des Rouland<br \/>\nSylvie Berger \u2013 Sylvie Heintz \u2013 Sylvie G\u00e9niaux<br \/>\nArrangements : Gabriel Durif<\/p>\n<p><strong>Titres :<\/strong><br \/>\n<strong>CD 1 :<br \/>\n<\/strong>1. Charmante Lison (Henri Rouland)<br \/>\n2. La fille d\u2019Orl\u00e9ans (Marie Rouland)<br \/>\n3. L\u00e0-bas dans la prairie (Marcelle Delpastre)<br \/>\n4. Le 25 du mois d\u2019avril (Marie et Henri Rouland)<br \/>\n5. Le teinturier (Henri Rouland)<br \/>\n6. No\u00ebl pan pan pan. Marcelle Pathier)<br \/>\n7. \u2018Na trist\u2019 annada (Marie-Louise Delpastre)<br \/>\n8. Trepatz, borratz (Marcelle Pathier)<br \/>\n9. Bourr\u00e9es (Henri Rouland)<br \/>\n10. La meuni\u00e8re (Marcelle Pathier)<br \/>\n11. Henriette (Marie Rouland)<br \/>\n12. Le gar\u00e7on chaudronnier (Henri Rouland)<br \/>\n13. Tirelintraina (Marcelle Pathier)<br \/>\n14. Le cheval blanc (Marie Rouland)<br \/>\n15. Sur la plus haute branche (Marie-Louise Delpastre)<br \/>\n16. Le chauffeur d\u2019automobile (Henri Rouland)<br \/>\n17. L\u2019autre jour, me promenant (Marcelle Pathier)<br \/>\n18. J\u2019ai fait une ma\u00eetresse (Marie Rouland)<br \/>\n19. La meuni\u00e8re du moulin blanc (Henri Rouland)<br \/>\n20. C\u00e9line (Marie Rouland)<br \/>\n21. L\u2019Allemand (Henri Rouland)<br \/>\n22. Le tailleur de pierre (Henri Rouland)<br \/>\n23. La mantille (Jean Vacher, Marie Rouland, Marcelle Delpastre)<\/p>\n<p><strong>CD 2 :<br \/>\n<\/strong>1. J\u2019ai fait une ma\u00eetresse (Les trois Sylvie[s])<br \/>\n2. Me promenant le long du moulin blanc (Les trois Sylvie[s])<br \/>\n3. La fille d\u2019Orl\u00e9ans (Les trois Sylvie[s])<br \/>\n4. L\u2019amour me r\u00e9veille (Sylvie G\u00e9niaux)<br \/>\n5. Henriette (Les trois Sylvie[s])<br \/>\n6. Drin drin (Les trois Sylvie[s])<br \/>\n7. Le cheval blanc (Les trois Sylvie[s])<br \/>\n8. Le jour qu\u2019on se marie (Sylvie Heintz)<br \/>\n9. Je me suis-t-engag\u00e9 (Les trois Sylvie[s])<br \/>\n10. Le 25 du mois d\u2019avril (Sylvie G\u00e9niaux)<br \/>\n11. Charmante Lison (Les trois Sylvie[s])<br \/>\n12. Rossignolet des bois (Les trois Sylvie[s])<br \/>\n13. La mantille (Les trois Sylvie[s])<br \/>\n14. L\u00e0-bas dans la prairie (Sylvie Berger)<br \/>\n15. Le jour de mon mariage (Les trois Sylvie[s])<\/p>\n<p>Rencontre film\u00e9e avec Marcelle Pathier incluse dans le CD 2 (\u00e0 visionner sur un ordinateur) :<br \/>\nLe 22 f\u00e9vrier 2013, Olivier Durif, Christian Oller et Sylvie Heintz rendent visite \u00e0 Marcelle Pathier, la ni\u00e8ce des Rouland, chez elle \u00e0 Bonnat, commune de Chamberet. Un reportage de Laetitia Carton et des images d\u2019archives de Jean Vacher.<br \/>\nPrise de vue 2013, montage : Laetitia Carton.<br \/>\nFilm super 8 r\u00e9alis\u00e9 par Jean Vacher en 1979 \u00e0 Bonnat de Chamberet (19).<\/p>\n","protected":false},"excerpt":{"rendered":"<p>Ce livre-CDs r\u00e9unit des enregistrements de chansons traditionnelles collect\u00e9es au milieu des ann\u00e9es 1970 \u00e0 St-Hilaire-les-Courbes (19) aupr\u00e8s d\u2019Henri et Marie Rouland et des r\u00e9interpr\u00e9tations de ce r\u00e9pertoire par le trio vocal \u00ab Les 3 Sylvie[s] \u00bb. CD 1 \/ Henri et Marie Rouland Chanteurs Corr\u00e9ziens Saint-Hilaire-les-Courbes \/ Chamberet Avec la participation de Marcelle Pathier, [&hellip;]<\/p>\n","protected":false},"featured_media":51824,"template":"","meta":{"_acf_changed":false,"_genesis_hide_title":false,"_genesis_hide_breadcrumbs":false,"_genesis_hide_singular_image":false,"_genesis_hide_footer_widgets":false,"_genesis_custom_body_class":"","_genesis_custom_post_class":"","_genesis_layout":""},"product_brand":[],"product_cat":[7133,7191,7193],"product_tag":[],"class_list":{"0":"post-34152","1":"product","2":"type-product","3":"status-publish","4":"has-post-thumbnail","6":"product_cat-libres-oc","7":"product_cat-musica-danca-oc","8":"product_cat-particions-paraulas-de-chancons-oc","9":"pa_auteur-crmtl-oc","10":"pa_editeur-crmtl-fr-oc","11":"pa_langue-francais-oc","12":"entry","14":"first","15":"instock","16":"sold-individually","17":"shipping-taxable","18":"purchasable","19":"product-type-simple"},"acf":[],"_links":{"self":[{"href":"https:\/\/www.libraria-occitana.org\/oc\/wp-json\/wp\/v2\/product\/34152","targetHints":{"allow":["GET"]}}],"collection":[{"href":"https:\/\/www.libraria-occitana.org\/oc\/wp-json\/wp\/v2\/product"}],"about":[{"href":"https:\/\/www.libraria-occitana.org\/oc\/wp-json\/wp\/v2\/types\/product"}],"wp:featuredmedia":[{"embeddable":true,"href":"https:\/\/www.libraria-occitana.org\/oc\/wp-json\/wp\/v2\/media\/51824"}],"wp:attachment":[{"href":"https:\/\/www.libraria-occitana.org\/oc\/wp-json\/wp\/v2\/media?parent=34152"}],"wp:term":[{"taxonomy":"product_brand","embeddable":true,"href":"https:\/\/www.libraria-occitana.org\/oc\/wp-json\/wp\/v2\/product_brand?post=34152"},{"taxonomy":"product_cat","embeddable":true,"href":"https:\/\/www.libraria-occitana.org\/oc\/wp-json\/wp\/v2\/product_cat?post=34152"},{"taxonomy":"product_tag","embeddable":true,"href":"https:\/\/www.libraria-occitana.org\/oc\/wp-json\/wp\/v2\/product_tag?post=34152"}],"curies":[{"name":"wp","href":"https:\/\/api.w.org\/{rel}","templated":true}]}}