{"id":34157,"date":"2012-12-08T19:15:43","date_gmt":"2012-12-08T18:15:43","guid":{"rendered":"http:\/\/www.libraria-occitana.org\/?post_type=product&#038;p=34157\/"},"modified":"2026-04-29T10:25:47","modified_gmt":"2026-04-29T08:25:47","slug":"guide-a-lusage-des-parents-denfants-bilingues","status":"publish","type":"product","link":"https:\/\/www.libraria-occitana.org\/oc\/produch\/guide-a-lusage-des-parents-denfants-bilingues\/","title":{"rendered":"Guide \u00e0 l&#8217;usage des parents d&#8217;enfants bilingues"},"content":{"rendered":"<p>\u00ab Tout le monde r\u00eave d&#8217;\u00eatre bilingue, mais je n&#8217;aurais jamais pens\u00e9 que ce soit aussi difficile ! \u00bb<\/p>\n<p>Ce cri du c\u0153ur d&#8217;une maman britannique refl\u00e8te les sentiments de nombreux parents. Couples mixtes, expatri\u00e9s, immigr\u00e9s ou monolingues fran\u00e7ais, les parents ont un r\u00f4le important \u00e0 jouer dans l&#8217;\u00e9ducation bilingue. Ces derni\u00e8res ann\u00e9es, la recherche a fait \u00e9tat des effets b\u00e9n\u00e9fiques du bilinguisme pr\u00e9coce. Pourtant, qu&#8217;il s&#8217;agisse de la transmission des langues maternelles ou de l&#8217;apprentissage pr\u00e9coce d&#8217;une seconde langue, les id\u00e9es re\u00e7ues sont toujours vivaces et les questions nombreuses : quelle langue parler \u00e0 son b\u00e9b\u00e9 ? Tous les enfants peuvent-ils devenir bilingues ? Quelle \u00e9cole choisir ? Quelles sont les conditions pour r\u00e9ussir ? Parents monolingues, comment \u00e9lever un enfant pour qu&#8217;il devienne bilingue ?<\/p>\n<p>Ce livre est destin\u00e9 aux parents et \u00e0 toute personne \u2013 membre de la famille, enseignant, professionnel de la petite enfance, etc. \u2013 en contact avec des enfants d\u00e9j\u00e0 bilingues ou en devenir. De la transmission des langues maternelles \u00e0 l&#8217;apprentissage pr\u00e9coce des langues \u00e9trang\u00e8res ou r\u00e9gionales, il analyse les conditions de r\u00e9ussite et les difficult\u00e9s. Fond\u00e9 sur les \u00e9tudes scientifiques les plus r\u00e9centes, il donne de nombreux conseils pour mener les enfants vers une comp\u00e9tence bilingue durable.<\/p>\n","protected":false},"excerpt":{"rendered":"<p>\u00ab Tout le monde r\u00eave d&#8217;\u00eatre bilingue, mais je n&#8217;aurais jamais pens\u00e9 que ce soit aussi difficile ! \u00bb Ce cri du c\u0153ur d&#8217;une maman britannique refl\u00e8te les sentiments de nombreux parents. Couples mixtes, expatri\u00e9s, immigr\u00e9s ou monolingues fran\u00e7ais, les parents ont un r\u00f4le important \u00e0 jouer dans l&#8217;\u00e9ducation bilingue. Ces derni\u00e8res ann\u00e9es, la recherche [&hellip;]<\/p>\n","protected":false},"featured_media":44480,"template":"","meta":{"_acf_changed":false,"_genesis_hide_title":false,"_genesis_hide_breadcrumbs":false,"_genesis_hide_singular_image":false,"_genesis_hide_footer_widgets":false,"_genesis_custom_body_class":"","_genesis_custom_post_class":"","_genesis_layout":""},"product_brand":[],"product_cat":[7133,7203],"product_tag":[],"class_list":{"0":"post-34157","1":"product","2":"type-product","3":"status-publish","4":"has-post-thumbnail","6":"product_cat-libres-oc","7":"product_cat-politica-sociologia-actualitat-oc","8":"pa_auteur-abdelilah-bauer-barbara-oc","9":"pa_editeur-la-decouverte-oc","10":"pa_langue-francais-oc","11":"entry","13":"first","14":"instock","15":"shipping-taxable","16":"purchasable","17":"product-type-simple"},"acf":[],"_links":{"self":[{"href":"https:\/\/www.libraria-occitana.org\/oc\/wp-json\/wp\/v2\/product\/34157","targetHints":{"allow":["GET"]}}],"collection":[{"href":"https:\/\/www.libraria-occitana.org\/oc\/wp-json\/wp\/v2\/product"}],"about":[{"href":"https:\/\/www.libraria-occitana.org\/oc\/wp-json\/wp\/v2\/types\/product"}],"wp:featuredmedia":[{"embeddable":true,"href":"https:\/\/www.libraria-occitana.org\/oc\/wp-json\/wp\/v2\/media\/44480"}],"wp:attachment":[{"href":"https:\/\/www.libraria-occitana.org\/oc\/wp-json\/wp\/v2\/media?parent=34157"}],"wp:term":[{"taxonomy":"product_brand","embeddable":true,"href":"https:\/\/www.libraria-occitana.org\/oc\/wp-json\/wp\/v2\/product_brand?post=34157"},{"taxonomy":"product_cat","embeddable":true,"href":"https:\/\/www.libraria-occitana.org\/oc\/wp-json\/wp\/v2\/product_cat?post=34157"},{"taxonomy":"product_tag","embeddable":true,"href":"https:\/\/www.libraria-occitana.org\/oc\/wp-json\/wp\/v2\/product_tag?post=34157"}],"curies":[{"name":"wp","href":"https:\/\/api.w.org\/{rel}","templated":true}]}}