{"id":34204,"date":"1980-12-19T15:54:51","date_gmt":"1980-12-19T14:54:51","guid":{"rendered":"http:\/\/www.libraria-occitana.org\/?post_type=product&#038;p=34204\/"},"modified":"2026-04-15T19:56:18","modified_gmt":"2026-04-15T17:56:18","slug":"flor-de-brossa","status":"publish","type":"product","link":"https:\/\/www.libraria-occitana.org\/oc\/produch\/flor-de-brossa\/","title":{"rendered":"Flor de brossa"},"content":{"rendered":"<blockquote><p>I\u00e8u p\u00f2rte pas totjorn, quand torne de la ca\u00e7a,<br \/>\nL\u00e8bre, perdigal o becassa,<br \/>\nM\u00e8s si tr\u00f2be plus res, pels pu\u00e8chs o pels trav\u00e8rs,<br \/>\nI culhisse au mens f\u00f2r\u00e7a v\u00e8rs.<br \/>\nA plenas mans e per dotzenas,<br \/>\nDels v\u00e8rs de brossa, que senton la sauvatgina...<\/p>\n<p>Je ne rapporte pas toujours, quand je rentre de la chasse,<br \/>\nLi\u00e8vre, perdreau ou b\u00e9casse,<br \/>\nMais si je ne trouve plus rien, par monts ou par vaux,<br \/>\nJ'y cueille au moins beaucoup de vers.<br \/>\nA pleines mains et par douzaines,<br \/>\nDes vers de bruy\u00e8re, qui sentent la sauvagine...<\/p><\/blockquote>\n<p style=\"text-align: right;\">O\u00f9 et comment le capiscoul fait ses vers, p. 17<\/p>\n<p>Un recu\u00e8lh de po\u00e8mas inspirats de las excursions de l'autor pel camp\u00e8stre e de son activitat de ca\u00e7aire ; d'autres meton en sc\u00e8na la vida de l'ostalada e pintran lo retrach de son monde : familha, domesticas, vesins... d'autres encara reprenon dels contes.<\/p>\n<p>Po\u00e8ta d'Auv\u00e8rnhe, Vermenosa o gaus\u00e8t \u00e8sser plenament ; a pas res renegat de sa \u00ab montanha borruda \u00bb que pintra en v\u00e8rs plens, drudes, d'un realisme vigor\u00f3s, que sabon pr\u2019aqu\u00f2 demorar lirics.<\/p>\n<p>\u00ab Aqueste orgulh\u00f3s es del costat de la paurilha\u2026 Vermenosa a l\u2019u\u00e8lh agusat\u2026 Perdrem pas nostre temps en tornar legir Vermenosa. \u00bb (Ives Roqueta, dins <a href=\"http:\/\/www.libraria-occitana.org\/produit\/en-occitan-une-histoire-buissonniere-de-la-litterature-doc\/\"><em>En occitan, une histoire buissonni\u00e8re de la litt\u00e9rature d'oc<\/em><\/a>).<\/p>\n<p>Una reedicion en grafia classica de l'\u00f2bra occitana del Felibre cantal\u00e9s segon l'edicion originala de 1896, amb n\u00f2tas de vocabulari en fons de pagina.<\/p>\n","protected":false},"excerpt":{"rendered":"<p>I\u00e8u p\u00f2rte pas totjorn, quand torne de la ca\u00e7a, L\u00e8bre, perdigal o becassa, M\u00e8s si tr\u00f2be plus res, pels pu\u00e8chs o pels trav\u00e8rs, I culhisse au mens f\u00f2r\u00e7a v\u00e8rs. A plenas mans e per dotzenas, Dels v\u00e8rs de brossa, que senton la sauvatgina&#8230; Je ne rapporte pas toujours, quand je rentre de la chasse, Li\u00e8vre, [&hellip;]<\/p>\n","protected":false},"featured_media":60117,"template":"","meta":{"_acf_changed":false,"_genesis_hide_title":false,"_genesis_hide_breadcrumbs":false,"_genesis_hide_singular_image":false,"_genesis_hide_footer_widgets":false,"_genesis_custom_body_class":"","_genesis_custom_post_class":"","_genesis_layout":""},"product_brand":[],"product_cat":[7133,7175,7181],"product_tag":[],"class_list":{"0":"post-34204","1":"product","2":"type-product","3":"status-publish","4":"has-post-thumbnail","6":"product_cat-libres-oc","7":"product_cat-literatura-oc","8":"product_cat-poesia-oc","9":"pa_auteur-vermenosa-arseni-oc","10":"pa_editeur-ieo-fr-oc","11":"pa_editeur-ieo-cantal-oc","12":"pa_langue-occitan-oc","13":"pa_langue-occitan-lengadocian-oc","14":"entry","16":"first","17":"instock","18":"shipping-taxable","19":"purchasable","20":"product-type-simple"},"acf":[],"_links":{"self":[{"href":"https:\/\/www.libraria-occitana.org\/oc\/wp-json\/wp\/v2\/product\/34204","targetHints":{"allow":["GET"]}}],"collection":[{"href":"https:\/\/www.libraria-occitana.org\/oc\/wp-json\/wp\/v2\/product"}],"about":[{"href":"https:\/\/www.libraria-occitana.org\/oc\/wp-json\/wp\/v2\/types\/product"}],"wp:featuredmedia":[{"embeddable":true,"href":"https:\/\/www.libraria-occitana.org\/oc\/wp-json\/wp\/v2\/media\/60117"}],"wp:attachment":[{"href":"https:\/\/www.libraria-occitana.org\/oc\/wp-json\/wp\/v2\/media?parent=34204"}],"wp:term":[{"taxonomy":"product_brand","embeddable":true,"href":"https:\/\/www.libraria-occitana.org\/oc\/wp-json\/wp\/v2\/product_brand?post=34204"},{"taxonomy":"product_cat","embeddable":true,"href":"https:\/\/www.libraria-occitana.org\/oc\/wp-json\/wp\/v2\/product_cat?post=34204"},{"taxonomy":"product_tag","embeddable":true,"href":"https:\/\/www.libraria-occitana.org\/oc\/wp-json\/wp\/v2\/product_tag?post=34204"}],"curies":[{"name":"wp","href":"https:\/\/api.w.org\/{rel}","templated":true}]}}