{"id":34334,"date":"2008-05-28T11:55:00","date_gmt":"2008-05-28T09:55:00","guid":{"rendered":"http:\/\/www.libraria-occitana.org\/?post_type=product&#038;p=34334\/"},"modified":"2026-04-16T00:01:12","modified_gmt":"2026-04-15T22:01:12","slug":"du-pays-et-de-lexil-un-abecedaire-de-la-litterature-du-limousin","status":"publish","type":"product","link":"https:\/\/www.libraria-occitana.org\/oc\/produch\/du-pays-et-de-lexil-un-abecedaire-de-la-litterature-du-limousin\/","title":{"rendered":"Du pays et de l&#8217;exil : Un ab\u00e9c\u00e9daire de la litt\u00e9rature du Limousin"},"content":{"rendered":"<p>C&#8217;est La premi\u00e8re fois qu&#8217;est r\u00e9dig\u00e9e une histoire de la litt\u00e9rature limousine. Le travail passionn\u00e9 et \u00e9rudit de Laurent Bourdelas est une d\u00e9ambulation \u00e0 travers les si\u00e8cles, les styles, les vies des po\u00e8tes et des \u00e9crivains \u00ab du pays et de l&#8217;exil \u00bb : ceux qui ont quitt\u00e9 la r\u00e9gion (Bergounioux, les Clancier, Michon, Millet&#8230;), mais \u00e9galement ceux qui s&#8217;y sont install\u00e9s. Cette \u00e9tude, nourrie par de nombreuses sources, prend le parti de l&#8217;empathie et de la curiosit\u00e9, au-del\u00e0 des modes litt\u00e9raires. Elle tente un r\u00e9\u00e9quilibrage entre roman et po\u00e9sie, th\u00e9\u00e2tre, diarisme et revuisme, entre des auteurs \u00ab m\u00e9diatiques \u00bb et d&#8217;autres, plus discrets mais tout aussi int\u00e9ressants, mais \u00e9galement entre les trois d\u00e9partements et entre langue fran\u00e7aise et langue occitane.<\/p>\n<p>Ce livre r\u00e9v\u00e8le la formidable diversit\u00e9 cr\u00e9atrice de cette r\u00e9gion qui la fait \u00e9chapper \u00e0 bien des st\u00e9r\u00e9otypes provincialisants et montre combien, depuis l&#8217;Antiquit\u00e9, le limousin, qui fut le pays des troubadours, inspire ou accompagne les auteurs qui, en retour et parfois sans m\u00eame le vouloir, participent de sa forte identit\u00e9.<\/p>\n<p>Salu\u00e9 par Georges-Emmanuel Clancier, postfac\u00e9 par Pierre Bergounioux, l&#8217;ouvrage est indispensable \u00e0 ceux qui s&#8217;int\u00e9ressent au Limousin, mais bien plus \u00e0 ceux qui aiment la litt\u00e9rature et la po\u00e9sie, celles notamment qui s&#8217;ancrent dans une terre pour atteindre l&#8217;universel.<\/p>\n<p>N\u00e9 en 1962 \u00e0 Limoges, issu d&#8217;une famille tr\u00e8s anciennement ancr\u00e9e en Limousin par son p\u00e8re et d&#8217;une autre venue du Nord et de la Picardie par sa m\u00e8re, Laurent Bourdelas est m\u00e9di\u00e9viste de formation. \u00c9crivain, po\u00e8te, photographe, il a particip\u00e9 \u00e0 la cr\u00e9ation de trois revues litt\u00e9raires. Il est critique litt\u00e9raire et th\u00e9\u00e2tral radiophonique et a rencontr\u00e9 \u00e0 ce titre de tr\u00e8s nombreux \u00e9crivains depuis le d\u00e9but des ann\u00e9es 1980.<\/p>\n","protected":false},"excerpt":{"rendered":"<p>C&#8217;est La premi\u00e8re fois qu&#8217;est r\u00e9dig\u00e9e une histoire de la litt\u00e9rature limousine. Le travail passionn\u00e9 et \u00e9rudit de Laurent Bourdelas est une d\u00e9ambulation \u00e0 travers les si\u00e8cles, les styles, les vies des po\u00e8tes et des \u00e9crivains \u00ab du pays et de l&#8217;exil \u00bb : ceux qui ont quitt\u00e9 la r\u00e9gion (Bergounioux, les Clancier, Michon, Millet&#8230;), [&hellip;]<\/p>\n","protected":false},"featured_media":37369,"template":"","meta":{"_acf_changed":false,"_genesis_hide_title":false,"_genesis_hide_breadcrumbs":false,"_genesis_hide_singular_image":false,"_genesis_hide_footer_widgets":false,"_genesis_custom_body_class":"","_genesis_custom_post_class":"","_genesis_layout":""},"product_brand":[],"product_cat":[7189,7133,7175],"product_tag":[],"class_list":{"0":"post-34334","1":"product","2":"type-product","3":"status-publish","4":"has-post-thumbnail","6":"product_cat-estudis-literaris-oc","7":"product_cat-libres-oc","8":"product_cat-literatura-oc","9":"pa_auteur-bourdelas-laurent-oc","10":"pa_editeur-les-ardents-editeurs-oc","11":"pa_langue-francais-oc","12":"entry","14":"first","15":"instock","16":"shipping-taxable","17":"purchasable","18":"product-type-simple"},"acf":[],"_links":{"self":[{"href":"https:\/\/www.libraria-occitana.org\/oc\/wp-json\/wp\/v2\/product\/34334","targetHints":{"allow":["GET"]}}],"collection":[{"href":"https:\/\/www.libraria-occitana.org\/oc\/wp-json\/wp\/v2\/product"}],"about":[{"href":"https:\/\/www.libraria-occitana.org\/oc\/wp-json\/wp\/v2\/types\/product"}],"wp:featuredmedia":[{"embeddable":true,"href":"https:\/\/www.libraria-occitana.org\/oc\/wp-json\/wp\/v2\/media\/37369"}],"wp:attachment":[{"href":"https:\/\/www.libraria-occitana.org\/oc\/wp-json\/wp\/v2\/media?parent=34334"}],"wp:term":[{"taxonomy":"product_brand","embeddable":true,"href":"https:\/\/www.libraria-occitana.org\/oc\/wp-json\/wp\/v2\/product_brand?post=34334"},{"taxonomy":"product_cat","embeddable":true,"href":"https:\/\/www.libraria-occitana.org\/oc\/wp-json\/wp\/v2\/product_cat?post=34334"},{"taxonomy":"product_tag","embeddable":true,"href":"https:\/\/www.libraria-occitana.org\/oc\/wp-json\/wp\/v2\/product_tag?post=34334"}],"curies":[{"name":"wp","href":"https:\/\/api.w.org\/{rel}","templated":true}]}}