{"id":34337,"date":"2013-12-15T16:21:58","date_gmt":"2013-12-15T15:21:58","guid":{"rendered":"http:\/\/www.libraria-occitana.org\/?post_type=product&#038;p=34337\/"},"modified":"2026-04-18T00:36:20","modified_gmt":"2026-04-17T22:36:20","slug":"dos-gals-vivian-en-patz","status":"publish","type":"product","link":"https:\/\/www.libraria-occitana.org\/oc\/produch\/dos-gals-vivian-en-patz\/","title":{"rendered":"Dos gals vivi\u00e1n en patz"},"content":{"rendered":"<p>La l\u00e8bre e la tartuga, la granolha que se v\u00f2l far tant gr\u00f2ssa que lo bu\u00f2u, lo lop e l&#8217;anh\u00e8l, la m\u00f2rt e lo boscati\u00e8r, la cigala e la formiga, la lachi\u00e8ra e lo p\u00f2t de lach, lo corb\u00e0s e lo gu\u00e8ine, lo c\u00e8rvi se mirant dins l&#8217;aiga : trobaretz aic\u00ed de fablas conegudas e i descobriretz tanben d&#8217;autres t\u00e8xtes pauc espandits.<\/p>\n<p>Ambe finessa e esperit, Pau Fabre sap servar tot l&#8217;\u00e8ime de la fablas originalas de La Fontaine en i ajustant, de temps en quora, un pecic de sau o un gran de pebre occitan.<\/p>\n<p>Un libre gost\u00f3s escriut dins una lenga saborosa.<\/p>\n","protected":false},"excerpt":{"rendered":"<p>La l\u00e8bre e la tartuga, la granolha que se v\u00f2l far tant gr\u00f2ssa que lo bu\u00f2u, lo lop e l&#8217;anh\u00e8l, la m\u00f2rt e lo boscati\u00e8r, la cigala e la formiga, la lachi\u00e8ra e lo p\u00f2t de lach, lo corb\u00e0s e lo gu\u00e8ine, lo c\u00e8rvi se mirant dins l&#8217;aiga : trobaretz aic\u00ed de fablas conegudas e [&hellip;]<\/p>\n","protected":false},"featured_media":56212,"template":"","meta":{"_acf_changed":false,"_genesis_hide_title":false,"_genesis_hide_breadcrumbs":false,"_genesis_hide_singular_image":false,"_genesis_hide_footer_widgets":false,"_genesis_custom_body_class":"","_genesis_custom_post_class":"","_genesis_layout":""},"product_brand":[],"product_cat":[7177,7133,7175],"product_tag":[],"class_list":{"0":"post-34337","1":"product","2":"type-product","3":"status-publish","4":"has-post-thumbnail","6":"product_cat-contes-fablas-oc","7":"product_cat-libres-oc","8":"product_cat-literatura-oc","9":"pa_auteur-fabre-pau-oc","10":"pa_editeur-letras-doc-oc","11":"pa_langue-occitan-oc","12":"pa_langue-occitan-lengadocian-oc","13":"entry","15":"first","16":"instock","17":"shipping-taxable","18":"purchasable","19":"product-type-simple"},"acf":[],"_links":{"self":[{"href":"https:\/\/www.libraria-occitana.org\/oc\/wp-json\/wp\/v2\/product\/34337","targetHints":{"allow":["GET"]}}],"collection":[{"href":"https:\/\/www.libraria-occitana.org\/oc\/wp-json\/wp\/v2\/product"}],"about":[{"href":"https:\/\/www.libraria-occitana.org\/oc\/wp-json\/wp\/v2\/types\/product"}],"wp:featuredmedia":[{"embeddable":true,"href":"https:\/\/www.libraria-occitana.org\/oc\/wp-json\/wp\/v2\/media\/56212"}],"wp:attachment":[{"href":"https:\/\/www.libraria-occitana.org\/oc\/wp-json\/wp\/v2\/media?parent=34337"}],"wp:term":[{"taxonomy":"product_brand","embeddable":true,"href":"https:\/\/www.libraria-occitana.org\/oc\/wp-json\/wp\/v2\/product_brand?post=34337"},{"taxonomy":"product_cat","embeddable":true,"href":"https:\/\/www.libraria-occitana.org\/oc\/wp-json\/wp\/v2\/product_cat?post=34337"},{"taxonomy":"product_tag","embeddable":true,"href":"https:\/\/www.libraria-occitana.org\/oc\/wp-json\/wp\/v2\/product_tag?post=34337"}],"curies":[{"name":"wp","href":"https:\/\/api.w.org\/{rel}","templated":true}]}}