{"id":34350,"date":"2004-09-12T18:48:46","date_gmt":"2004-09-12T16:48:46","guid":{"rendered":"http:\/\/www.libraria-occitana.org\/?post_type=product&#038;p=34350\/"},"modified":"2026-04-15T05:11:41","modified_gmt":"2026-04-15T03:11:41","slug":"dictionnaire-de-base-francais-provencal-diccionari-de-basa-frances-provencau-deuxieme-edition-revue-et-augmentee","status":"publish","type":"product","link":"https:\/\/www.libraria-occitana.org\/oc\/produch\/dictionnaire-de-base-francais-provencal-diccionari-de-basa-frances-provencau-deuxieme-edition-revue-et-augmentee\/","title":{"rendered":"Dictionnaire de base fran\u00e7ais-proven\u00e7al &#8211; Diccionari de basa franc\u00e9s-proven\u00e7au (deuxi\u00e8me \u00e9dition revue et augment\u00e9e)"},"content":{"rendered":"<p>Dans le pr\u00e9sent ouvrage, on trouvera des articles structur\u00e9s et d\u00e9taill\u00e9s, des exemples, ainsi que les \u00e9quivalents proven\u00e7aux de nombre de locutions et expressions fran\u00e7aises.<\/p>\n<p>Cette deuxi\u00e8me \u00e9dition du <em>Dictionnaire de base fran\u00e7ais-proven\u00e7al<\/em> \u00e9tend la pr\u00e9c\u00e9dente dans deux directions : des articles \u2013 en proportion notable \u2013 ont \u00e9t\u00e9 \u00e9toff\u00e9s \u00e0 des degr\u00e9s divers, et les entr\u00e9es sont pass\u00e9es de 8000 \u00e0 12000.<\/p>\n<p>Certains prononciations sont fournies, transcrites au moyen de l&#8217;alphabet phon\u00e9tique international.<\/p>\n","protected":false},"excerpt":{"rendered":"<p>Dans le pr\u00e9sent ouvrage, on trouvera des articles structur\u00e9s et d\u00e9taill\u00e9s, des exemples, ainsi que les \u00e9quivalents proven\u00e7aux de nombre de locutions et expressions fran\u00e7aises. Cette deuxi\u00e8me \u00e9dition du Dictionnaire de base fran\u00e7ais-proven\u00e7al \u00e9tend la pr\u00e9c\u00e9dente dans deux directions : des articles \u2013 en proportion notable \u2013 ont \u00e9t\u00e9 \u00e9toff\u00e9s \u00e0 des degr\u00e9s divers, et [&hellip;]<\/p>\n","protected":false},"featured_media":54182,"template":"","meta":{"_acf_changed":false,"_genesis_hide_title":false,"_genesis_hide_breadcrumbs":false,"_genesis_hide_singular_image":false,"_genesis_hide_footer_widgets":false,"_genesis_custom_body_class":"","_genesis_custom_post_class":"","_genesis_layout":""},"product_brand":[],"product_cat":[7139,7137,7133],"product_tag":[],"class_list":{"0":"post-34350","1":"product","2":"type-product","3":"status-publish","4":"has-post-thumbnail","6":"product_cat-diccionaris-gramaticas-oc","7":"product_cat-diccionaris-lenga-escolar-oc","8":"product_cat-libres-oc","9":"pa_auteur-lebre-elie-oc","10":"pa_auteur-martin-guiu-martin-guy-oc","11":"pa_auteur-moulin-bernard-oc","12":"pa_editeur-creo-provenca-oc-2","13":"pa_langue-occitan-provencau-oc","14":"pa_langue-occitan-francais-oc","15":"entry","17":"first","18":"outofstock","19":"shipping-taxable","20":"purchasable","21":"product-type-simple"},"acf":[],"_links":{"self":[{"href":"https:\/\/www.libraria-occitana.org\/oc\/wp-json\/wp\/v2\/product\/34350","targetHints":{"allow":["GET"]}}],"collection":[{"href":"https:\/\/www.libraria-occitana.org\/oc\/wp-json\/wp\/v2\/product"}],"about":[{"href":"https:\/\/www.libraria-occitana.org\/oc\/wp-json\/wp\/v2\/types\/product"}],"wp:featuredmedia":[{"embeddable":true,"href":"https:\/\/www.libraria-occitana.org\/oc\/wp-json\/wp\/v2\/media\/54182"}],"wp:attachment":[{"href":"https:\/\/www.libraria-occitana.org\/oc\/wp-json\/wp\/v2\/media?parent=34350"}],"wp:term":[{"taxonomy":"product_brand","embeddable":true,"href":"https:\/\/www.libraria-occitana.org\/oc\/wp-json\/wp\/v2\/product_brand?post=34350"},{"taxonomy":"product_cat","embeddable":true,"href":"https:\/\/www.libraria-occitana.org\/oc\/wp-json\/wp\/v2\/product_cat?post=34350"},{"taxonomy":"product_tag","embeddable":true,"href":"https:\/\/www.libraria-occitana.org\/oc\/wp-json\/wp\/v2\/product_tag?post=34350"}],"curies":[{"name":"wp","href":"https:\/\/api.w.org\/{rel}","templated":true}]}}