{"id":34354,"date":"2003-09-12T18:38:13","date_gmt":"2003-09-12T16:38:13","guid":{"rendered":"http:\/\/www.libraria-occitana.org\/?post_type=product&#038;p=34354\/"},"modified":"2026-04-13T04:31:25","modified_gmt":"2026-04-13T02:31:25","slug":"dictionnaire-provencal-francais-diccionari-provencau-frances","status":"publish","type":"product","link":"https:\/\/www.libraria-occitana.org\/oc\/produch\/dictionnaire-provencal-francais-diccionari-provencau-frances\/","title":{"rendered":"Dictionnaire proven\u00e7al-fran\u00e7ais &#8211; Diccionari proven\u00e7au-franc\u00e9s"},"content":{"rendered":"<p>Tr\u00e8s attendu, ce premier dictionnaire proven\u00e7al-fran\u00e7ais en graphie classique comprend plus de 40 000 entr\u00e9es, dont de nombreuses expressions et une riche liste de noms propres.<\/p>\n<p>Une s\u00e9rie de tableaux permet la comparaison des deux syst\u00e8mes graphiques en usage en Provence.<\/p>\n<p>Compl\u00e9tant le <a href=\"http:\/\/www.libraria-occitana.org\/produit\/dictionnaire-de-base-francais-provencal-diccionari-de-basa-frances-provencau-deuxieme-edition-revue-et-augmentee\/\"><em>Dictionnaire de base fran\u00e7ais-proven\u00e7al<\/em><\/a> et la <a href=\"http:\/\/www.libraria-occitana.org\/produit\/grammaire-provencale-gramatica-provencala-et-atlas-linguistique-en-couleur\/\"><em>Grammaire proven\u00e7ale<\/em><\/a> publi\u00e9s par le CREO-Provence, cet ouvrage est un outil indispensable de conqu\u00eate ou de reconqu\u00eate du proven\u00e7al.<\/p>\n","protected":false},"excerpt":{"rendered":"<p>Tr\u00e8s attendu, ce premier dictionnaire proven\u00e7al-fran\u00e7ais en graphie classique comprend plus de 40 000 entr\u00e9es, dont de nombreuses expressions et une riche liste de noms propres. Une s\u00e9rie de tableaux permet la comparaison des deux syst\u00e8mes graphiques en usage en Provence. Compl\u00e9tant le Dictionnaire de base fran\u00e7ais-proven\u00e7al et la Grammaire proven\u00e7ale publi\u00e9s par le CREO-Provence, [&hellip;]<\/p>\n","protected":false},"featured_media":54179,"template":"","meta":{"_acf_changed":false,"_genesis_hide_title":false,"_genesis_hide_breadcrumbs":false,"_genesis_hide_singular_image":false,"_genesis_hide_footer_widgets":false,"_genesis_custom_body_class":"","_genesis_custom_post_class":"","_genesis_layout":""},"product_brand":[],"product_cat":[7139,7137,7133],"product_tag":[],"class_list":{"0":"post-34354","1":"product","2":"type-product","3":"status-publish","4":"has-post-thumbnail","6":"product_cat-diccionaris-gramaticas-oc","7":"product_cat-diccionaris-lenga-escolar-oc","8":"product_cat-libres-oc","9":"pa_auteur-fettuciari-jorgi-oc","10":"pa_auteur-martin-guiu-martin-guy-oc","11":"pa_auteur-pietri-jaume-oc","12":"pa_editeur-creo-provenca-oc-2","13":"pa_editeur-lescomessa-oc","14":"pa_langue-occitan-provencau-oc","15":"pa_langue-occitan-francais-oc","16":"entry","18":"first","19":"instock","20":"shipping-taxable","21":"purchasable","22":"product-type-simple"},"acf":[],"_links":{"self":[{"href":"https:\/\/www.libraria-occitana.org\/oc\/wp-json\/wp\/v2\/product\/34354","targetHints":{"allow":["GET"]}}],"collection":[{"href":"https:\/\/www.libraria-occitana.org\/oc\/wp-json\/wp\/v2\/product"}],"about":[{"href":"https:\/\/www.libraria-occitana.org\/oc\/wp-json\/wp\/v2\/types\/product"}],"wp:featuredmedia":[{"embeddable":true,"href":"https:\/\/www.libraria-occitana.org\/oc\/wp-json\/wp\/v2\/media\/54179"}],"wp:attachment":[{"href":"https:\/\/www.libraria-occitana.org\/oc\/wp-json\/wp\/v2\/media?parent=34354"}],"wp:term":[{"taxonomy":"product_brand","embeddable":true,"href":"https:\/\/www.libraria-occitana.org\/oc\/wp-json\/wp\/v2\/product_brand?post=34354"},{"taxonomy":"product_cat","embeddable":true,"href":"https:\/\/www.libraria-occitana.org\/oc\/wp-json\/wp\/v2\/product_cat?post=34354"},{"taxonomy":"product_tag","embeddable":true,"href":"https:\/\/www.libraria-occitana.org\/oc\/wp-json\/wp\/v2\/product_tag?post=34354"}],"curies":[{"name":"wp","href":"https:\/\/api.w.org\/{rel}","templated":true}]}}