{"id":34384,"date":"1991-09-23T12:18:18","date_gmt":"1991-09-23T10:18:18","guid":{"rendered":"http:\/\/www.libraria-occitana.org\/?post_type=product&#038;p=34384\/"},"modified":"2026-04-12T05:06:29","modified_gmt":"2026-04-12T03:06:29","slug":"diccionari-frances-occitan-segon-lo-lengadocian-tome-i-letras-a-b","status":"publish","type":"product","link":"https:\/\/www.libraria-occitana.org\/oc\/produch\/diccionari-frances-occitan-segon-lo-lengadocian-tome-i-letras-a-b\/","title":{"rendered":"Diccionari franc\u00e9s\/occitan segon lo lengadocian T\u00f2me I Letras A-B"},"content":{"rendered":"<p><span style=\"color: #ff0000;\">[oc] Mens char (vielha edicion, libre passat) \u2013 [fr] Prix r\u00e9duit (vieille \u00e9dition, livre d\u00e9fra\u00eechi) \u2013 [en] Discount price (early edition, worn book)<\/span><\/p>\n<p>Obra d\u2019ua vita, aqueste diccionari franc\u00e9s-occitan, segon lo \u00ab parlar \u00bb lengadocian, que presenta un vocabulari excepcionau, enriquit dab citacions de l\u2019autor o extreitas de la literatura occitana, e un eish d\u2019expressions idiomaticas.<\/p>\n","protected":false},"excerpt":{"rendered":"<p>[oc] Mens char (vielha edicion, libre passat) \u2013 [fr] Prix r\u00e9duit (vieille \u00e9dition, livre d\u00e9fra\u00eechi) \u2013 [en] Discount price (early edition, worn book) Obra d\u2019ua vita, aqueste diccionari franc\u00e9s-occitan, segon lo \u00ab parlar \u00bb lengadocian, que presenta un vocabulari excepcionau, enriquit dab citacions de l\u2019autor o extreitas de la literatura occitana, e un eish d\u2019expressions [&hellip;]<\/p>\n","protected":false},"featured_media":48382,"template":"","meta":{"_acf_changed":false,"_genesis_hide_title":false,"_genesis_hide_breadcrumbs":false,"_genesis_hide_singular_image":false,"_genesis_hide_footer_widgets":false,"_genesis_custom_body_class":"","_genesis_custom_post_class":"","_genesis_layout":""},"product_brand":[],"product_cat":[7139,7137,7133,7239],"product_tag":[],"class_list":{"0":"post-34384","1":"product","2":"type-product","3":"status-publish","4":"has-post-thumbnail","6":"product_cat-diccionaris-gramaticas-oc","7":"product_cat-diccionaris-lenga-escolar-oc","8":"product_cat-libres-oc","9":"product_cat-promos-oc","10":"pa_auteur-rapin-cristian-oc","11":"pa_editeur-ieo-fr-oc","12":"pa_langue-occitan-lengadocian-oc","13":"pa_langue-occitan-francais-oc","14":"entry","16":"first","17":"instock","18":"sale","19":"sold-individually","20":"shipping-taxable","21":"purchasable","22":"product-type-simple"},"acf":[],"_links":{"self":[{"href":"https:\/\/www.libraria-occitana.org\/oc\/wp-json\/wp\/v2\/product\/34384","targetHints":{"allow":["GET"]}}],"collection":[{"href":"https:\/\/www.libraria-occitana.org\/oc\/wp-json\/wp\/v2\/product"}],"about":[{"href":"https:\/\/www.libraria-occitana.org\/oc\/wp-json\/wp\/v2\/types\/product"}],"wp:featuredmedia":[{"embeddable":true,"href":"https:\/\/www.libraria-occitana.org\/oc\/wp-json\/wp\/v2\/media\/48382"}],"wp:attachment":[{"href":"https:\/\/www.libraria-occitana.org\/oc\/wp-json\/wp\/v2\/media?parent=34384"}],"wp:term":[{"taxonomy":"product_brand","embeddable":true,"href":"https:\/\/www.libraria-occitana.org\/oc\/wp-json\/wp\/v2\/product_brand?post=34384"},{"taxonomy":"product_cat","embeddable":true,"href":"https:\/\/www.libraria-occitana.org\/oc\/wp-json\/wp\/v2\/product_cat?post=34384"},{"taxonomy":"product_tag","embeddable":true,"href":"https:\/\/www.libraria-occitana.org\/oc\/wp-json\/wp\/v2\/product_tag?post=34384"}],"curies":[{"name":"wp","href":"https:\/\/api.w.org\/{rel}","templated":true}]}}