{"id":34414,"date":"1994-12-07T13:03:06","date_gmt":"1994-12-07T12:03:06","guid":{"rendered":"http:\/\/www.libraria-occitana.org\/?post_type=product&#038;p=34414\/"},"modified":"2026-04-11T02:51:35","modified_gmt":"2026-04-11T00:51:35","slug":"des-etoiles-aux-plantes-petite-cosmogonie-catalane","status":"publish","type":"product","link":"https:\/\/www.libraria-occitana.org\/oc\/produch\/des-etoiles-aux-plantes-petite-cosmogonie-catalane\/","title":{"rendered":"Des \u00e9toiles aux plantes : Petite cosmogonie catalane"},"content":{"rendered":"<p>Apr\u00e8s <a href=\"http:\/\/www.libraria-occitana.org\/produit\/lorigine-des-betes-petite-cosmogonie-catalane\/\"><em>L\u2019origine des b\u00eates<\/em><\/a>, publi\u00e9 en 1988 dans les Classiques de la Litt\u00e9rature Orale, le second volet de la \u00ab petite cosmogonie catalane \u00bb r\u00e9unie par Joan Amades nous r\u00e9v\u00e8le la mani\u00e8re dont les conteurs de sa r\u00e9gion ont imagin\u00e9 la naissance des plantes et des astres, des m\u00e9t\u00e9ores, des peuples, des techniques et de quelques sites remarquables de Catalogne : Montserrat, le Canigou&#8230; Publi\u00e9e par l\u2019auteur \u00e0 Barcelone en 1950, cette impressionnante collecte n\u2019a jamais \u00e9t\u00e9 r\u00e9\u00e9dit\u00e9e. Elle t\u00e9moigne pourtant de l\u2019importance et de la richesse de ce versant trop m\u00e9connu de la tradition narrative europ\u00e9enne.<\/p>\n<p>Toujours inventifs, souvent dr\u00f4les, les r\u00e9cits d\u2019origine apportent un \u00e9clairage pr\u00e9cieux sur tous les aspects de la culture populaire : savoirs de la nature, religiosit\u00e9, valeurs morales et sociales. Pourquoi le laurier rose est-il v\u00e9n\u00e9neux ? D\u2019o\u00f9 vient le nom de Canigou ? Comment est n\u00e9 le \u00ab chemin de Saint-Jacques\u00a0\u00bb ? Pourquoi les femmes sont-elles bavardes ? Pourquoi les cordonniers sont-ils maudits ?&#8230; Telles sont quelques unes des questions auxquelles les r\u00e9cits apportent des r\u00e9ponses souvent inattendues, mais toujours pleines de sens : \u0153uvre de Dieu ou \u0153uvre du diable, r\u00e9compense d\u2019un bienfait ou ch\u00e2timent d\u2019une faute, chaque r\u00e9alit\u00e9 trouve dans le rappel de son origine la raison de sa place en ce monde.<\/p>\n<p>Les textes sont traduits et pr\u00e9sent\u00e9s par Marl\u00e8ne Albert-Llorca, chercheur au Centre d\u2019Anthropologie des Soci\u00e9t\u00e9s Rurales (CNRS-EHESS, Toulouse), et sp\u00e9cialiste des r\u00e9cits \u00e9tiologiques europ\u00e9ens. Comme dans le volume pr\u00e9c\u00e9dent, des notes comparatives permettent de situer les r\u00e9cits dans l\u2019ensemble des collectes europ\u00e9ennes. Un index g\u00e9n\u00e9ral, commun aux deux volumes, et les fiches biographiques des principaux conteurs rencontr\u00e9s par Joan Amades compl\u00e8tent cette \u00e9dition.<\/p>\n","protected":false},"excerpt":{"rendered":"<p>Apr\u00e8s L\u2019origine des b\u00eates, publi\u00e9 en 1988 dans les Classiques de la Litt\u00e9rature Orale, le second volet de la \u00ab petite cosmogonie catalane \u00bb r\u00e9unie par Joan Amades nous r\u00e9v\u00e8le la mani\u00e8re dont les conteurs de sa r\u00e9gion ont imagin\u00e9 la naissance des plantes et des astres, des m\u00e9t\u00e9ores, des peuples, des techniques et de [&hellip;]<\/p>\n","protected":false},"featured_media":38171,"template":"","meta":{"_acf_changed":false,"_genesis_hide_title":false,"_genesis_hide_breadcrumbs":false,"_genesis_hide_singular_image":false,"_genesis_hide_footer_widgets":false,"_genesis_custom_body_class":"","_genesis_custom_post_class":"","_genesis_layout":""},"product_brand":[],"product_cat":[7177,7133,7175],"product_tag":[],"class_list":{"0":"post-34414","1":"product","2":"type-product","3":"status-publish","4":"has-post-thumbnail","6":"product_cat-contes-fablas-oc","7":"product_cat-libres-oc","8":"product_cat-literatura-oc","9":"pa_auteur-amades-joan-oc","10":"pa_editeur-garae-hesiode-oc","11":"pa_editeur-pu-mirail-oc","12":"pa_illustrateur-albert-llorca-marlene-oc-1","13":"pa_langue-francais-oc","14":"entry","16":"first","17":"instock","18":"shipping-taxable","19":"purchasable","20":"product-type-simple"},"acf":[],"_links":{"self":[{"href":"https:\/\/www.libraria-occitana.org\/oc\/wp-json\/wp\/v2\/product\/34414","targetHints":{"allow":["GET"]}}],"collection":[{"href":"https:\/\/www.libraria-occitana.org\/oc\/wp-json\/wp\/v2\/product"}],"about":[{"href":"https:\/\/www.libraria-occitana.org\/oc\/wp-json\/wp\/v2\/types\/product"}],"wp:featuredmedia":[{"embeddable":true,"href":"https:\/\/www.libraria-occitana.org\/oc\/wp-json\/wp\/v2\/media\/38171"}],"wp:attachment":[{"href":"https:\/\/www.libraria-occitana.org\/oc\/wp-json\/wp\/v2\/media?parent=34414"}],"wp:term":[{"taxonomy":"product_brand","embeddable":true,"href":"https:\/\/www.libraria-occitana.org\/oc\/wp-json\/wp\/v2\/product_brand?post=34414"},{"taxonomy":"product_cat","embeddable":true,"href":"https:\/\/www.libraria-occitana.org\/oc\/wp-json\/wp\/v2\/product_cat?post=34414"},{"taxonomy":"product_tag","embeddable":true,"href":"https:\/\/www.libraria-occitana.org\/oc\/wp-json\/wp\/v2\/product_tag?post=34414"}],"curies":[{"name":"wp","href":"https:\/\/api.w.org\/{rel}","templated":true}]}}