{"id":34417,"date":"2010-06-06T12:24:17","date_gmt":"2010-06-06T10:24:17","guid":{"rendered":"http:\/\/www.libraria-occitana.org\/?post_type=product&#038;p=34417\/"},"modified":"2026-04-26T01:41:57","modified_gmt":"2026-04-25T23:41:57","slug":"del-cap-de-la-rocanegra-au-fil-des-souvenirs-quatre-generations-de-musiciens-dauvergne-libre-cd","status":"publish","type":"product","link":"https:\/\/www.libraria-occitana.org\/oc\/produch\/del-cap-de-la-rocanegra-au-fil-des-souvenirs-quatre-generations-de-musiciens-dauvergne-libre-cd\/","title":{"rendered":"Del Cap de la Rocanegra&#8230; au fil des souvenirs : \u00ab Quatre g\u00e9n\u00e9rations de musiciens d&#8217;Auvergne \u00bb (libre + CD)"},"content":{"rendered":"<p>Roman autobiographique. Contient 1 CD.<\/p>\n<p>Pierre Ladonne, troisi\u00e8me du nom, n\u00e9 en 1931, d\u00e9roule la vie artistique de quatre joueurs de cabrette, issus du canton de Pierrefort dans le Cantal et de la colonie auvergnate de Paris. Il nous fait partager leur quotidien et leur parcours initiatique nourris de m\u00e9lodies des plus grands joueurs de cornemuse de l&#8217;\u00e9poque (Antoine Bouscatel, Victor Allard,&#8230;). L&#8217;\u00e9l\u00e8ve devenu ma\u00eetre grave aujourd&#8217;hui sur papier une aventure \u00e0 d\u00e9couvrir qui, jusque l\u00e0, ne f\u00fbt transmise que de m\u00e9moires en m\u00e9moires&#8230;<\/p>\n","protected":false},"excerpt":{"rendered":"<p>Roman autobiographique. Contient 1 CD. Pierre Ladonne, troisi\u00e8me du nom, n\u00e9 en 1931, d\u00e9roule la vie artistique de quatre joueurs de cabrette, issus du canton de Pierrefort dans le Cantal et de la colonie auvergnate de Paris. Il nous fait partager leur quotidien et leur parcours initiatique nourris de m\u00e9lodies des plus grands joueurs de [&hellip;]<\/p>\n","protected":false},"featured_media":50819,"template":"","meta":{"_acf_changed":false,"_genesis_hide_title":false,"_genesis_hide_breadcrumbs":false,"_genesis_hide_singular_image":false,"_genesis_hide_footer_widgets":false,"_genesis_custom_body_class":"","_genesis_custom_post_class":"","_genesis_layout":""},"product_brand":[],"product_cat":[7195,7133,7191],"product_tag":[],"class_list":{"0":"post-34417","1":"product","2":"type-product","3":"status-publish","4":"has-post-thumbnail","6":"product_cat-estudis-oc","7":"product_cat-libres-oc","8":"product_cat-musica-danca-oc","9":"pa_auteur-ladonne-pierre-oc","10":"pa_editeur-amta-oc","11":"pa_langue-francais-oc","12":"entry","14":"first","15":"instock","16":"shipping-taxable","17":"purchasable","18":"product-type-simple"},"acf":[],"_links":{"self":[{"href":"https:\/\/www.libraria-occitana.org\/oc\/wp-json\/wp\/v2\/product\/34417","targetHints":{"allow":["GET"]}}],"collection":[{"href":"https:\/\/www.libraria-occitana.org\/oc\/wp-json\/wp\/v2\/product"}],"about":[{"href":"https:\/\/www.libraria-occitana.org\/oc\/wp-json\/wp\/v2\/types\/product"}],"wp:featuredmedia":[{"embeddable":true,"href":"https:\/\/www.libraria-occitana.org\/oc\/wp-json\/wp\/v2\/media\/50819"}],"wp:attachment":[{"href":"https:\/\/www.libraria-occitana.org\/oc\/wp-json\/wp\/v2\/media?parent=34417"}],"wp:term":[{"taxonomy":"product_brand","embeddable":true,"href":"https:\/\/www.libraria-occitana.org\/oc\/wp-json\/wp\/v2\/product_brand?post=34417"},{"taxonomy":"product_cat","embeddable":true,"href":"https:\/\/www.libraria-occitana.org\/oc\/wp-json\/wp\/v2\/product_cat?post=34417"},{"taxonomy":"product_tag","embeddable":true,"href":"https:\/\/www.libraria-occitana.org\/oc\/wp-json\/wp\/v2\/product_tag?post=34417"}],"curies":[{"name":"wp","href":"https:\/\/api.w.org\/{rel}","templated":true}]}}