{"id":34502,"date":"2003-11-25T14:33:31","date_gmt":"2003-11-25T13:33:31","guid":{"rendered":"http:\/\/www.libraria-occitana.org\/?post_type=product&#038;p=34502\/"},"modified":"2026-04-29T03:31:19","modified_gmt":"2026-04-29T01:31:19","slug":"contes-licencieux-de-laquitaine-contribution-au-folklore-erotique-1","status":"publish","type":"product","link":"https:\/\/www.libraria-occitana.org\/oc\/produch\/contes-licencieux-de-laquitaine-contribution-au-folklore-erotique-1\/","title":{"rendered":"Contes licencieux de l&#8217;Aquitaine : Contribution au folklore \u00e9rotique 1"},"content":{"rendered":"<p>Les contes et les fables ont longtemps fait r\u00eaver, tout au long des veill\u00e9es, des auditoires o\u00f9 les enfants se m\u00ealaient aux adultes&#8230; mais, \u00e0 l&#8217;heure tardive, le ton changeait : la berg\u00e8re maniait une curieuse houlette, le cur\u00e9 sonnait un autre carillon, les maris tromp\u00e9s ou les nigauds embarrass\u00e9s par leur nuit de noces devenaient les acteurs de r\u00e9cits fac\u00e9tieux et \u00e9rotiques, de fabliaux que les collecteurs ont souvent m\u00e9pris\u00e9s tant ils entendaient donner du peuple une image \u00e9pur\u00e9e et idyllique.<\/p>\n<p>Pourtant, en 1907, paraissent sous la signature de Galiot et Cercamons, les <em>Contes Licencieux de l&#8217;Aquitaine<\/em>. Le pseudonyme cache un instituteur du Tarn-et-Garonne, d\u00e9j\u00e0 tr\u00e8s connu pour son \u0153uvre po\u00e9tique, Antonin Perbosc. Ces contes populaires sont le fruit de recherches dans le Toulousain et les r\u00e9gions avoisinantes, l&#8217;ethnographe conservant aux textes qu&#8217;il traduit, les tournures languedociennes ou gasconnes qui en font tout le sel.<\/p>\n<p>Cet ouvrage, tir\u00e9 \u00e0 tr\u00e8s peu d&#8217;exemplaires et diffus\u00e9 confidentiellement, est aussit\u00f4t devenu introuvable. Cette r\u00e9impression, enrichie d&#8217;une pr\u00e9face, permettra de red\u00e9couvrir un aspect essentiel de la tradition orale m\u00e9ridionale ; le deuxi\u00e8me volume, <a href=\"http:\/\/www.libraria-occitana.org\/produit\/lanneau-magique-nouveaux-contes-licencieux-de-laquitaine-2\/\"><em>L&#8217;Anneau magique<\/em><\/a>, exclusivement compos\u00e9 d&#8217;in\u00e9dits est accompagn\u00e9 d&#8217;un index. Ainsi est mise \u00e0 la disposition du public et des chercheurs, l&#8217;une des plus importantes collectes europ\u00e9ennes de narrations \u00e9rotiques.<\/p>\n","protected":false},"excerpt":{"rendered":"<p>Les contes et les fables ont longtemps fait r\u00eaver, tout au long des veill\u00e9es, des auditoires o\u00f9 les enfants se m\u00ealaient aux adultes&#8230; mais, \u00e0 l&#8217;heure tardive, le ton changeait : la berg\u00e8re maniait une curieuse houlette, le cur\u00e9 sonnait un autre carillon, les maris tromp\u00e9s ou les nigauds embarrass\u00e9s par leur nuit de noces [&hellip;]<\/p>\n","protected":false},"featured_media":42880,"template":"","meta":{"_acf_changed":false,"_genesis_hide_title":false,"_genesis_hide_breadcrumbs":false,"_genesis_hide_singular_image":false,"_genesis_hide_footer_widgets":false,"_genesis_custom_body_class":"","_genesis_custom_post_class":"","_genesis_layout":""},"product_brand":[],"product_cat":[7177,7133,7175],"product_tag":[],"class_list":{"0":"post-34502","1":"product","2":"type-product","3":"status-publish","4":"has-post-thumbnail","6":"product_cat-contes-fablas-oc","7":"product_cat-libres-oc","8":"product_cat-literatura-oc","9":"pa_auteur-perbosc-antonin-oc","10":"pa_editeur-garae-hesiode-oc","11":"pa_illustrateur-bru-josiana-bru-josiane-oc","12":"pa_langue-francais-oc","13":"entry","15":"first","16":"instock","17":"shipping-taxable","18":"purchasable","19":"product-type-simple"},"acf":[],"_links":{"self":[{"href":"https:\/\/www.libraria-occitana.org\/oc\/wp-json\/wp\/v2\/product\/34502","targetHints":{"allow":["GET"]}}],"collection":[{"href":"https:\/\/www.libraria-occitana.org\/oc\/wp-json\/wp\/v2\/product"}],"about":[{"href":"https:\/\/www.libraria-occitana.org\/oc\/wp-json\/wp\/v2\/types\/product"}],"wp:featuredmedia":[{"embeddable":true,"href":"https:\/\/www.libraria-occitana.org\/oc\/wp-json\/wp\/v2\/media\/42880"}],"wp:attachment":[{"href":"https:\/\/www.libraria-occitana.org\/oc\/wp-json\/wp\/v2\/media?parent=34502"}],"wp:term":[{"taxonomy":"product_brand","embeddable":true,"href":"https:\/\/www.libraria-occitana.org\/oc\/wp-json\/wp\/v2\/product_brand?post=34502"},{"taxonomy":"product_cat","embeddable":true,"href":"https:\/\/www.libraria-occitana.org\/oc\/wp-json\/wp\/v2\/product_cat?post=34502"},{"taxonomy":"product_tag","embeddable":true,"href":"https:\/\/www.libraria-occitana.org\/oc\/wp-json\/wp\/v2\/product_tag?post=34502"}],"curies":[{"name":"wp","href":"https:\/\/api.w.org\/{rel}","templated":true}]}}