{"id":34515,"date":"2006-12-12T20:05:03","date_gmt":"2006-12-12T19:05:03","guid":{"rendered":"http:\/\/www.libraria-occitana.org\/?post_type=product&#038;p=34515\/"},"modified":"2026-04-03T05:41:21","modified_gmt":"2026-04-03T03:41:21","slug":"conserver-restaurer-valoriser-le-bati-creusois-ancien","status":"publish","type":"product","link":"https:\/\/www.libraria-occitana.org\/oc\/produch\/conserver-restaurer-valoriser-le-bati-creusois-ancien\/","title":{"rendered":"Conserver, restaurer &#038; valoriser le b\u00e2ti creusois ancien"},"content":{"rendered":"<p>Cet ouvrage, con\u00e7u comme un guide d&#8217;aide \u00e0 la restauration du b\u00e2ti ancien creusois, s&#8217;adresse \u00e0 tous ceux, collectivit\u00e9s locales, professionnels et particuliers qui interviennent sur le cadre de vie.<\/p>\n<p>Les solutions techniques qui r\u00e9pondent aux nombreux probl\u00e8mes li\u00e9s \u00e0 ce type d&#8217;intervention sont trait\u00e9es ici de fa\u00e7on simple et pratique et abondamment illustr\u00e9es par des dessins, croquis et photos.<\/p>\n<p>La mise en \u0153uvre de chaque \u00e9l\u00e9ment constitutif de ce b\u00e2ti fait ici l&#8217;objet d&#8217;une \u00e9tude approfondie tout en pr\u00e9sentant les pi\u00e8ges \u00e0 \u00e9viter pour une restauration respectueuse de la construction d&#8217;origine.<\/p>\n","protected":false},"excerpt":{"rendered":"<p>Cet ouvrage, con\u00e7u comme un guide d&#8217;aide \u00e0 la restauration du b\u00e2ti ancien creusois, s&#8217;adresse \u00e0 tous ceux, collectivit\u00e9s locales, professionnels et particuliers qui interviennent sur le cadre de vie. Les solutions techniques qui r\u00e9pondent aux nombreux probl\u00e8mes li\u00e9s \u00e0 ce type d&#8217;intervention sont trait\u00e9es ici de fa\u00e7on simple et pratique et abondamment illustr\u00e9es par [&hellip;]<\/p>\n","protected":false},"featured_media":56582,"template":"","meta":{"_acf_changed":false,"_genesis_hide_title":false,"_genesis_hide_breadcrumbs":false,"_genesis_hide_singular_image":false,"_genesis_hide_footer_widgets":false,"_genesis_custom_body_class":"","_genesis_custom_post_class":"","_genesis_layout":""},"product_brand":[],"product_cat":[7133,7215,7207],"product_tag":[],"class_list":{"0":"post-34515","1":"product","2":"type-product","3":"status-publish","4":"has-post-thumbnail","6":"product_cat-libres-oc","7":"product_cat-patrimoni-bastit-oc","8":"product_cat-tradicions-patrimoni-oc","9":"pa_auteur-conservation-departementale-du-patrimoine-de-la-creuse-oc","10":"pa_editeur-verso-oc","11":"pa_langue-francais-oc","12":"entry","14":"first","15":"instock","16":"shipping-taxable","17":"purchasable","18":"product-type-simple"},"acf":[],"_links":{"self":[{"href":"https:\/\/www.libraria-occitana.org\/oc\/wp-json\/wp\/v2\/product\/34515","targetHints":{"allow":["GET"]}}],"collection":[{"href":"https:\/\/www.libraria-occitana.org\/oc\/wp-json\/wp\/v2\/product"}],"about":[{"href":"https:\/\/www.libraria-occitana.org\/oc\/wp-json\/wp\/v2\/types\/product"}],"wp:featuredmedia":[{"embeddable":true,"href":"https:\/\/www.libraria-occitana.org\/oc\/wp-json\/wp\/v2\/media\/56582"}],"wp:attachment":[{"href":"https:\/\/www.libraria-occitana.org\/oc\/wp-json\/wp\/v2\/media?parent=34515"}],"wp:term":[{"taxonomy":"product_brand","embeddable":true,"href":"https:\/\/www.libraria-occitana.org\/oc\/wp-json\/wp\/v2\/product_brand?post=34515"},{"taxonomy":"product_cat","embeddable":true,"href":"https:\/\/www.libraria-occitana.org\/oc\/wp-json\/wp\/v2\/product_cat?post=34515"},{"taxonomy":"product_tag","embeddable":true,"href":"https:\/\/www.libraria-occitana.org\/oc\/wp-json\/wp\/v2\/product_tag?post=34515"}],"curies":[{"name":"wp","href":"https:\/\/api.w.org\/{rel}","templated":true}]}}