{"id":34547,"date":"2006-05-26T19:36:49","date_gmt":"2006-05-26T17:36:49","guid":{"rendered":"http:\/\/www.libraria-occitana.org\/?post_type=product&#038;p=34547\/"},"modified":"2026-04-21T06:11:20","modified_gmt":"2026-04-21T04:11:20","slug":"charmeurs-doiseaux-et-siffleurs-de-danses-2","status":"publish","type":"product","link":"https:\/\/www.libraria-occitana.org\/oc\/produch\/charmeurs-doiseaux-et-siffleurs-de-danses-2\/","title":{"rendered":"Charmeurs d&#8217;oiseaux et siffleurs de danses"},"content":{"rendered":"<p>Depuis plus de 25 ans, Daniel Loddo et Xavier Vidal parcourent le Rouergue, le Quercy, l&#8217;Albigeois et le Lauragais (Occitanie) \u00e0 la recherche de nos racines musicales. Au cours de leurs enqu\u00eates sur les traditions orales de cette r\u00e9gion, ils ont souvent \u00e9t\u00e9 confront\u00e9s \u00e0 des siffleurs : siffleurs de danses et charmeurs ou imitateurs d&#8217;oiseaux, siffleurs pour appeler les b\u00eates, pour les faire boire, etc&#8230;<\/p>\n<p>Ce livre-disque compact (publi\u00e9 pour le premi\u00e8re fois en 1992) contient des enregistrements et des t\u00e9moignages surprenants qui nous font d\u00e9couvrir un monde m\u00e9connu, celui des imitateurs et des charmeurs d&#8217;oiseaux. Vous y trouverez en plus des nombreuses imitations, des chansons, des mimologismes, des r\u00e9cits, caract\u00e9ristiques des relations que les hommes entretiennent avec les oiseaux depuis le d\u00e9but des temps&#8230;<\/p>\n","protected":false},"excerpt":{"rendered":"<p>Depuis plus de 25 ans, Daniel Loddo et Xavier Vidal parcourent le Rouergue, le Quercy, l&#8217;Albigeois et le Lauragais (Occitanie) \u00e0 la recherche de nos racines musicales. Au cours de leurs enqu\u00eates sur les traditions orales de cette r\u00e9gion, ils ont souvent \u00e9t\u00e9 confront\u00e9s \u00e0 des siffleurs : siffleurs de danses et charmeurs ou imitateurs [&hellip;]<\/p>\n","protected":false},"featured_media":42982,"template":"","meta":{"_acf_changed":false,"_genesis_hide_title":false,"_genesis_hide_breadcrumbs":false,"_genesis_hide_singular_image":false,"_genesis_hide_footer_widgets":false,"_genesis_custom_body_class":"","_genesis_custom_post_class":"","_genesis_layout":""},"product_brand":[],"product_cat":[16683,7237],"product_tag":[],"class_list":{"0":"post-34547","1":"product","2":"type-product","3":"status-publish","4":"has-post-thumbnail","6":"product_cat-musica-oc","7":"product_cat-tradicion-oc","8":"pa_auteur-loddo-daniel-oc","9":"pa_auteur-vidal-xavier-oc","10":"pa_editeur-cordae-la-talvera-oc","11":"pa_langue-francais-oc","12":"pa_langue-occitan-oc","13":"pa_langue-occitan-lengadocian-oc","14":"entry","16":"first","17":"instock","18":"shipping-taxable","19":"purchasable","20":"product-type-simple"},"acf":[],"_links":{"self":[{"href":"https:\/\/www.libraria-occitana.org\/oc\/wp-json\/wp\/v2\/product\/34547","targetHints":{"allow":["GET"]}}],"collection":[{"href":"https:\/\/www.libraria-occitana.org\/oc\/wp-json\/wp\/v2\/product"}],"about":[{"href":"https:\/\/www.libraria-occitana.org\/oc\/wp-json\/wp\/v2\/types\/product"}],"wp:featuredmedia":[{"embeddable":true,"href":"https:\/\/www.libraria-occitana.org\/oc\/wp-json\/wp\/v2\/media\/42982"}],"wp:attachment":[{"href":"https:\/\/www.libraria-occitana.org\/oc\/wp-json\/wp\/v2\/media?parent=34547"}],"wp:term":[{"taxonomy":"product_brand","embeddable":true,"href":"https:\/\/www.libraria-occitana.org\/oc\/wp-json\/wp\/v2\/product_brand?post=34547"},{"taxonomy":"product_cat","embeddable":true,"href":"https:\/\/www.libraria-occitana.org\/oc\/wp-json\/wp\/v2\/product_cat?post=34547"},{"taxonomy":"product_tag","embeddable":true,"href":"https:\/\/www.libraria-occitana.org\/oc\/wp-json\/wp\/v2\/product_tag?post=34547"}],"curies":[{"name":"wp","href":"https:\/\/api.w.org\/{rel}","templated":true}]}}