{"id":34552,"date":"1996-08-03T17:42:08","date_gmt":"1996-08-03T15:42:08","guid":{"rendered":"http:\/\/www.libraria-occitana.org\/?post_type=product&#038;p=34552\/"},"modified":"2026-04-29T05:32:06","modified_gmt":"2026-04-29T03:32:06","slug":"chansons-enfantines-en-langue-doc","status":"publish","type":"product","link":"https:\/\/www.libraria-occitana.org\/oc\/produch\/chansons-enfantines-en-langue-doc\/","title":{"rendered":"Chansons enfantines en langue d&#8217;oc"},"content":{"rendered":"<p>Les 18 plus grands succ\u00e8s de l\u2019enfance adapt\u00e9s et chant\u00e9s par Patric : \u00c0 la claire fontaine, Au clair de la lune, La m\u00e8re Michel, Il \u00e9tait un petit navire, Sur le pont d\u2019Avignon, Alouette, Fr\u00e8re Jacques, etc&#8230;<\/p>\n<p><strong>Titres :<\/strong><br \/>\n1. Au clar de la luna<br \/>\n2. Piro\u00e8ta virol\u00e8ta<br \/>\n3. A la font clara<br \/>\n4. Tres musicians<br \/>\n5. Sus lo pont d&#8217;Avinhon<br \/>\n6. Fai n\u00f2n\u00f2 C\u00f2las<br \/>\n7. Calandr\u00e8ta<br \/>\n8. La Maire Miqu\u00e8l<br \/>\n9. Fraire Jaume<br \/>\n10. I avi\u00e0 un pichonet naviri<br \/>\n11. Dins mon jardin<br \/>\n12. Atal fai fai fai<br \/>\n13. Pr\u00f2che de ma blonda<br \/>\n14. Sabem plantar los caulets<br \/>\n15. En passant per Occit\u00e0nia<br \/>\n16. Dansem la capochina<br \/>\n17. I avi\u00e0 una bergi\u00e8ra<br \/>\n18. Una rata verda<\/p>\n","protected":false},"excerpt":{"rendered":"<p>Les 18 plus grands succ\u00e8s de l\u2019enfance adapt\u00e9s et chant\u00e9s par Patric : \u00c0 la claire fontaine, Au clair de la lune, La m\u00e8re Michel, Il \u00e9tait un petit navire, Sur le pont d\u2019Avignon, Alouette, Fr\u00e8re Jacques, etc&#8230; Titres : 1. Au clar de la luna 2. Piro\u00e8ta virol\u00e8ta 3. A la font clara 4. [&hellip;]<\/p>\n","protected":false},"featured_media":42589,"template":"","meta":{"_acf_changed":false,"_genesis_hide_title":false,"_genesis_hide_breadcrumbs":false,"_genesis_hide_singular_image":false,"_genesis_hide_footer_widgets":false,"_genesis_custom_body_class":"","_genesis_custom_post_class":"","_genesis_layout":""},"product_brand":[],"product_cat":[7223,16683],"product_tag":[],"class_list":{"0":"post-34552","1":"product","2":"type-product","3":"status-publish","4":"has-post-thumbnail","6":"product_cat-jounessa-oc","7":"product_cat-musica-oc","8":"pa_auteur-patric-oc","9":"pa_editeur-occitania-produccions-oc","10":"pa_langue-occitan-oc","11":"pa_langue-occitan-lengadocian-oc","12":"entry","14":"first","15":"outofstock","16":"shipping-taxable","17":"purchasable","18":"product-type-simple"},"acf":[],"_links":{"self":[{"href":"https:\/\/www.libraria-occitana.org\/oc\/wp-json\/wp\/v2\/product\/34552","targetHints":{"allow":["GET"]}}],"collection":[{"href":"https:\/\/www.libraria-occitana.org\/oc\/wp-json\/wp\/v2\/product"}],"about":[{"href":"https:\/\/www.libraria-occitana.org\/oc\/wp-json\/wp\/v2\/types\/product"}],"wp:featuredmedia":[{"embeddable":true,"href":"https:\/\/www.libraria-occitana.org\/oc\/wp-json\/wp\/v2\/media\/42589"}],"wp:attachment":[{"href":"https:\/\/www.libraria-occitana.org\/oc\/wp-json\/wp\/v2\/media?parent=34552"}],"wp:term":[{"taxonomy":"product_brand","embeddable":true,"href":"https:\/\/www.libraria-occitana.org\/oc\/wp-json\/wp\/v2\/product_brand?post=34552"},{"taxonomy":"product_cat","embeddable":true,"href":"https:\/\/www.libraria-occitana.org\/oc\/wp-json\/wp\/v2\/product_cat?post=34552"},{"taxonomy":"product_tag","embeddable":true,"href":"https:\/\/www.libraria-occitana.org\/oc\/wp-json\/wp\/v2\/product_tag?post=34552"}],"curies":[{"name":"wp","href":"https:\/\/api.w.org\/{rel}","templated":true}]}}