{"id":34565,"date":"2005-04-23T21:20:01","date_gmt":"2005-04-23T19:20:01","guid":{"rendered":"http:\/\/www.libraria-occitana.org\/?post_type=product&#038;p=34565\/"},"modified":"2026-04-20T06:26:37","modified_gmt":"2026-04-20T04:26:37","slug":"champeiradas","status":"publish","type":"product","link":"https:\/\/www.libraria-occitana.org\/oc\/produch\/champeiradas\/","title":{"rendered":"Champeiradas"},"content":{"rendered":"<p>Aquelas novelas, que van do\u00e0s per do\u00e0s, nos parlan d&#8217;aquelas lengas oblidadas que fan la richessa delh monde ont essaiam de viure. De nov\u00e8las ont las lengas son d&#8217;en promi\u00e8r &#8220;lo ben d&#8217;aquelos que las parlan&#8221;. Un viatge uman dins lo c\u00f2r de la diversitat culturala d&#8217;Eur\u00f2pa.<\/p>\n<p><strong>Champeirar :<\/strong> rodar pelh camp\u00e8stre, un autre biais d&#8217;\u00e8sser sus la tauvena (la talvera).<\/p>\n","protected":false},"excerpt":{"rendered":"<p>Aquelas novelas, que van do\u00e0s per do\u00e0s, nos parlan d&#8217;aquelas lengas oblidadas que fan la richessa delh monde ont essaiam de viure. De nov\u00e8las ont las lengas son d&#8217;en promi\u00e8r &#8220;lo ben d&#8217;aquelos que las parlan&#8221;. Un viatge uman dins lo c\u00f2r de la diversitat culturala d&#8217;Eur\u00f2pa. Champeirar : rodar pelh camp\u00e8stre, un autre biais [&hellip;]<\/p>\n","protected":false},"featured_media":42870,"template":"","meta":{"_acf_changed":false,"_genesis_hide_title":false,"_genesis_hide_breadcrumbs":false,"_genesis_hide_singular_image":false,"_genesis_hide_footer_widgets":false,"_genesis_custom_body_class":"","_genesis_custom_post_class":"","_genesis_layout":""},"product_brand":[],"product_cat":[7133,7175,7183],"product_tag":[],"class_list":{"0":"post-34565","1":"product","2":"type-product","3":"status-publish","4":"has-post-thumbnail","6":"product_cat-libres-oc","7":"product_cat-literatura-oc","8":"product_cat-romans-novelas-oc","9":"pa_auteur-ros-joan-auv-oc","10":"pa_editeur-ieo-fr-oc","11":"pa_langue-occitan-oc","12":"pa_langue-occitan-auvernhat-oc","13":"entry","15":"first","16":"instock","17":"shipping-taxable","18":"purchasable","19":"product-type-simple"},"acf":[],"_links":{"self":[{"href":"https:\/\/www.libraria-occitana.org\/oc\/wp-json\/wp\/v2\/product\/34565","targetHints":{"allow":["GET"]}}],"collection":[{"href":"https:\/\/www.libraria-occitana.org\/oc\/wp-json\/wp\/v2\/product"}],"about":[{"href":"https:\/\/www.libraria-occitana.org\/oc\/wp-json\/wp\/v2\/types\/product"}],"wp:featuredmedia":[{"embeddable":true,"href":"https:\/\/www.libraria-occitana.org\/oc\/wp-json\/wp\/v2\/media\/42870"}],"wp:attachment":[{"href":"https:\/\/www.libraria-occitana.org\/oc\/wp-json\/wp\/v2\/media?parent=34565"}],"wp:term":[{"taxonomy":"product_brand","embeddable":true,"href":"https:\/\/www.libraria-occitana.org\/oc\/wp-json\/wp\/v2\/product_brand?post=34565"},{"taxonomy":"product_cat","embeddable":true,"href":"https:\/\/www.libraria-occitana.org\/oc\/wp-json\/wp\/v2\/product_cat?post=34565"},{"taxonomy":"product_tag","embeddable":true,"href":"https:\/\/www.libraria-occitana.org\/oc\/wp-json\/wp\/v2\/product_tag?post=34565"}],"curies":[{"name":"wp","href":"https:\/\/api.w.org\/{rel}","templated":true}]}}